{"id":128,"date":"2025-11-26T12:08:58","date_gmt":"2025-11-26T12:08:58","guid":{"rendered":"https:\/\/invanep.com\/congreso-2026\/?page_id=128"},"modified":"2025-11-27T14:36:01","modified_gmt":"2025-11-27T14:36:01","slug":"aviso-legal","status":"publish","type":"page","link":"https:\/\/invanep.com\/congreso-2026\/aviso-legal\/","title":{"rendered":"AVISO LEGAL"},"content":{"rendered":"<p>[et_pb_section fb_built=\u00bb1&#8243; _builder_version=\u00bb4.17.4&#8243; _module_preset=\u00bbdefault\u00bb background_image=\u00bbhttps:\/\/invanep.com\/congreso-2026\/wp-content\/uploads\/2025\/11\/BANNER-INVANEP-2026.jpg\u00bb global_colors_info=\u00bb{}\u00bb global_module=\u00bb481&#8243; theme_builder_area=\u00bbpost_content\u00bb][et_pb_row column_structure=\u00bb1_5,3_5,1_5&#8243; _builder_version=\u00bb4.17.4&#8243; _module_preset=\u00bbdefault\u00bb global_colors_info=\u00bb{}\u00bb theme_builder_area=\u00bbpost_content\u00bb][et_pb_column type=\u00bb1_5&#8243; _builder_version=\u00bb4.17.4&#8243; _module_preset=\u00bbdefault\u00bb global_colors_info=\u00bb{}\u00bb theme_builder_area=\u00bbpost_content\u00bb][\/et_pb_column][et_pb_column type=\u00bb3_5&#8243; _builder_version=\u00bb4.17.4&#8243; _module_preset=\u00bbdefault\u00bb background_color=\u00bb#ffffff\u00bb custom_padding=\u00bb26px|20px|26px|20px|true|true\u00bb border_radii=\u00bbon|24px|24px|24px|24px\u00bb box_shadow_style=\u00bbpreset1&#8243; global_colors_info=\u00bb{}\u00bb theme_builder_area=\u00bbpost_content\u00bb][et_pb_image src=\u00bbhttps:\/\/invanep.com\/congreso-2026\/wp-content\/uploads\/2025\/11\/titulo-scaled.png\u00bb title_text=\u00bbtitulo\u00bb align=\u00bbcenter\u00bb _builder_version=\u00bb4.17.4&#8243; _module_preset=\u00bbdefault\u00bb background_color=\u00bbRGBA(255,255,255,0)\u00bb positioning=\u00bbrelative\u00bb width=\u00bb92%\u00bb max_width=\u00bb500%\u00bb global_colors_info=\u00bb{}\u00bb theme_builder_area=\u00bbpost_content\u00bb][\/et_pb_image][et_pb_text _builder_version=\u00bb4.17.4&#8243; _module_preset=\u00bbdefault\u00bb global_colors_info=\u00bb{}\u00bb theme_builder_area=\u00bbpost_content\u00bb]<\/p>\n<h2 style=\"text-align: center;\"><span style=\"color: #000080;\"><strong>Valencia, 6 y 7 de marzo de 2026<\/strong><\/span><\/h2>\n<h4 style=\"text-align: center;\">Jornadas de tarde (d\u00eda 6) y de ma\u00f1ana (d\u00eda 8). <span style=\"color: #f29127;\">PRESENCIAL \/ ON LINE<\/span>.<\/h4>\n<p>[\/et_pb_text][\/et_pb_column][et_pb_column type=\u00bb1_5&#8243; _builder_version=\u00bb4.17.4&#8243; _module_preset=\u00bbdefault\u00bb global_colors_info=\u00bb{}\u00bb theme_builder_area=\u00bbpost_content\u00bb][\/et_pb_column][\/et_pb_row][\/et_pb_section][et_pb_section fb_built=\u00bb1&#8243; _builder_version=\u00bb4.17.4&#8243; _module_preset=\u00bbdefault\u00bb custom_padding=\u00bb||0px|||\u00bb global_colors_info=\u00bb{}\u00bb][et_pb_row _builder_version=\u00bb4.17.4&#8243; _module_preset=\u00bbdefault\u00bb global_module=\u00bb387&#8243; global_colors_info=\u00bb{}\u00bb][et_pb_column type=\u00bb4_4&#8243; _builder_version=\u00bb4.17.4&#8243; _module_preset=\u00bbdefault\u00bb global_colors_info=\u00bb{}\u00bb][et_pb_post_title meta=\u00bboff\u00bb featured_image=\u00bboff\u00bb _builder_version=\u00bb4.17.4&#8243; _module_preset=\u00bbdefault\u00bb title_font=\u00bbABeeZee||||||||\u00bb title_text_color=\u00bb#00208a\u00bb title_font_size=\u00bb38px\u00bb border_width_bottom=\u00bb3px\u00bb border_color_bottom=\u00bb#f29027&#8243; global_colors_info=\u00bb{}\u00bb][\/et_pb_post_title][\/et_pb_column][\/et_pb_row][\/et_pb_section][et_pb_section fb_built=\u00bb1&#8243; _builder_version=\u00bb4.17.4&#8243; _module_preset=\u00bbdefault\u00bb custom_padding=\u00bb12px|||||\u00bb global_colors_info=\u00bb{}\u00bb][et_pb_row _builder_version=\u00bb4.17.4&#8243; _module_preset=\u00bbdefault\u00bb global_colors_info=\u00bb{}\u00bb][et_pb_column type=\u00bb4_4&#8243; _builder_version=\u00bb4.17.4&#8243; _module_preset=\u00bbdefault\u00bb global_colors_info=\u00bb{}\u00bb][et_pb_text _builder_version=\u00bb4.17.4&#8243; _module_preset=\u00bbdefault\u00bb text_text_color=\u00bb#666666&#8243; text_font_size=\u00bb16px\u00bb text_line_height=\u00bb1.6em\u00bb link_text_color=\u00bb#00208a\u00bb header_3_text_color=\u00bb#00208a\u00bb header_3_font_size=\u00bb20px\u00bb global_colors_info=\u00bb{}\u00bb]<\/p>\n<div class=\"et_pb_module et_pb_text et_pb_text_1  et_pb_text_align_left et_pb_bg_layout_light\">\n<div class=\"et_pb_text_inner\">\n<p>En THEORIA CONGRESOS, nos preocupamos por la privacidad y la transparencia.<br \/>En este enlace le indicamos en detalle los tratamientos de datos personales que realizamos, as\u00ed como toda la informaci\u00f3n relativa a los mismos<span>: <a href=\"https:\/\/invanep.com\/congreso-2026\/politica-de-privacidad\/\" target=\"_blank\" rel=\"noopener\">https:\/\/invanep.com\/congreso-2026\/politica-de-privacidad\/<\/a><\/span><\/p>\n<h3><strong>Condiciones legales<\/strong><\/h3>\n<p>De acuerdo con el art\u00edculo 10 de la Ley 34\/2002, de 11 de julio, de Servicios de la Sociedad de la Informaci\u00f3n y de Comercio Electr\u00f3nico informamos de nuestros datos fiscales a todo aqu\u00e9l visitante de nuestra web:<\/p>\n<ul>\n<li>Su denominaci\u00f3n social es: THEORIA CONGRESOS, S.L.<\/li>\n<li>Su CIF es: B98652308<\/li>\n<li>Su domicilio social est\u00e1 en: CL GASC\u00d3 OLIAG, 6 ESCALERA C PUERTA 4 \u2013 46010 \u2013 VALENCIA<\/li>\n<li>Registro Mercantil de Valencia tomo 9819, folio 56, inscripci\u00f3n 1 con hoja V-160380.<\/li>\n<\/ul>\n<p>Para comunicarse con nosotros, ponemos a su disposici\u00f3n diferentes medios de contacto que detallamos a continuaci\u00f3n:<\/p>\n<ul>\n<li>Tfno: 960728212<\/li>\n<li>Email:<span>\u00a0<\/span><a href=\"mailto: info@theoriacongresos.com\" target=\"_blank\" rel=\"noopener\"> info@theoriacongresos.com<\/a><\/li>\n<\/ul>\n<p>A continuaci\u00f3n le detallamos la informaci\u00f3n relativa a la venta de inscripciones y condiciones de uso y compra de las mismas.<\/p>\n<h3><strong><\/strong><\/h3>\n<h3><strong>Condiciones de compra<\/strong><\/h3>\n<p>La organizaci\u00f3n se reserva el derecho a ofrecer descuentos en el precio de las inscripciones y a retirar los mismos seg\u00fan lo considere oportuno.<\/p>\n<p>La cuota de inscripci\u00f3n incluye:<span>\u00a0<\/span>ver cuadro cuotas<\/p>\n<p>A las cancelaciones recibidas por escrito y, confirmada su recepci\u00f3n, se realizar\u00e1 reembolso seg\u00fan la siguiente tabla:<\/p>\n<ul class=\"politica\">\n<li>Hasta 30 d\u00edas antes del primer d\u00eda de comienzo del evento se abonar\u00e1 el 80% del importe.<\/li>\n<li>Hasta 15 d\u00edas antes del primer d\u00eda de comienzo del evento se abonar\u00e1 el 50% del importe.<\/li>\n<li>Desde 14 d\u00edas antes del primer d\u00eda de comienzo del evento no se realizar\u00e1 ning\u00fan abono del importe.<\/li>\n<li>Se podr\u00e1 solicitar el cambio de nombre en la acreditaci\u00f3n hasta 10 d\u00edas antes del comienzo del evento, sin coste adicional.<\/li>\n<\/ul>\n<h2><\/h2>\n<h2><span style=\"color: #00208a;\">POL\u00cdTICA DE CAMBIOS Y DEVOLUCIONES<\/span><\/h2>\n<h3><strong><\/strong><\/h3>\n<h3><strong>Aspectos generales<\/strong><\/h3>\n<ol>\n<li><span><\/span>No se admitir\u00e1n cambios o devoluciones de las inscripciones y\/o reservas, excepto en caso de cancelaci\u00f3n o suspensi\u00f3n del Evento. Salvo los casos establecidos anteriormente, el Usuario no podr\u00e1 ejercitar el derecho de desistimiento ni de resoluci\u00f3n, de acuerdo con la normativa vigente en materia de consumo y de ordenaci\u00f3n del comercio minorista.<\/li>\n<li><span><\/span>La imposibilidad de asistir a un evento o un error al realizar la compra de la\/s inscripci\u00f3n\/es y\/o reservas (por haber introducido incorrectamente el correo electr\u00f3nico en el proceso de compra, por ejemplo) no son motivos que permitan su devoluci\u00f3n;<\/li>\n<li><span><\/span>De acuerdo con la normativa vigente en materia de consumo y de ordenaci\u00f3n del comercio minorista, el Comprador no podr\u00e1 ejercitar el derecho de desistimiento ni de resoluci\u00f3n ya que el suministro de servicios relacionados con actividades de esparcimiento est\u00e1 exceptuado de tal derecho;<\/li>\n<li><span><\/span>En caso de suspensi\u00f3n del Evento una vez transcurrido m\u00e1s de la mitad del mismo, el Comprador no tendr\u00e1 derecho al reembolso del precio de la inscripci\u00f3n.<\/li>\n<li><span><\/span>Las malas condiciones climatol\u00f3gicas no dan derecho a devoluci\u00f3n de la inscripci\u00f3n o del precio de la misma.<\/li>\n<li><span><\/span>Ante cualquier cancelaci\u00f3n o cambio que se produzca en un Evento, THEORIA CONGRESOS, S.L se compromete a (i) publicarlo en el Sitio Web, y enviar un correo electr\u00f3nico al Comprador a la direcci\u00f3n que haya indicado en el Formulario de Registro inform\u00e1ndole acerca de dicha cancelaci\u00f3n o cambio;<\/li>\n<\/ol>\n<p>La organizaci\u00f3n no reembolsar\u00e1 el importe de la\/s inscripci\u00f3n\/es y\/o reservas en ning\u00fan momento si el evento no pudiera realizarse por causas de fuerza mayor ajenas a la organizaci\u00f3n del evento, tales como desastre natural, terremoto, inundaci\u00f3n, alerta terrorista, guerra, grandes disturbios, toque de queda, alarma sanitaria, epidemia, incendio, ca\u00edda de meteoritos, inestabilidad social, etc, o cualquier causa de fuerza mayor ajena a la organizaci\u00f3n del evento que altere el normal transcurso de la vida cotidiana. Tampoco se realizar\u00e1 reembolso del importe a aquellos asistentes que no puedan asistir por causas ajenas a su voluntad y circunstancias cr\u00edticas como huelga de transportes, accidentes, enfermedad, etc. o cualquier problema ajeno a la organizaci\u00f3n del evento que impidan al asistente acudir al congreso.<\/p>\n<p>El evento podr\u00e1 ser grabados para ser emitidos en diferentes canales, de modo que los asistentes pueden ser grabados. En el caso de no querer aparecer en v\u00eddeos o grabaciones tendr\u00e1 que ser comunicado expl\u00edcitamente. Los contenidos y v\u00eddeos de las conferencias y talleres del evento son propiedad de THEORIA CONGRESOS, S.L, y su copyright pertenece a THEORIA CONGRESOS, S.L para poder publicarlos en la forma y tiempo que considere. Los asistentes podr\u00e1n subir fotograf\u00edas del evento a Internet, pero no est\u00e1 permitido grabar v\u00eddeos ni audios de las conferencias ni publicarlos en ninguna de las plataformas de v\u00eddeo existentes.<\/p>\n<p>THEORIA CONGRESOS, S.L velar\u00e1 por la correcta organizaci\u00f3n de todo el congreso y para que los proveedores de servicios y de la sede del evento cumplan con la ley y las medidas de seguridad oportunas, por lo que no nos hacemos responsables ante negligencias de otras empresas o proveedores que puedan causar alg\u00fan da\u00f1o o accidente, sea del propio edificio, de los proveedores de audiovisuales, de catering, etc. THEORIA CONGRESOS, S.L no se hace responsable si un asistente ingiere alg\u00fan alimento o bebida al que sea al\u00e9rgico, dado que el catering es el mismo para todos, y cada asistente debe conocer qu\u00e9 puede y que no puede tomar, y en caso de duda sobre la composici\u00f3n de alg\u00fan alimento debe elegir por precauci\u00f3n no tomarlo.<\/p>\n<p>Los asistentes\u00a0<strong>deber\u00e1n portar en todo momento la acreditaci\u00f3n<\/strong>\u00a0que les identifique como asistentes al evento y que se les ser\u00e1 entregada a su llegada al recinto por primera vez tras presentar su DNI. Cualquier miembro del personal del evento podr\u00e1\u00a0<strong>exigir la presentaci\u00f3n del DNI y la acreditaci\u00f3n dentro del recinto del evento<\/strong>. Si una persona no porta la acreditaci\u00f3n o se niega a identificarse con su DNI o documento similar, podr\u00e1 ser invitada a abandonar el recinto sin que ello derive en compensaci\u00f3n ninguna. Todas las acreditaciones ser\u00e1n personales e intransferibles. La duplicaci\u00f3n de la acreditaci\u00f3n o su cesi\u00f3n a otra persona no inscrita en el congreso podr\u00e1 dar lugar a la anulaci\u00f3n del derecho de asistencia al mismo sin que ello derive en compensaci\u00f3n alguna, y podr\u00e1 ser denunciado a las autoridades pertinentes por falsificaci\u00f3n de documento o uso indebido.<\/p>\n<p>La organizaci\u00f3n del evento velar\u00e1 por el orden y la seguridad dentro del recinto del congreso, pero\u00a0<strong>no se hace responsable de los bienes personales de los asistentes<\/strong>, siendo \u00e9stos los \u00fanicos responsables de los mismos, de su vigilancia y control. La organizaci\u00f3n del evento\u00a0<strong>no se har\u00e1 responsable de ning\u00fan bien personal extraviado o robado<\/strong>, aunque si guardar\u00e1 todos aquellos objetos y bienes perdidos para la devoluci\u00f3n a sus due\u00f1os si son identificados o reclaman su perdida.<\/p>\n<p>La organizaci\u00f3n siempre tendr\u00e1 la intenci\u00f3n y el objetivo de realizar un evento de calidad, poniendo todos los medios para lograrlo, pero entiende que circunstancias de las que la organizaci\u00f3n no sea responsable puedan hacer que el resultado no sea el deseado, aunque la organizaci\u00f3n tratar\u00e1 de resolver cuantos problemas o impedimentos puedan surgir para el buen funcionamiento y el discurrir del evento y velar\u00e1 por el bienestar de todos los asistentes y la satisfacci\u00f3n de los mismos.<\/p>\n<h3><strong>Recogida de datos y uso de la informaci\u00f3n<\/strong><\/h3>\n<p>Responsable: THEORIA CONGRESOS, S.L.; Finalidad: Gestionar los asistentes a los eventos y enviar invitaciones a nuevos eventos, enviar e-mails informativos sobre el congreso, as\u00ed como informaci\u00f3n y ofertas relevantes para el usuario por parte de los patrocinadores; Legitimaci\u00f3n: Consentimiento del interesado; Destinatarios: No se ceder\u00e1n datos a terceros, salvo obligaci\u00f3n legal; Derechos: Tiene derecho a acceder, rectificar y suprimir los datos, as\u00ed como otros derechos, indicados en la informaci\u00f3n adicional, que puede ejercer dirigi\u00e9ndose a la direcci\u00f3n del responsable del tratamiento; Procedencia: El propio interesado; Informaci\u00f3n adicional: En la url de la entidad<span>\u00a0<\/span><a href=\"http:\/\/www.theoriacongresos.com\/\">www.theoriacongresos.com<\/a><\/p>\n<\/div>\n<\/div>\n<p>[\/et_pb_text][\/et_pb_column][\/et_pb_row][\/et_pb_section][et_pb_section fb_built=\u00bb1&#8243; _builder_version=\u00bb4.17.4&#8243; _module_preset=\u00bbdefault\u00bb custom_padding=\u00bb10px|||||\u00bb bottom_divider_style=\u00bbarrow3&#8243; bottom_divider_color=\u00bb#00208a\u00bb bottom_divider_height=\u00bb76px\u00bb global_colors_info=\u00bb{}\u00bb global_module=\u00bb366&#8243; theme_builder_area=\u00bbpost_content\u00bb][\/et_pb_section][et_pb_section fb_built=\u00bb1&#8243; _builder_version=\u00bb4.17.4&#8243; _module_preset=\u00bbdefault\u00bb border_width_top=\u00bb7px\u00bb border_color_top=\u00bb#00208a\u00bb global_module=\u00bb237&#8243; global_colors_info=\u00bb{}\u00bb][et_pb_row column_structure=\u00bb1_2,1_2&#8243; _builder_version=\u00bb4.17.4&#8243; _module_preset=\u00bbdefault\u00bb global_colors_info=\u00bb{}\u00bb][et_pb_column type=\u00bb1_2&#8243; _builder_version=\u00bb4.17.4&#8243; _module_preset=\u00bbdefault\u00bb global_colors_info=\u00bb{}\u00bb][et_pb_image src=\u00bbhttps:\/\/invanep.com\/congreso-2026\/wp-content\/uploads\/2025\/11\/THEORIA-Congresos___-2.png\u00bb _builder_version=\u00bb4.17.4&#8243; _module_preset=\u00bbdefault\u00bb width=\u00bb170px\u00bb global_colors_info=\u00bb{}\u00bb][\/et_pb_image][et_pb_text _builder_version=\u00bb4.17.4&#8243; _module_preset=\u00bbdefault\u00bb custom_margin=\u00bb||16px|||\u00bb global_colors_info=\u00bb{}\u00bb]<\/p>\n<p>Puedes ponerte en contacto con nosotros a trav\u00e9s de este formulario, enviando un correo o por tel\u00e9fono.<\/p>\n<p>[\/et_pb_text][et_pb_text _builder_version=\u00bb4.17.4&#8243; _module_preset=\u00bbdefault\u00bb text_line_height=\u00bb0.9em\u00bb custom_margin=\u00bb||13px|||\u00bb global_colors_info=\u00bb{}\u00bb]<\/p>\n<p><a href=\"mailto:%20info@theoriacongresos.com\">info@theoriacongresos.com<\/a><\/p>\n<p><a href=\"http:\/\/57.67.140.148\/\">960 72 82 12<\/a><\/p>\n<p>[\/et_pb_text][\/et_pb_column][et_pb_column type=\u00bb1_2&#8243; _builder_version=\u00bb4.17.4&#8243; _module_preset=\u00bbdefault\u00bb global_colors_info=\u00bb{}\u00bb][et_pb_text _builder_version=\u00bb4.17.4&#8243; _module_preset=\u00bbdefault\u00bb header_font=\u00bbABeeZee||||||||\u00bb header_text_color=\u00bb#00208a\u00bb header_font_size=\u00bb36px\u00bb header_2_text_color=\u00bb#00208a\u00bb border_color_bottom=\u00bb#f29027&#8243; global_colors_info=\u00bb{}\u00bb]<\/p>\n<h2><strong>CONTACTO<\/strong><\/h2>\n<p>[\/et_pb_text][et_pb_contact_form email=\u00bbinfo@theoriacongresos.com\u00bb custom_message=\u00bbMensaje enviado desde INVANEP 2025||et_pb_line_break_holder||||et_pb_line_break_holder||Nombre: %%Name%%||et_pb_line_break_holder||Correo: %%Email%%||et_pb_line_break_holder||Mensaje: %%Message%%||et_pb_line_break_holder||\u00bb _builder_version=\u00bb4.17.4&#8243; _module_preset=\u00bbdefault\u00bb _unique_id=\u00bb7750ce6f-7668-47f6-a4f7-f8f5b34c8072&#8243; locked=\u00bboff\u00bb global_colors_info=\u00bb{}\u00bb][et_pb_contact_field field_id=\u00bbName\u00bb field_title=\u00bbNombre\u00bb _builder_version=\u00bb4.16&#8243; global_colors_info=\u00bb{}\u00bb button_text_size__hover_enabled=\u00bboff\u00bb button_one_text_size__hover_enabled=\u00bboff\u00bb button_two_text_size__hover_enabled=\u00bboff\u00bb button_text_color__hover_enabled=\u00bboff\u00bb button_one_text_color__hover_enabled=\u00bboff\u00bb button_two_text_color__hover_enabled=\u00bboff\u00bb button_border_width__hover_enabled=\u00bboff\u00bb button_one_border_width__hover_enabled=\u00bboff\u00bb button_two_border_width__hover_enabled=\u00bboff\u00bb button_border_color__hover_enabled=\u00bboff\u00bb button_one_border_color__hover_enabled=\u00bboff\u00bb button_two_border_color__hover_enabled=\u00bboff\u00bb button_border_radius__hover_enabled=\u00bboff\u00bb button_one_border_radius__hover_enabled=\u00bboff\u00bb button_two_border_radius__hover_enabled=\u00bboff\u00bb button_letter_spacing__hover_enabled=\u00bboff\u00bb button_one_letter_spacing__hover_enabled=\u00bboff\u00bb button_two_letter_spacing__hover_enabled=\u00bboff\u00bb button_bg_color__hover_enabled=\u00bboff\u00bb button_one_bg_color__hover_enabled=\u00bboff\u00bb button_two_bg_color__hover_enabled=\u00bboff\u00bb][\/et_pb_contact_field][et_pb_contact_field field_id=\u00bbEmail\u00bb field_title=\u00bbDirecci\u00f3n de correo electr\u00f3nico\u00bb field_type=\u00bbemail\u00bb _builder_version=\u00bb4.17.4&#8243; global_colors_info=\u00bb{}\u00bb button_text_size__hover_enabled=\u00bboff\u00bb button_one_text_size__hover_enabled=\u00bboff\u00bb button_two_text_size__hover_enabled=\u00bboff\u00bb button_text_color__hover_enabled=\u00bboff\u00bb button_one_text_color__hover_enabled=\u00bboff\u00bb button_two_text_color__hover_enabled=\u00bboff\u00bb button_border_width__hover_enabled=\u00bboff\u00bb button_one_border_width__hover_enabled=\u00bboff\u00bb button_two_border_width__hover_enabled=\u00bboff\u00bb button_border_color__hover_enabled=\u00bboff\u00bb button_one_border_color__hover_enabled=\u00bboff\u00bb button_two_border_color__hover_enabled=\u00bboff\u00bb button_border_radius__hover_enabled=\u00bboff\u00bb button_one_border_radius__hover_enabled=\u00bboff\u00bb button_two_border_radius__hover_enabled=\u00bboff\u00bb button_letter_spacing__hover_enabled=\u00bboff\u00bb button_one_letter_spacing__hover_enabled=\u00bboff\u00bb button_two_letter_spacing__hover_enabled=\u00bboff\u00bb button_bg_color__hover_enabled=\u00bboff\u00bb button_one_bg_color__hover_enabled=\u00bboff\u00bb button_two_bg_color__hover_enabled=\u00bboff\u00bb][\/et_pb_contact_field][et_pb_contact_field field_id=\u00bbMessage\u00bb field_title=\u00bbMensaje\u00bb field_type=\u00bbtext\u00bb fullwidth_field=\u00bbon\u00bb _builder_version=\u00bb4.16&#8243; global_colors_info=\u00bb{}\u00bb button_text_size__hover_enabled=\u00bboff\u00bb button_one_text_size__hover_enabled=\u00bboff\u00bb button_two_text_size__hover_enabled=\u00bboff\u00bb button_text_color__hover_enabled=\u00bboff\u00bb button_one_text_color__hover_enabled=\u00bboff\u00bb button_two_text_color__hover_enabled=\u00bboff\u00bb button_border_width__hover_enabled=\u00bboff\u00bb button_one_border_width__hover_enabled=\u00bboff\u00bb button_two_border_width__hover_enabled=\u00bboff\u00bb button_border_color__hover_enabled=\u00bboff\u00bb button_one_border_color__hover_enabled=\u00bboff\u00bb button_two_border_color__hover_enabled=\u00bboff\u00bb button_border_radius__hover_enabled=\u00bboff\u00bb button_one_border_radius__hover_enabled=\u00bboff\u00bb button_two_border_radius__hover_enabled=\u00bboff\u00bb button_letter_spacing__hover_enabled=\u00bboff\u00bb button_one_letter_spacing__hover_enabled=\u00bboff\u00bb button_two_letter_spacing__hover_enabled=\u00bboff\u00bb button_bg_color__hover_enabled=\u00bboff\u00bb button_one_bg_color__hover_enabled=\u00bboff\u00bb button_two_bg_color__hover_enabled=\u00bboff\u00bb][\/et_pb_contact_field][et_pb_contact_field field_id=\u00bbField_5&#8243; field_title=\u00bb \u00bb field_type=\u00bbcheckbox\u00bb checkbox_options=\u00bb%91{%22value%22:%22Acepto la %22,%22checked%22:0,%22dragID%22:-1,%22link_url%22:%22https:\/\/invanep.com\/congreso-2024\/politica-de-privacidad\/%22,%22link_text%22:%22Pol\u00edtica de Privacidad%22}%93&#8243; fullwidth_field=\u00bbon\u00bb _builder_version=\u00bb4.23&#8243; _module_preset=\u00bbdefault\u00bb global_colors_info=\u00bb{}\u00bb][\/et_pb_contact_field][\/et_pb_contact_form][\/et_pb_column][\/et_pb_row][\/et_pb_section]<\/p>\n","protected":false},"excerpt":{"rendered":"<p>Valencia, 6 y 7 de marzo de 2026 Jornadas de tarde (d\u00eda 6) y de ma\u00f1ana (d\u00eda 8). PRESENCIAL \/ ON LINE. En THEORIA CONGRESOS, nos preocupamos por la privacidad y la transparencia.En este enlace le indicamos en detalle los tratamientos de datos personales que realizamos, as\u00ed como toda la informaci\u00f3n relativa a los mismos: [&hellip;]<\/p>\n","protected":false},"author":1,"featured_media":0,"parent":0,"menu_order":0,"comment_status":"closed","ping_status":"closed","template":"","meta":{"_et_pb_use_builder":"on","_et_pb_old_content":"","_et_gb_content_width":"","footnotes":""},"class_list":["post-128","page","type-page","status-publish","hentry"],"_links":{"self":[{"href":"https:\/\/invanep.com\/congreso-2026\/wp-json\/wp\/v2\/pages\/128","targetHints":{"allow":["GET"]}}],"collection":[{"href":"https:\/\/invanep.com\/congreso-2026\/wp-json\/wp\/v2\/pages"}],"about":[{"href":"https:\/\/invanep.com\/congreso-2026\/wp-json\/wp\/v2\/types\/page"}],"author":[{"embeddable":true,"href":"https:\/\/invanep.com\/congreso-2026\/wp-json\/wp\/v2\/users\/1"}],"replies":[{"embeddable":true,"href":"https:\/\/invanep.com\/congreso-2026\/wp-json\/wp\/v2\/comments?post=128"}],"version-history":[{"count":11,"href":"https:\/\/invanep.com\/congreso-2026\/wp-json\/wp\/v2\/pages\/128\/revisions"}],"predecessor-version":[{"id":491,"href":"https:\/\/invanep.com\/congreso-2026\/wp-json\/wp\/v2\/pages\/128\/revisions\/491"}],"wp:attachment":[{"href":"https:\/\/invanep.com\/congreso-2026\/wp-json\/wp\/v2\/media?parent=128"}],"curies":[{"name":"wp","href":"https:\/\/api.w.org\/{rel}","templated":true}]}}