{"id":121,"date":"2025-11-20T16:49:02","date_gmt":"2025-11-20T16:49:02","guid":{"rendered":"https:\/\/invanep.com\/congreso-2026\/?page_id=121"},"modified":"2025-11-27T14:36:09","modified_gmt":"2025-11-27T14:36:09","slug":"politica-de-privacidad","status":"publish","type":"page","link":"https:\/\/invanep.com\/congreso-2026\/politica-de-privacidad\/","title":{"rendered":"POL\u00cdTICA DE PRIVACIDAD"},"content":{"rendered":"<p>[et_pb_section fb_built=\u00bb1&#8243; _builder_version=\u00bb4.17.4&#8243; _module_preset=\u00bbdefault\u00bb background_image=\u00bbhttps:\/\/invanep.com\/congreso-2026\/wp-content\/uploads\/2025\/11\/BANNER-INVANEP-2026.jpg\u00bb global_colors_info=\u00bb{}\u00bb global_module=\u00bb481&#8243; theme_builder_area=\u00bbpost_content\u00bb][et_pb_row column_structure=\u00bb1_5,3_5,1_5&#8243; _builder_version=\u00bb4.17.4&#8243; _module_preset=\u00bbdefault\u00bb global_colors_info=\u00bb{}\u00bb theme_builder_area=\u00bbpost_content\u00bb][et_pb_column type=\u00bb1_5&#8243; _builder_version=\u00bb4.17.4&#8243; _module_preset=\u00bbdefault\u00bb global_colors_info=\u00bb{}\u00bb theme_builder_area=\u00bbpost_content\u00bb][\/et_pb_column][et_pb_column type=\u00bb3_5&#8243; _builder_version=\u00bb4.17.4&#8243; _module_preset=\u00bbdefault\u00bb background_color=\u00bb#ffffff\u00bb custom_padding=\u00bb26px|20px|26px|20px|true|true\u00bb border_radii=\u00bbon|24px|24px|24px|24px\u00bb box_shadow_style=\u00bbpreset1&#8243; global_colors_info=\u00bb{}\u00bb theme_builder_area=\u00bbpost_content\u00bb][et_pb_image src=\u00bbhttps:\/\/invanep.com\/congreso-2026\/wp-content\/uploads\/2025\/11\/titulo-scaled.png\u00bb title_text=\u00bbtitulo\u00bb align=\u00bbcenter\u00bb _builder_version=\u00bb4.17.4&#8243; _module_preset=\u00bbdefault\u00bb background_color=\u00bbRGBA(255,255,255,0)\u00bb positioning=\u00bbrelative\u00bb width=\u00bb92%\u00bb max_width=\u00bb500%\u00bb global_colors_info=\u00bb{}\u00bb theme_builder_area=\u00bbpost_content\u00bb][\/et_pb_image][et_pb_text _builder_version=\u00bb4.17.4&#8243; _module_preset=\u00bbdefault\u00bb global_colors_info=\u00bb{}\u00bb theme_builder_area=\u00bbpost_content\u00bb]<\/p>\n<h2 style=\"text-align: center;\"><span style=\"color: #000080;\"><strong>Valencia, 6 y 7 de marzo de 2026<\/strong><\/span><\/h2>\n<h4 style=\"text-align: center;\">Jornadas de tarde (d\u00eda 6) y de ma\u00f1ana (d\u00eda 8). <span style=\"color: #f29127;\">PRESENCIAL \/ ON LINE<\/span>.<\/h4>\n<p>[\/et_pb_text][\/et_pb_column][et_pb_column type=\u00bb1_5&#8243; _builder_version=\u00bb4.17.4&#8243; _module_preset=\u00bbdefault\u00bb global_colors_info=\u00bb{}\u00bb theme_builder_area=\u00bbpost_content\u00bb][\/et_pb_column][\/et_pb_row][\/et_pb_section][et_pb_section fb_built=\u00bb1&#8243; _builder_version=\u00bb4.17.4&#8243; _module_preset=\u00bbdefault\u00bb custom_padding=\u00bb||7px|||\u00bb global_colors_info=\u00bb{}\u00bb][et_pb_row _builder_version=\u00bb4.17.4&#8243; _module_preset=\u00bbdefault\u00bb global_module=\u00bb387&#8243; global_colors_info=\u00bb{}\u00bb][et_pb_column type=\u00bb4_4&#8243; _builder_version=\u00bb4.17.4&#8243; _module_preset=\u00bbdefault\u00bb global_colors_info=\u00bb{}\u00bb][et_pb_post_title meta=\u00bboff\u00bb featured_image=\u00bboff\u00bb _builder_version=\u00bb4.17.4&#8243; _module_preset=\u00bbdefault\u00bb title_font=\u00bbABeeZee||||||||\u00bb title_text_color=\u00bb#00208a\u00bb title_font_size=\u00bb38px\u00bb border_width_bottom=\u00bb3px\u00bb border_color_bottom=\u00bb#f29027&#8243; global_colors_info=\u00bb{}\u00bb][\/et_pb_post_title][\/et_pb_column][\/et_pb_row][\/et_pb_section][et_pb_section fb_built=\u00bb1&#8243; _builder_version=\u00bb4.17.4&#8243; _module_preset=\u00bbdefault\u00bb custom_padding=\u00bb9px|||||\u00bb global_colors_info=\u00bb{}\u00bb][et_pb_row _builder_version=\u00bb4.17.4&#8243; _module_preset=\u00bbdefault\u00bb global_colors_info=\u00bb{}\u00bb][et_pb_column type=\u00bb4_4&#8243; _builder_version=\u00bb4.17.4&#8243; _module_preset=\u00bbdefault\u00bb global_colors_info=\u00bb{}\u00bb][et_pb_text _builder_version=\u00bb4.17.4&#8243; _module_preset=\u00bbdefault\u00bb text_text_color=\u00bb#666666&#8243; text_font_size=\u00bb16px\u00bb text_line_height=\u00bb1.6em\u00bb link_text_color=\u00bb#00208a\u00bb global_colors_info=\u00bb{}\u00bb]<\/p>\n<p><span>En THEORIA CONGRESOS nos preocupamos por la privacidad y la transparencia.<br \/>A continuaci\u00f3n, le indicamos en detalle los tratamientos de datos personales que realizamos, as\u00ed como toda la informaci\u00f3n relativa a los mismos<\/span><\/p>\n<h3>Tratamiento de los datos de asistentes a eventos<\/h3>\n<table>\n<tbody>\n<tr>\n<td colspan=\"2\"><strong>Informaci\u00f3n b\u00e1sica sobre Protecci\u00f3n de datos<\/strong><\/td>\n<\/tr>\n<tr>\n<td><strong>Responsable:<\/strong><\/td>\n<td>THEORIA CONGRESOS, S.L.<\/td>\n<\/tr>\n<tr>\n<td><strong>Finalidad:<\/strong><\/td>\n<td>Gestionar su asistencia al evento y enviar invitaciones a nuevos eventos de su inter\u00e9s.<\/td>\n<\/tr>\n<tr>\n<td><strong>Legitimaci\u00f3n:<\/strong><\/td>\n<td>Consentimiento del interesado.<\/td>\n<\/tr>\n<tr>\n<td><strong>Destinatarios:<\/strong><\/td>\n<td>No se ceder\u00e1n datos a terceros, salvo obligaci\u00f3n legal.<\/td>\n<\/tr>\n<tr>\n<td>\n<p><strong>Derechos:<\/strong><\/p>\n<p><strong><\/strong><\/p>\n<\/td>\n<td>Tiene derecho a acceder, rectificar y suprimir los datos, as\u00ed como otros derechos, indicados en la informaci\u00f3n adicional, que puede ejercer dirigi\u00e9ndose a la direcci\u00f3n del responsable del tratamiento<\/td>\n<\/tr>\n<tr>\n<td><strong>Procedencia:<\/strong><\/td>\n<td>El propio interesado.<\/td>\n<\/tr>\n<tr>\n<td>\n<p><strong>Informaci\u00f3n adicional:<\/strong><\/p>\n<p><strong><\/strong><\/p>\n<\/td>\n<td>Puede consultar informaci\u00f3n adicional y detallada sobre Protecci\u00f3n de Datos<span>\u00a0<\/span><span><a href=\"http:\/\/www.theoriacongresos.com\/politica-de-privacidad\/\">aqu\u00ed<\/a><\/span>: En la url de la entidad<span>\u00a0<a href=\"http:\/\/www.theoriacongresos.com\/\">www.theoriacongresos.com<\/a><\/span><\/td>\n<\/tr>\n<\/tbody>\n<\/table>\n<p>&nbsp;<\/p>\n<h3>Informaci\u00f3n completa sobre Protecci\u00f3n de Datos<\/h3>\n<p>&nbsp;<\/p>\n<p><strong>1. \u00bfQui\u00e9n es el responsable del tratamiento de sus datos?<\/strong><br \/>THEORIA CONGRESOS, S.L.<br \/>B98652308<br \/>CL GASC\u00d3 OLIAG, 6, ESCALERA C PUERTA4 \u2013 46010 \u2013 VALENCIA<br \/>960728212<br \/><a href=\"mailto:info@theoriacongresos.com\">info@theoriacongresos.com<\/a><\/p>\n<p><span><strong>2. \u00bfCon qu\u00e9 finalidad tratamos sus datos personales?<\/strong><br \/><\/span><span>En THEORIA CONGRESOS, S.L. tratamos la informaci\u00f3n que nos facilitan las personas interesadas con el fin de realizar la organizaci\u00f3n y gesti\u00f3n de su asistencia a los eventos, as\u00ed como realizar el env\u00edo de invitaciones a nuevos eventos que se organicen, inclusive, por v\u00eda electr\u00f3nica.<\/span><\/p>\n<p><span><\/span><span>No se van a tomar decisiones automatizadas en base de datos proporcionados.<\/span><\/p>\n<p><span><strong>3. \u00bfPor cu\u00e1nto tiempo conservaremos sus datos?<\/strong><br \/><\/span><span>Los datos se conservar\u00e1n mientras el interesado no solicite la supresi\u00f3n de los mismos.<\/span><\/p>\n<p><span><strong>4. \u00bfCu\u00e1l es la legitimaci\u00f3n para el tratamiento de sus datos?<\/strong><br \/><\/span><span>Le indicamos la base legal para el tratamiento de sus datos:<br \/><\/span><span>Consentimiento del interesado: Realizar la organizaci\u00f3n y gesti\u00f3n de los asistentes a los eventos y realizar el env\u00edo de invitaciones a nuevos eventos que se organicen, inclusive, por v\u00eda electr\u00f3nica<\/span><\/p>\n<p><span><strong>5. \u00bfA qu\u00e9 destinatarios se comunicar\u00e1n sus datos?<\/strong><br \/><\/span><span>No se ceder\u00e1n datos a terceros, salvo obligaci\u00f3n legal.<\/span><\/p>\n<p><strong>6. Transferencias de datos a terceros pa\u00edses<br \/><\/strong><span>No est\u00e1n previstas transferencias de datos a terceros pa\u00edses.<\/span><\/p>\n<p><span><strong>7. \u00bfCu\u00e1les son sus derechos cuando nos facilita sus datos?<\/strong><br \/><\/span><span>Cualquier persona tiene derecho a obtener confirmaci\u00f3n sobre si en THEORIA CONGRESOS, S.L. estamos tratando, o no, datos personales que les conciernan.<\/span><\/p>\n<p><span>Las personas interesadas tienen derecho a acceder a sus datos personales, as\u00ed como a solicitar la rectificaci\u00f3n de los datos inexactos o, en su caso, solicitar su supresi\u00f3n cuando, entre otros motivos, los datos ya no sean necesarios para los fines que fueron recogidos. Igualmente tiene derecho a la portabilidad de sus datos.<\/span><\/p>\n<p><span>En determinadas circunstancias, los interesados podr\u00e1n solicitar la limitaci\u00f3n del tratamiento de sus datos, en cuyo caso \u00fanicamente los conservaremos para el ejercicio o la defensa de reclamaciones.<\/span><\/p>\n<p><span>En determinadas circunstancias y por motivos relacionados con su situaci\u00f3n particular, los interesados podr\u00e1n oponerse al tratamiento de sus datos. En este caso, THEORIA CONGRESOS, S.L. dejar\u00e1 de tratar los datos, salvo por motivos leg\u00edtimos imperiosos, o el ejercicio o la defensa de posibles reclamaciones.<\/span><\/p>\n<p><span>Cuando se realice el env\u00edo de comunicaciones comerciales utilizando como base jur\u00eddica el inter\u00e9s leg\u00edtimo del responsable, el interesado podr\u00e1 oponerse al tratamiento de sus datos con ese fin.<\/span><\/p>\n<p><span>Si ha otorgado su consentimiento para alguna finalidad concreta, tiene derecho a retirar el consentimiento otorgado en cualquier momento, sin que ello afecte a la licitud del tratamiento basado en el consentimiento previo a su retirada.<\/span><\/p>\n<p><span>En caso de que sienta vulnerados sus derechos en lo concerniente a la protecci\u00f3n de sus datos personales, especialmente cuando no haya obtenido satisfacci\u00f3n en el ejercicio de sus derechos, puede presentar una reclamaci\u00f3n ante la Autoridad de Control en materia de Protecci\u00f3n de Datos competente a trav\u00e9s de su sitio web:\u00a0<a href=\"http:\/\/www.agpd.es\/\">www.agpd.es<br \/><\/a><\/span><\/p>\n<p><span><strong>8. \u00bfC\u00f3mo hemos obtenido sus datos?<\/strong><br \/><\/span><span>Los datos personales que tratamos en THEORIA CONGRESOS, S.L. proceden de: El propio interesado.<br \/><\/span><span>Las categor\u00edas de datos que se tratan son:<\/span><\/p>\n<p><span>-Datos identificativos.<br \/><\/span><span>-Direcciones postales y electr\u00f3nicas.<\/span><\/p>\n<p>[\/et_pb_text][\/et_pb_column][\/et_pb_row][\/et_pb_section][et_pb_section fb_built=\u00bb1&#8243; _builder_version=\u00bb4.17.4&#8243; _module_preset=\u00bbdefault\u00bb custom_padding=\u00bb10px|||||\u00bb bottom_divider_style=\u00bbarrow3&#8243; bottom_divider_color=\u00bb#00208a\u00bb bottom_divider_height=\u00bb76px\u00bb global_colors_info=\u00bb{}\u00bb global_module=\u00bb366&#8243; theme_builder_area=\u00bbpost_content\u00bb][\/et_pb_section][et_pb_section fb_built=\u00bb1&#8243; _builder_version=\u00bb4.17.4&#8243; _module_preset=\u00bbdefault\u00bb border_width_top=\u00bb7px\u00bb border_color_top=\u00bb#00208a\u00bb global_module=\u00bb237&#8243; global_colors_info=\u00bb{}\u00bb][et_pb_row column_structure=\u00bb1_2,1_2&#8243; _builder_version=\u00bb4.17.4&#8243; _module_preset=\u00bbdefault\u00bb global_colors_info=\u00bb{}\u00bb][et_pb_column type=\u00bb1_2&#8243; _builder_version=\u00bb4.17.4&#8243; _module_preset=\u00bbdefault\u00bb global_colors_info=\u00bb{}\u00bb][et_pb_image src=\u00bbhttps:\/\/invanep.com\/congreso-2026\/wp-content\/uploads\/2025\/11\/THEORIA-Congresos___-2.png\u00bb _builder_version=\u00bb4.17.4&#8243; _module_preset=\u00bbdefault\u00bb width=\u00bb170px\u00bb global_colors_info=\u00bb{}\u00bb][\/et_pb_image][et_pb_text _builder_version=\u00bb4.17.4&#8243; _module_preset=\u00bbdefault\u00bb custom_margin=\u00bb||16px|||\u00bb global_colors_info=\u00bb{}\u00bb]<\/p>\n<p>Puedes ponerte en contacto con nosotros a trav\u00e9s de este formulario, enviando un correo o por tel\u00e9fono.<\/p>\n<p>[\/et_pb_text][et_pb_text _builder_version=\u00bb4.17.4&#8243; _module_preset=\u00bbdefault\u00bb text_line_height=\u00bb0.9em\u00bb custom_margin=\u00bb||13px|||\u00bb global_colors_info=\u00bb{}\u00bb]<\/p>\n<p><a href=\"mailto:%20info@theoriacongresos.com\">info@theoriacongresos.com<\/a><\/p>\n<p><a href=\"http:\/\/57.67.140.148\/\">960 72 82 12<\/a><\/p>\n<p>[\/et_pb_text][\/et_pb_column][et_pb_column type=\u00bb1_2&#8243; _builder_version=\u00bb4.17.4&#8243; _module_preset=\u00bbdefault\u00bb global_colors_info=\u00bb{}\u00bb][et_pb_text _builder_version=\u00bb4.17.4&#8243; _module_preset=\u00bbdefault\u00bb header_font=\u00bbABeeZee||||||||\u00bb header_text_color=\u00bb#00208a\u00bb header_font_size=\u00bb36px\u00bb header_2_text_color=\u00bb#00208a\u00bb border_color_bottom=\u00bb#f29027&#8243; global_colors_info=\u00bb{}\u00bb]<\/p>\n<h2><strong>CONTACTO<\/strong><\/h2>\n<p>[\/et_pb_text][et_pb_contact_form email=\u00bbinfo@theoriacongresos.com\u00bb custom_message=\u00bbMensaje enviado desde INVANEP 2025||et_pb_line_break_holder||||et_pb_line_break_holder||Nombre: %%Name%%||et_pb_line_break_holder||Correo: %%Email%%||et_pb_line_break_holder||Mensaje: %%Message%%||et_pb_line_break_holder||\u00bb _builder_version=\u00bb4.17.4&#8243; _module_preset=\u00bbdefault\u00bb _unique_id=\u00bb7750ce6f-7668-47f6-a4f7-f8f5b34c8072&#8243; locked=\u00bboff\u00bb global_colors_info=\u00bb{}\u00bb][et_pb_contact_field field_id=\u00bbName\u00bb field_title=\u00bbNombre\u00bb _builder_version=\u00bb4.16&#8243; global_colors_info=\u00bb{}\u00bb button_text_size__hover_enabled=\u00bboff\u00bb button_one_text_size__hover_enabled=\u00bboff\u00bb button_two_text_size__hover_enabled=\u00bboff\u00bb button_text_color__hover_enabled=\u00bboff\u00bb button_one_text_color__hover_enabled=\u00bboff\u00bb button_two_text_color__hover_enabled=\u00bboff\u00bb button_border_width__hover_enabled=\u00bboff\u00bb button_one_border_width__hover_enabled=\u00bboff\u00bb button_two_border_width__hover_enabled=\u00bboff\u00bb button_border_color__hover_enabled=\u00bboff\u00bb button_one_border_color__hover_enabled=\u00bboff\u00bb button_two_border_color__hover_enabled=\u00bboff\u00bb button_border_radius__hover_enabled=\u00bboff\u00bb button_one_border_radius__hover_enabled=\u00bboff\u00bb button_two_border_radius__hover_enabled=\u00bboff\u00bb button_letter_spacing__hover_enabled=\u00bboff\u00bb button_one_letter_spacing__hover_enabled=\u00bboff\u00bb button_two_letter_spacing__hover_enabled=\u00bboff\u00bb button_bg_color__hover_enabled=\u00bboff\u00bb button_one_bg_color__hover_enabled=\u00bboff\u00bb button_two_bg_color__hover_enabled=\u00bboff\u00bb][\/et_pb_contact_field][et_pb_contact_field field_id=\u00bbEmail\u00bb field_title=\u00bbDirecci\u00f3n de correo electr\u00f3nico\u00bb field_type=\u00bbemail\u00bb _builder_version=\u00bb4.17.4&#8243; global_colors_info=\u00bb{}\u00bb button_text_size__hover_enabled=\u00bboff\u00bb button_one_text_size__hover_enabled=\u00bboff\u00bb button_two_text_size__hover_enabled=\u00bboff\u00bb button_text_color__hover_enabled=\u00bboff\u00bb button_one_text_color__hover_enabled=\u00bboff\u00bb button_two_text_color__hover_enabled=\u00bboff\u00bb button_border_width__hover_enabled=\u00bboff\u00bb button_one_border_width__hover_enabled=\u00bboff\u00bb button_two_border_width__hover_enabled=\u00bboff\u00bb button_border_color__hover_enabled=\u00bboff\u00bb button_one_border_color__hover_enabled=\u00bboff\u00bb button_two_border_color__hover_enabled=\u00bboff\u00bb button_border_radius__hover_enabled=\u00bboff\u00bb button_one_border_radius__hover_enabled=\u00bboff\u00bb button_two_border_radius__hover_enabled=\u00bboff\u00bb button_letter_spacing__hover_enabled=\u00bboff\u00bb button_one_letter_spacing__hover_enabled=\u00bboff\u00bb button_two_letter_spacing__hover_enabled=\u00bboff\u00bb button_bg_color__hover_enabled=\u00bboff\u00bb button_one_bg_color__hover_enabled=\u00bboff\u00bb button_two_bg_color__hover_enabled=\u00bboff\u00bb][\/et_pb_contact_field][et_pb_contact_field field_id=\u00bbMessage\u00bb field_title=\u00bbMensaje\u00bb field_type=\u00bbtext\u00bb fullwidth_field=\u00bbon\u00bb _builder_version=\u00bb4.16&#8243; global_colors_info=\u00bb{}\u00bb button_text_size__hover_enabled=\u00bboff\u00bb button_one_text_size__hover_enabled=\u00bboff\u00bb button_two_text_size__hover_enabled=\u00bboff\u00bb button_text_color__hover_enabled=\u00bboff\u00bb button_one_text_color__hover_enabled=\u00bboff\u00bb button_two_text_color__hover_enabled=\u00bboff\u00bb button_border_width__hover_enabled=\u00bboff\u00bb button_one_border_width__hover_enabled=\u00bboff\u00bb button_two_border_width__hover_enabled=\u00bboff\u00bb button_border_color__hover_enabled=\u00bboff\u00bb button_one_border_color__hover_enabled=\u00bboff\u00bb button_two_border_color__hover_enabled=\u00bboff\u00bb button_border_radius__hover_enabled=\u00bboff\u00bb button_one_border_radius__hover_enabled=\u00bboff\u00bb button_two_border_radius__hover_enabled=\u00bboff\u00bb button_letter_spacing__hover_enabled=\u00bboff\u00bb button_one_letter_spacing__hover_enabled=\u00bboff\u00bb button_two_letter_spacing__hover_enabled=\u00bboff\u00bb button_bg_color__hover_enabled=\u00bboff\u00bb button_one_bg_color__hover_enabled=\u00bboff\u00bb button_two_bg_color__hover_enabled=\u00bboff\u00bb][\/et_pb_contact_field][et_pb_contact_field field_id=\u00bbField_5&#8243; field_title=\u00bb \u00bb field_type=\u00bbcheckbox\u00bb checkbox_options=\u00bb%91{%22value%22:%22Acepto la %22,%22checked%22:0,%22dragID%22:-1,%22link_url%22:%22https:\/\/invanep.com\/congreso-2024\/politica-de-privacidad\/%22,%22link_text%22:%22Pol\u00edtica de Privacidad%22}%93&#8243; fullwidth_field=\u00bbon\u00bb _builder_version=\u00bb4.23&#8243; _module_preset=\u00bbdefault\u00bb global_colors_info=\u00bb{}\u00bb][\/et_pb_contact_field][\/et_pb_contact_form][\/et_pb_column][\/et_pb_row][\/et_pb_section]<\/p>\n","protected":false},"excerpt":{"rendered":"<p>Valencia, 6 y 7 de marzo de 2026 Jornadas de tarde (d\u00eda 6) y de ma\u00f1ana (d\u00eda 8). PRESENCIAL \/ ON LINE.En THEORIA CONGRESOS nos preocupamos por la privacidad y la transparencia.A continuaci\u00f3n, le indicamos en detalle los tratamientos de datos personales que realizamos, as\u00ed como toda la informaci\u00f3n relativa a los mismos Tratamiento de [&hellip;]<\/p>\n","protected":false},"author":1,"featured_media":0,"parent":0,"menu_order":0,"comment_status":"closed","ping_status":"closed","template":"","meta":{"_et_pb_use_builder":"on","_et_pb_old_content":"","_et_gb_content_width":"","footnotes":""},"class_list":["post-121","page","type-page","status-publish","hentry"],"_links":{"self":[{"href":"https:\/\/invanep.com\/congreso-2026\/wp-json\/wp\/v2\/pages\/121","targetHints":{"allow":["GET"]}}],"collection":[{"href":"https:\/\/invanep.com\/congreso-2026\/wp-json\/wp\/v2\/pages"}],"about":[{"href":"https:\/\/invanep.com\/congreso-2026\/wp-json\/wp\/v2\/types\/page"}],"author":[{"embeddable":true,"href":"https:\/\/invanep.com\/congreso-2026\/wp-json\/wp\/v2\/users\/1"}],"replies":[{"embeddable":true,"href":"https:\/\/invanep.com\/congreso-2026\/wp-json\/wp\/v2\/comments?post=121"}],"version-history":[{"count":14,"href":"https:\/\/invanep.com\/congreso-2026\/wp-json\/wp\/v2\/pages\/121\/revisions"}],"predecessor-version":[{"id":492,"href":"https:\/\/invanep.com\/congreso-2026\/wp-json\/wp\/v2\/pages\/121\/revisions\/492"}],"wp:attachment":[{"href":"https:\/\/invanep.com\/congreso-2026\/wp-json\/wp\/v2\/media?parent=121"}],"curies":[{"name":"wp","href":"https:\/\/api.w.org\/{rel}","templated":true}]}}