{"id":87,"date":"2023-05-23T16:12:01","date_gmt":"2023-05-23T16:12:01","guid":{"rendered":"https:\/\/invanep.com\/congreso-2024\/?page_id=87"},"modified":"2024-09-16T10:29:27","modified_gmt":"2024-09-16T10:29:27","slug":"ponentes","status":"publish","type":"page","link":"https:\/\/invanep.com\/congreso-2024\/ponentes\/","title":{"rendered":"PONENTES"},"content":{"rendered":"<p>[et_pb_section fb_built=\u00bb1&#8243; custom_padding_last_edited=\u00bbon|phone\u00bb _builder_version=\u00bb4.22.2&#8243; _module_preset=\u00bbdefault\u00bb background_image=\u00bbhttps:\/\/invanep.com\/congreso-2024\/wp-content\/uploads\/2023\/10\/banner.png\u00bb background_size=\u00bbinitial\u00bb background_position=\u00bbcenter_left\u00bb width_tablet=\u00bb\u00bb width_phone=\u00bb\u00bb width_last_edited=\u00bbon|phone\u00bb max_width_tablet=\u00bb\u00bb max_width_phone=\u00bb\u00bb max_width_last_edited=\u00bbon|phone\u00bb module_alignment=\u00bbcenter\u00bb min_height_tablet=\u00bb\u00bb min_height_phone=\u00bb\u00bb min_height_last_edited=\u00bbon|phone\u00bb height_tablet=\u00bb\u00bb height_phone=\u00bb\u00bb height_last_edited=\u00bbon|phone\u00bb max_height_tablet=\u00bb\u00bb max_height_phone=\u00bb\u00bb max_height_last_edited=\u00bbon|phone\u00bb custom_margin=\u00bb0px||0px||true|false\u00bb custom_margin_tablet=\u00bb\u00bb custom_margin_phone=\u00bb0px||0px||false|false\u00bb custom_margin_last_edited=\u00bbon|phone\u00bb custom_padding=\u00bb183px||136px||false|false\u00bb custom_padding_tablet=\u00bb\u00bb custom_padding_phone=\u00bb0px||0px||false|false\u00bb bottom_divider_style=\u00bbasymmetric2&#8243; bottom_divider_color=\u00bb#E09900&#8243; bottom_divider_height=\u00bb43px\u00bb border_width_top=\u00bb16px\u00bb border_color_top=\u00bb#FFFFFF\u00bb border_width_bottom=\u00bb23px\u00bb border_color_bottom=\u00bb#FFFFFF\u00bb global_module=\u00bb164&#8243; saved_tabs=\u00bball\u00bb global_colors_info=\u00bb{}\u00bb][\/et_pb_section][et_pb_section fb_built=\u00bb1&#8243; _builder_version=\u00bb4.21.0&#8243; _module_preset=\u00bbdefault\u00bb background_color=\u00bbRGBA(255,255,255,0)\u00bb custom_margin=\u00bb-24px||||false|false\u00bb top_divider_style=\u00bbasymmetric2&#8243; top_divider_color=\u00bb#E09900&#8243; top_divider_height=\u00bb30px\u00bb top_divider_repeat=\u00bb1x\u00bb global_colors_info=\u00bb{}\u00bb][et_pb_row _builder_version=\u00bb4.17.4&#8243; _module_preset=\u00bbdefault\u00bb global_colors_info=\u00bb{}\u00bb][et_pb_column type=\u00bb4_4&#8243; _builder_version=\u00bb4.17.4&#8243; _module_preset=\u00bbdefault\u00bb global_colors_info=\u00bb{}\u00bb][et_pb_text _builder_version=\u00bb4.17.4&#8243; _module_preset=\u00bbdefault\u00bb text_font_size=\u00bb20px\u00bb header_font_size=\u00bb43px\u00bb border_width_bottom=\u00bb3px\u00bb border_color_bottom=\u00bb#E09900&#8243; border_style_bottom=\u00bbdashed\u00bb global_colors_info=\u00bb{}\u00bb]<\/p>\n<h1 style=\"text-align: center;\">PONENTES<\/h1>\n<p>[\/et_pb_text][\/et_pb_column][\/et_pb_row][\/et_pb_section][et_pb_section fb_built=\u00bb1&#8243; _builder_version=\u00bb4.21.0&#8243; _module_preset=\u00bbdefault\u00bb background_color=\u00bbRGBA(255,255,255,0)\u00bb custom_margin=\u00bb-95px||||false|false\u00bb global_colors_info=\u00bb{}\u00bb][et_pb_row column_structure=\u00bb1_2,1_2&#8243; _builder_version=\u00bb4.23&#8243; _module_preset=\u00bbdefault\u00bb global_colors_info=\u00bb{}\u00bb][et_pb_column type=\u00bb1_2&#8243; _builder_version=\u00bb4.23&#8243; _module_preset=\u00bbdefault\u00bb global_colors_info=\u00bb{}\u00bb][et_pb_text _builder_version=\u00bb4.23.1&#8243; _module_preset=\u00bbdefault\u00bb background_color=\u00bb#FFFFFF\u00bb border_radii=\u00bbon|22px|22px|22px|22px\u00bb box_shadow_style=\u00bbpreset1&#8243; global_colors_info=\u00bb{}\u00bb]<\/p>\n<h1 style=\"text-align: center;\"><strong><\/strong><\/h1>\n<h1 style=\"text-align: center;\"><strong><\/strong><\/h1>\n<table border=\"1\" style=\"border-collapse: collapse; width: 100.774%;\" height=\"104\">\n<tbody>\n<tr>\n<td style=\"width: 100%; background-color: #0f1b67;\">\n<h1 style=\"text-align: center;\"><span style=\"color: #ffffff;\">NEURODESARROLLO<\/span><\/h1>\n<\/td>\n<\/tr>\n<\/tbody>\n<\/table>\n<p>&nbsp;<\/p>\n<table border=\"1\" style=\"border-collapse: collapse; width: 100%;\">\n<tbody>\n<tr>\n<td style=\"width: 29.8839%; border-color: #ffffff;\"><img loading=\"lazy\" decoding=\"async\" src=\"https:\/\/invanep.com\/congreso-2024\/wp-content\/uploads\/2023\/11\/SalvadorMartinez.png\" width=\"250\" height=\"250\" alt=\"\" class=\"wp-image-338 alignnone size-full\" srcset=\"https:\/\/invanep.com\/congreso-2024\/wp-content\/uploads\/2023\/11\/SalvadorMartinez.png 250w, https:\/\/invanep.com\/congreso-2024\/wp-content\/uploads\/2023\/11\/SalvadorMartinez-150x150.png 150w\" sizes=\"(max-width: 250px) 100vw, 250px\" \/><\/td>\n<td style=\"width: 70.1161%; border-color: #ffffff;\">\n<h4><strong>Salvador <\/strong><strong>Mart\u00ednez<\/strong><\/h4>\n<p>Catedr\u00e1tico del Dpto. de Histolog\u00eda y Anatom\u00eda Humana, F. de Medicina de la Universidad Miguel Hern\u00e1ndez, Elche. Investigador del Instituto de Neurociencias. Director del laboratorio de Embriolog\u00eda Experimental del Instituto de Neurociencias, UMH-CSIC. (Alicante).<\/p>\n<h4><strong>\u00a0<\/strong><\/h4>\n<\/td>\n<\/tr>\n<tr>\n<td style=\"width: 29.8839%; border-color: #ffffff;\"><img loading=\"lazy\" decoding=\"async\" src=\"https:\/\/invanep.com\/congreso-2024\/wp-content\/uploads\/2023\/11\/idiazabal-300x300.jpg\" width=\"300\" height=\"300\" alt=\"\" class=\"wp-image-337 alignnone size-medium\" \/><\/td>\n<td style=\"width: 70.1161%; border-color: #ffffff;\">\n<h4><strong>Maria \u00c1ngeles <\/strong><strong>Idiaz\u00e1bal<\/strong><\/h4>\n<p>Neurofisi\u00f3loga Cl\u00ednica. M\u00e1ster Internacional en Electrodiagn\u00f3stico Neurol\u00f3gico. Directora del Instituto Neurocognitivo INCIA (Barcelona).<\/p>\n<\/td>\n<\/tr>\n<tr>\n<td style=\"width: 29.8839%; border-color: #ffffff;\"><img loading=\"lazy\" decoding=\"async\" src=\"https:\/\/invanep.com\/congreso-2024\/wp-content\/uploads\/2023\/11\/Dr_Tirapu-1.png\" width=\"207\" height=\"207\" alt=\"\" class=\"wp-image-336 alignnone size-full\" srcset=\"https:\/\/invanep.com\/congreso-2024\/wp-content\/uploads\/2023\/11\/Dr_Tirapu-1.png 207w, https:\/\/invanep.com\/congreso-2024\/wp-content\/uploads\/2023\/11\/Dr_Tirapu-1-150x150.png 150w\" sizes=\"(max-width: 207px) 100vw, 207px\" \/><\/td>\n<td style=\"width: 70.1161%; border-color: #ffffff;\">\n<h4><strong>Javier Tirapu<\/strong><\/h4>\n<p>Neuropsic\u00f3logo cl\u00ednico. Servicio de rehabilitaci\u00f3n neurol\u00f3gica del Complejo Hospitalario de Navarra (Cl\u00ednica Ubarmin). Director t\u00e9cnico y cient\u00edfico de la Fundaci\u00f3n Argibide (Pamplona).<\/p>\n<\/td>\n<\/tr>\n<\/tbody>\n<\/table>\n<p>[\/et_pb_text][\/et_pb_column][et_pb_column type=\u00bb1_2&#8243; _builder_version=\u00bb4.23&#8243; _module_preset=\u00bbdefault\u00bb global_colors_info=\u00bb{}\u00bb][et_pb_text _builder_version=\u00bb4.23.1&#8243; _module_preset=\u00bbdefault\u00bb background_color=\u00bb#FFFFFF\u00bb border_radii=\u00bbon|22px|22px|22px|22px\u00bb box_shadow_style=\u00bbpreset1&#8243; global_colors_info=\u00bb{}\u00bb]<\/p>\n<h1 style=\"text-align: center;\"><strong><\/strong><\/h1>\n<h1 style=\"text-align: center;\"><strong><\/strong><\/h1>\n<table border=\"1\" style=\"border-collapse: collapse; width: 101.548%;\" height=\"127\">\n<tbody>\n<tr>\n<td style=\"width: 100%; background-color: #0f1b67;\">\n<h1 style=\"text-align: center;\"><span style=\"color: #ffffff;\">TRASTORNO D\u00c9FICIT ATENCI\u00d3N E HIPERACTIVIDAD (TDAH)<\/span><\/h1>\n<\/td>\n<\/tr>\n<\/tbody>\n<\/table>\n<table border=\"1\" style=\"border-collapse: collapse; width: 100%;\">\n<tbody>\n<tr>\n<td style=\"width: 29.8839%; border-color: #ffffff;\">\n<h4><img loading=\"lazy\" decoding=\"async\" src=\"https:\/\/invanep.com\/congreso-2024\/wp-content\/uploads\/2023\/11\/Luis-Abad_recortada-300x300.jpg\" width=\"300\" height=\"300\" alt=\"\" class=\"wp-image-351 alignnone size-medium\" \/><\/h4>\n<\/td>\n<td style=\"width: 70.1161%; border-color: #ffffff;\">\n<h4><strong>Luis Abad<\/strong><\/h4>\n<p>Psicopedagogo. M\u00e1ster en Neuropsicolog\u00eda de la Educaci\u00f3n e Investigaci\u00f3n, especialista en Trastornos del Neurodesarrollo. Director del Centro de Desarrollo Cognitivo RED CENIT (Valencia).<\/p>\n<\/td>\n<\/tr>\n<tr>\n<td style=\"width: 29.8839%; border-color: #ffffff;\"><img loading=\"lazy\" decoding=\"async\" src=\"https:\/\/invanep.com\/congreso-2024\/wp-content\/uploads\/2023\/12\/German-Casas-300x300.jpg\" width=\"300\" height=\"300\" alt=\"\" class=\"wp-image-371 alignnone size-medium\" \/><\/td>\n<td style=\"width: 70.1161%; border-color: #ffffff;\">\n<h4><strong>Germ\u00e1n Casas<\/strong><\/h4>\n<p>Psiquiatra de ni\u00f1os y adolescentes.Profesor de la Facultad de Medicina de la Universidad de Los Andes, Bogot\u00e1, Colombia. Consultor de la OMS sobre Salud Mental Global.<\/p>\n<\/td>\n<\/tr>\n<tr>\n<td style=\"width: 29.8839%; border-color: #ffffff;\"><img loading=\"lazy\" decoding=\"async\" src=\"https:\/\/invanep.com\/congreso-2024\/wp-content\/uploads\/2023\/11\/Dr_Alberto_Fernandez.png\" width=\"160\" height=\"160\" alt=\"\" class=\"wp-image-352 alignnone size-full\" \/><\/td>\n<td style=\"width: 70.1161%; border-color: #ffffff;\">\n<h4><strong>Alberto Fern\u00e1ndez Ja\u00e9n<\/strong><\/h4>\n<p>Neuropediatra. Responsable de la Unidad de Neurolog\u00eda Infantil. Hospital Universitario Quir\u00f3n (Madrid).<\/p>\n<\/td>\n<\/tr>\n<tr>\n<td style=\"width: 29.8839%; border-color: #ffffff;\"><img loading=\"lazy\" decoding=\"async\" src=\"https:\/\/invanep.com\/congreso-2024\/wp-content\/uploads\/2023\/11\/Luis-Abad_recortada-300x300.png\" width=\"300\" height=\"300\" alt=\"\" class=\"wp-image-353 alignnone size-medium\" \/><\/td>\n<td style=\"width: 70.1161%; border-color: #ffffff;\">\n<h4><strong>Josep Antoni Ramos Quiroga<\/strong><\/h4>\n<p>Psiquiatra de ni\u00f1os y adolescentes. Jefe de servicio Psiquiatr\u00eda Hospital Valle de Hebr\u00f3n. Profesor Titular de Psiquiatr\u00eda Universidad Aut\u00f3noma de Barcelona.<\/p>\n<p>&nbsp;<\/p>\n<h4><strong>\u00a0<\/strong><\/h4>\n<\/td>\n<\/tr>\n<\/tbody>\n<\/table>\n<p>[\/et_pb_text][\/et_pb_column][\/et_pb_row][et_pb_row column_structure=\u00bb1_2,1_2&#8243; _builder_version=\u00bb4.23&#8243; _module_preset=\u00bbdefault\u00bb global_colors_info=\u00bb{}\u00bb][et_pb_column type=\u00bb1_2&#8243; _builder_version=\u00bb4.23&#8243; _module_preset=\u00bbdefault\u00bb global_colors_info=\u00bb{}\u00bb][et_pb_text _builder_version=\u00bb4.23.1&#8243; _module_preset=\u00bbdefault\u00bb background_color=\u00bb#FFFFFF\u00bb border_radii=\u00bbon|22px|22px|22px|22px\u00bb box_shadow_style=\u00bbpreset1&#8243; global_colors_info=\u00bb{}\u00bb]<\/p>\n<h1 style=\"text-align: center;\"><strong><\/strong><\/h1>\n<h1 style=\"text-align: center;\"><strong><\/strong><\/h1>\n<table border=\"1\" style=\"border-collapse: collapse; width: 100.774%;\" height=\"104\">\n<tbody>\n<tr>\n<td style=\"width: 100%; background-color: #0f1b67;\">\n<h1 style=\"text-align: center;\"><span style=\"color: #ffffff;\">TRASTORNO DEL ESPECTRO AUTISTA (TEA)<\/span><\/h1>\n<\/td>\n<\/tr>\n<\/tbody>\n<\/table>\n<p>&nbsp;<\/p>\n<table border=\"1\" style=\"border-collapse: collapse; width: 100%;\">\n<tbody>\n<tr>\n<td style=\"width: 29.8839%; border-color: #ffffff;\"><img loading=\"lazy\" decoding=\"async\" src=\"https:\/\/invanep.com\/congreso-2024\/wp-content\/uploads\/2023\/11\/Victor-Alejandro-Gaona-e1701248984244.png\" width=\"208\" height=\"209\" alt=\"\" class=\"wp-image-360 alignnone size-full\" srcset=\"https:\/\/invanep.com\/congreso-2024\/wp-content\/uploads\/2023\/11\/Victor-Alejandro-Gaona-e1701248984244.png 208w, https:\/\/invanep.com\/congreso-2024\/wp-content\/uploads\/2023\/11\/Victor-Alejandro-Gaona-e1701248984244-150x150.png 150w\" sizes=\"(max-width: 208px) 100vw, 208px\" \/><\/td>\n<td style=\"width: 70.1161%; border-color: #ffffff;\">\n<h4><strong>V\u00edctor Gaona<\/strong><\/h4>\n<p>Neuropediatra. Centro M\u00e9dico La Costa. Centro de Neurolog\u00eda y Neurofisiolog\u00eda Pedi\u00e1trica (Asunci\u00f3n. Paraguay).<\/p>\n<h4><strong>\u00a0<\/strong><\/h4>\n<\/td>\n<\/tr>\n<tr>\n<td style=\"width: 29.8839%; border-color: #ffffff;\"><img loading=\"lazy\" decoding=\"async\" width=\"827\" height=\"827\" src=\"https:\/\/invanep.com\/congreso-2023\/wp-content\/uploads\/2022\/11\/Victor-Ruggieri.png\" alt=\"\" class=\"size-medium alignnone\" \/><\/td>\n<td style=\"width: 70.1161%; border-color: #ffffff;\">\n<h4><strong>V\u00edctor Ruggieri<\/strong><\/h4>\n<p>Neuropediatra. Miembro del Comit\u00e9 Cient\u00edfico de la Fundaci\u00f3n Hospital Garrahan (Buenos Aires. Argentina).<\/p>\n<\/td>\n<\/tr>\n<tr>\n<td style=\"width: 29.8839%; border-color: #ffffff;\"><img loading=\"lazy\" decoding=\"async\" width=\"565\" height=\"565\" src=\"https:\/\/invanep.com\/congreso-2023\/wp-content\/uploads\/2022\/11\/Dra_Amaia_Hervas.png\" alt=\"\" class=\"size-medium alignnone\" \/><\/td>\n<td style=\"width: 70.1161%; border-color: #ffffff;\">\n<h4><strong>Amaia Herv\u00e1s<\/strong><\/h4>\n<p>Jefe de Servicio Psiquiatria Infantil y juvenil Hospital Universitario Mutua Terrassa. Directora Clinica y Confundadora IGAIN. Barcelona.<\/p>\n<\/td>\n<\/tr>\n<tr>\n<td style=\"width: 29.8839%; border-color: #ffffff;\"><img loading=\"lazy\" decoding=\"async\" width=\"632\" height=\"633\" src=\"https:\/\/invanep.com\/congreso-2023\/wp-content\/uploads\/2022\/11\/Ami-Klin.png\" alt=\"\" class=\"size-medium alignnone\" \/><\/td>\n<td style=\"width: 70.1161%; border-color: #ffffff;\">\n<h4><strong>Ami Klin<\/strong><\/h4>\n<p>Director of Marcus Autism Center at Children\u2019s Healthcare of Atlanta and Emory University School of Medicine (Atlanta. USA).<\/p>\n<h4><strong>\u00a0<\/strong><\/h4>\n<\/td>\n<\/tr>\n<tr>\n<td style=\"width: 29.8839%; border-color: #ffffff;\"><img loading=\"lazy\" decoding=\"async\" width=\"1436\" height=\"1436\" src=\"https:\/\/invanep.com\/congreso-2023\/wp-content\/uploads\/2022\/11\/Mariano-Alcaniz.png\" alt=\"\" class=\"size-medium alignnone\" \/><\/td>\n<td style=\"width: 70.1161%; border-color: #ffffff;\">\n<p>&nbsp;<\/p>\n<h4><strong>Mariano Alca\u00f1iz<\/strong><\/h4>\n<p>Catedr\u00e1tico de Ingenier\u00eda Biom\u00e9dica de la Universidad Polit\u00e9cnica de Valencia. Director del Instituto LENl-I3B de la UPV (Valencia).<\/p>\n<\/td>\n<\/tr>\n<\/tbody>\n<\/table>\n<p>[\/et_pb_text][\/et_pb_column][et_pb_column type=\u00bb1_2&#8243; _builder_version=\u00bb4.23&#8243; _module_preset=\u00bbdefault\u00bb global_colors_info=\u00bb{}\u00bb][et_pb_text disabled_on=\u00bboff|off|off\u00bb _builder_version=\u00bb4.23.1&#8243; _module_preset=\u00bbdefault\u00bb background_color=\u00bb#FFFFFF\u00bb border_radii=\u00bbon|22px|22px|22px|22px\u00bb box_shadow_style=\u00bbpreset1&#8243; global_colors_info=\u00bb{}\u00bb]<\/p>\n<h1 style=\"text-align: center;\"><strong><\/strong><\/h1>\n<h1 style=\"text-align: center;\"><strong><\/strong><\/h1>\n<table border=\"1\" style=\"border-collapse: collapse; width: 101.741%;\" height=\"120\">\n<tbody>\n<tr>\n<td style=\"width: 100%; background-color: #0f1b67;\">\n<h1 style=\"text-align: center;\"><span style=\"color: #ffffff;\">T. LENGUJAE \/ T. APRENDIZAJE\u00a0<\/span><\/h1>\n<\/td>\n<\/tr>\n<\/tbody>\n<\/table>\n<table border=\"1\" style=\"border-collapse: collapse; width: 100%;\">\n<tbody>\n<tr>\n<td style=\"width: 29.8839%; border-color: #ffffff;\">\n<h4><img loading=\"lazy\" decoding=\"async\" width=\"250\" height=\"250\" src=\"https:\/\/invanep.com\/congreso-2023\/wp-content\/uploads\/2022\/11\/Inmaculada-Baixauli_recortada.png\" alt=\"\" class=\"size-medium alignnone\" \/><\/h4>\n<\/td>\n<td style=\"width: 70.1161%; border-color: #ffffff;\">\n<h4><strong>Inmaculada Baixauli<\/strong><\/h4>\n<p>Logopeda. Profesora de la Universidad Cat\u00f3lica de Valencia San Vicente M\u00e1rtir. (Valencia).<\/p>\n<\/td>\n<\/tr>\n<tr>\n<td style=\"width: 29.8839%; border-color: #ffffff;\"><img loading=\"lazy\" decoding=\"async\" width=\"390\" height=\"390\" src=\"https:\/\/invanep.com\/congreso-2023\/wp-content\/uploads\/2022\/11\/Dra_Sylvia_Sastre_i_Riba.png\" alt=\"\" class=\"size-medium alignnone\" \/><\/td>\n<td style=\"width: 70.1161%; border-color: #ffffff;\">\n<h4><strong>Sylvia Sastre-Riba<\/strong><\/h4>\n<p>Catedr\u00e1tica de Psicolog\u00eda Evolutiva y Educaci\u00f3n. Facultad de Psicolog\u00eda. Universidad de La Rioja (Logro\u00f1o).<\/p>\n<\/td>\n<\/tr>\n<\/tbody>\n<\/table>\n<p>[\/et_pb_text][\/et_pb_column][\/et_pb_row][\/et_pb_section][et_pb_section fb_built=\u00bb1&#8243; _builder_version=\u00bb4.21.0&#8243; _module_preset=\u00bbdefault\u00bb background_color=\u00bbRGBA(255,255,255,0)\u00bb bottom_divider_style=\u00bbramp2&#8243; bottom_divider_color=\u00bb#E09900&#8243; global_colors_info=\u00bb{}\u00bb][\/et_pb_section][et_pb_section fb_built=\u00bb1&#8243; _builder_version=\u00bb4.17.4&#8243; _module_preset=\u00bbdefault\u00bb top_divider_style=\u00bbslant2&#8243; top_divider_color=\u00bb#E09900&#8243; global_module=\u00bb74&#8243; saved_tabs=\u00bball\u00bb global_colors_info=\u00bb{}\u00bb][et_pb_row column_structure=\u00bb1_2,1_2&#8243; _builder_version=\u00bb4.17.4&#8243; _module_preset=\u00bbdefault\u00bb global_colors_info=\u00bb{}\u00bb][et_pb_column type=\u00bb1_2&#8243; _builder_version=\u00bb4.17.4&#8243; _module_preset=\u00bbdefault\u00bb global_colors_info=\u00bb{}\u00bb][et_pb_text _builder_version=\u00bb4.17.4&#8243; _module_preset=\u00bbdefault\u00bb background_color=\u00bb#00457A\u00bb custom_margin=\u00bb-2px||||false|false\u00bb custom_padding=\u00bb11px||||false|false\u00bb global_colors_info=\u00bb{}\u00bb]<\/p>\n<h4 style=\"text-align: center;\"><span style=\"color: #ffffff;\">ORGANIZACI\u00d3N<\/span><\/h4>\n<p>[\/et_pb_text][\/et_pb_column][et_pb_column type=\u00bb1_2&#8243; _builder_version=\u00bb4.17.4&#8243; _module_preset=\u00bbdefault\u00bb global_colors_info=\u00bb{}\u00bb][et_pb_text _builder_version=\u00bb4.17.4&#8243; _module_preset=\u00bbdefault\u00bb background_color=\u00bb#00457A\u00bb custom_margin=\u00bb-2px||||false|false\u00bb custom_padding=\u00bb11px||||false|false\u00bb global_colors_info=\u00bb{}\u00bb]<\/p>\n<h4 style=\"text-align: center;\"><span style=\"color: #ffffff;\">SECRETAR\u00cdA T\u00c9CNICA<\/span><\/h4>\n<p>[\/et_pb_text][\/et_pb_column][\/et_pb_row][et_pb_row column_structure=\u00bb1_4,1_4,1_4,1_4&#8243; _builder_version=\u00bb4.17.4&#8243; _module_preset=\u00bbdefault\u00bb global_colors_info=\u00bb{}\u00bb][et_pb_column type=\u00bb1_4&#8243; _builder_version=\u00bb4.17.4&#8243; _module_preset=\u00bbdefault\u00bb global_colors_info=\u00bb{}\u00bb][et_pb_image src=\u00bbhttps:\/\/invanep.com\/congreso-2024\/wp-content\/uploads\/2023\/05\/logo_INVANEP.jpg\u00bb title_text=\u00bblogo_INVANEP\u00bb _builder_version=\u00bb4.17.4&#8243; _module_preset=\u00bbdefault\u00bb global_colors_info=\u00bb{}\u00bb][\/et_pb_image][\/et_pb_column][et_pb_column type=\u00bb1_4&#8243; _builder_version=\u00bb4.17.4&#8243; _module_preset=\u00bbdefault\u00bb global_colors_info=\u00bb{}\u00bb][et_pb_text _builder_version=\u00bb4.17.4&#8243; _module_preset=\u00bbdefault\u00bb global_colors_info=\u00bb{}\u00bb]<\/p>\n<h3 class=\"et_pb_module_header\"><a href=\"https:\/\/invanep.com\/\">SECRETAR\u00cdA CIENT\u00cdFICA y ORGANIZACI\u00d3N DEL CONGRESO<\/a><\/h3>\n<div class=\"et_pb_blurb_description\">\n<p><strong><a rel=\"noreferrer noopener\" href=\"https:\/\/invanep.com\/\" target=\"_blank\">Instituto Valenciano de Neurolog\u00eda Pedi\u00e1trica (INVANEP)<\/a><br \/>Calle Artes Gr\u00e1ficas 23, bajo. 46010-Valencia<br \/>Tf: (+ 34)96 361 33 00<br \/><a href=\"https:\/\/www.invanep.com\/\">www.invanep.com<\/a><br \/><a href=\"mailto:secretaria@invanep.com\">secretaria@invanep.com<\/a><\/strong><\/p>\n<\/div>\n<p>[\/et_pb_text][\/et_pb_column][et_pb_column type=\u00bb1_4&#8243; _builder_version=\u00bb4.17.4&#8243; _module_preset=\u00bbdefault\u00bb global_colors_info=\u00bb{}\u00bb][et_pb_image src=\u00bbhttps:\/\/invanep.com\/congreso-2024\/wp-content\/uploads\/2023\/05\/Cartel-Entrada.png\u00bb title_text=\u00bbCartel Entrada\u00bb _builder_version=\u00bb4.17.4&#8243; _module_preset=\u00bbdefault\u00bb global_colors_info=\u00bb{}\u00bb][\/et_pb_image][\/et_pb_column][et_pb_column type=\u00bb1_4&#8243; _builder_version=\u00bb4.17.4&#8243; _module_preset=\u00bbdefault\u00bb global_colors_info=\u00bb{}\u00bb][et_pb_text _builder_version=\u00bb4.17.4&#8243; _module_preset=\u00bbdefault\u00bb global_colors_info=\u00bb{}\u00bb]<\/p>\n<h3 class=\"et_pb_module_header\"><a href=\"https:\/\/www.theoriacongresos.com\/\" target=\"_blank\" rel=\"noopener\">SECRETAR\u00cdA T\u00c9CNICA (inscripciones y consultas)<\/a><\/h3>\n<div class=\"et_pb_blurb_description\">\n<p><a href=\"https:\/\/www.theoriacongresos.com\/\" target=\"_blank\" rel=\"noreferrer noopener\"><strong>THEORIA Congresos<\/strong><\/a><br \/><strong>Calle Gasc\u00f3 Oliag, n\u00ba 6, puerta 4. 46010 Valencia<\/strong><br \/><strong>Tf: (+ 34)960 72 82 12<\/strong><br \/><strong><a rel=\"noreferrer noopener\" href=\"mailto:info@theoriacongresos.com\" target=\"_blank\">info@theoriacongresos.com<\/a><\/strong><\/p>\n<\/div>\n<p>[\/et_pb_text][\/et_pb_column][\/et_pb_row][\/et_pb_section]<\/p>\n","protected":false},"excerpt":{"rendered":"<p>PONENTES NEURODESARROLLO &nbsp; Salvador Mart\u00ednez Catedr\u00e1tico del Dpto. de Histolog\u00eda y Anatom\u00eda Humana, F. de Medicina de la Universidad Miguel Hern\u00e1ndez, Elche. Investigador del Instituto de Neurociencias. Director del laboratorio de Embriolog\u00eda Experimental del Instituto de Neurociencias, UMH-CSIC. (Alicante). \u00a0 Maria \u00c1ngeles Idiaz\u00e1bal Neurofisi\u00f3loga Cl\u00ednica. M\u00e1ster Internacional en Electrodiagn\u00f3stico Neurol\u00f3gico. Directora del Instituto Neurocognitivo INCIA [&hellip;]<\/p>\n","protected":false},"author":1,"featured_media":0,"parent":0,"menu_order":0,"comment_status":"closed","ping_status":"closed","template":"","meta":{"_et_pb_use_builder":"on","_et_pb_old_content":"","_et_gb_content_width":"","footnotes":""},"class_list":["post-87","page","type-page","status-publish","hentry"],"_links":{"self":[{"href":"https:\/\/invanep.com\/congreso-2024\/wp-json\/wp\/v2\/pages\/87","targetHints":{"allow":["GET"]}}],"collection":[{"href":"https:\/\/invanep.com\/congreso-2024\/wp-json\/wp\/v2\/pages"}],"about":[{"href":"https:\/\/invanep.com\/congreso-2024\/wp-json\/wp\/v2\/types\/page"}],"author":[{"embeddable":true,"href":"https:\/\/invanep.com\/congreso-2024\/wp-json\/wp\/v2\/users\/1"}],"replies":[{"embeddable":true,"href":"https:\/\/invanep.com\/congreso-2024\/wp-json\/wp\/v2\/comments?post=87"}],"version-history":[{"count":21,"href":"https:\/\/invanep.com\/congreso-2024\/wp-json\/wp\/v2\/pages\/87\/revisions"}],"predecessor-version":[{"id":543,"href":"https:\/\/invanep.com\/congreso-2024\/wp-json\/wp\/v2\/pages\/87\/revisions\/543"}],"wp:attachment":[{"href":"https:\/\/invanep.com\/congreso-2024\/wp-json\/wp\/v2\/media?parent=87"}],"curies":[{"name":"wp","href":"https:\/\/api.w.org\/{rel}","templated":true}]}}