{"id":71,"date":"2023-05-23T14:49:47","date_gmt":"2023-05-23T14:49:47","guid":{"rendered":"https:\/\/invanep.com\/congreso-2024\/?page_id=71"},"modified":"2023-10-13T09:38:40","modified_gmt":"2023-10-13T09:38:40","slug":"salutacion","status":"publish","type":"page","link":"https:\/\/invanep.com\/congreso-2024\/salutacion\/","title":{"rendered":"SALUTACI\u00d3N"},"content":{"rendered":"<p>[et_pb_section fb_built=\u00bb1&#8243; custom_padding_last_edited=\u00bbon|phone\u00bb _builder_version=\u00bb4.22.2&#8243; _module_preset=\u00bbdefault\u00bb background_image=\u00bbhttps:\/\/invanep.com\/congreso-2024\/wp-content\/uploads\/2023\/10\/banner.png\u00bb background_size=\u00bbinitial\u00bb background_position=\u00bbcenter_left\u00bb width_tablet=\u00bb\u00bb width_phone=\u00bb\u00bb width_last_edited=\u00bbon|phone\u00bb max_width_tablet=\u00bb\u00bb max_width_phone=\u00bb\u00bb max_width_last_edited=\u00bbon|phone\u00bb module_alignment=\u00bbcenter\u00bb min_height_tablet=\u00bb\u00bb min_height_phone=\u00bb\u00bb min_height_last_edited=\u00bbon|phone\u00bb height_tablet=\u00bb\u00bb height_phone=\u00bb\u00bb height_last_edited=\u00bbon|phone\u00bb max_height_tablet=\u00bb\u00bb max_height_phone=\u00bb\u00bb max_height_last_edited=\u00bbon|phone\u00bb custom_margin=\u00bb0px||0px||true|false\u00bb custom_margin_tablet=\u00bb\u00bb custom_margin_phone=\u00bb0px||0px||false|false\u00bb custom_margin_last_edited=\u00bbon|phone\u00bb custom_padding=\u00bb183px||136px||false|false\u00bb custom_padding_tablet=\u00bb\u00bb custom_padding_phone=\u00bb0px||0px||false|false\u00bb bottom_divider_style=\u00bbasymmetric2&#8243; bottom_divider_color=\u00bb#E09900&#8243; bottom_divider_height=\u00bb43px\u00bb border_width_top=\u00bb16px\u00bb border_color_top=\u00bb#FFFFFF\u00bb border_width_bottom=\u00bb23px\u00bb border_color_bottom=\u00bb#FFFFFF\u00bb global_module=\u00bb164&#8243; saved_tabs=\u00bball\u00bb global_colors_info=\u00bb{}\u00bb][\/et_pb_section][et_pb_section fb_built=\u00bb1&#8243; _builder_version=\u00bb4.21.0&#8243; _module_preset=\u00bbdefault\u00bb background_color=\u00bbRGBA(255,255,255,0)\u00bb custom_margin=\u00bb-26px||||false|false\u00bb top_divider_style=\u00bbasymmetric2&#8243; top_divider_color=\u00bb#E09900&#8243; top_divider_height=\u00bb30px\u00bb top_divider_repeat=\u00bb1x\u00bb global_colors_info=\u00bb{}\u00bb][et_pb_row _builder_version=\u00bb4.17.4&#8243; _module_preset=\u00bbdefault\u00bb global_colors_info=\u00bb{}\u00bb][et_pb_column type=\u00bb4_4&#8243; _builder_version=\u00bb4.17.4&#8243; _module_preset=\u00bbdefault\u00bb global_colors_info=\u00bb{}\u00bb][et_pb_text _builder_version=\u00bb4.17.4&#8243; _module_preset=\u00bbdefault\u00bb text_font_size=\u00bb20px\u00bb header_font_size=\u00bb43px\u00bb border_width_bottom=\u00bb3px\u00bb border_color_bottom=\u00bb#E09900&#8243; border_style_bottom=\u00bbdashed\u00bb global_colors_info=\u00bb{}\u00bb]<\/p>\n<h1 style=\"text-align: center;\">SALUTACI\u00d3N<\/h1>\n<p>[\/et_pb_text][\/et_pb_column][\/et_pb_row][\/et_pb_section][et_pb_section fb_built=\u00bb1&#8243; _builder_version=\u00bb4.21.0&#8243; _module_preset=\u00bbdefault\u00bb background_color=\u00bbRGBA(255,255,255,0)\u00bb custom_margin=\u00bb-95px||||false|false\u00bb global_colors_info=\u00bb{}\u00bb][et_pb_row _builder_version=\u00bb4.22.2&#8243; _module_preset=\u00bbdefault\u00bb column_structure=\u00bb1_2,1_2&#8243;][et_pb_column _builder_version=\u00bb4.22.2&#8243; _module_preset=\u00bbdefault\u00bb type=\u00bb1_2&#8243;][et_pb_text _builder_version=\u00bb4.22.2&#8243; _module_preset=\u00bbdefault\u00bb hover_enabled=\u00bb0&#8243; sticky_enabled=\u00bb0&#8243; background_color=\u00bb#FFFFFF\u00bb custom_padding=\u00bb20px|23px|20px|23px|true|true\u00bb border_radii=\u00bbon|32px|32px|32px|32px\u00bb box_shadow_style=\u00bbpreset1&#8243;]<\/p>\n<p>El Instituto Valenciano de Neurolog\u00eda Pedi\u00e1trica (INVANEP) organiza desde 1999 en Valencia, Espa\u00f1a, unos cursos de actualizaci\u00f3n en Neurodesarrollo que por su gran aceptaci\u00f3n son ahora un <strong>\u00abCongreso Internacional de actualizaci\u00f3n en TRASTORNOS DEL NEURODESARROLLO\u00bb, <\/strong>que los d\u00edas <u>8 y 9 de marzo<\/u><u> 2024<\/u> celebra la XXVI edici\u00f3n.<\/p>\n<p>Estos congresos son de \u00e1mbito interdisciplinar (Neuropediatras, Psiquiatras Infantiles, Pediatras, Psic\u00f3logos, Psicopedagogos, Logopedas, Pedagogos, Genetistas, Terapeutas, etc.). Se imparten CONFERENCIAS PLENARIAS de excelencia y se admiten COMUNICACIONES de posters libres sobre los bloques habituales: <strong>NEURODESARROLLO, TDAH, TEA,\u00a0 APRENDIZAJE Y LENGUAJE.<\/strong><\/p>\n<p>\u200cLos ponentes del XXVI Congreso son de excepci\u00f3n: cuatro son internacionales como el Prof. Ami klin, Marcus Center de Autismo,\u00a0 Atlanta (USA), los neuropediatras Dr. V\u00edctor Gaona de Asunci\u00f3n (Paraguay) y Dr. V\u00edctor Ruggieri de Buenos Aires (Argentina), y viene por primera vez a Valencia el Dr. Germ\u00e1n Casas, relevante psiquiatra de ni\u00f1os y adolescentes, de Bogot\u00e1 (Colombia).<\/p>\n<p>\u200cAbrir\u00e1 el congreso el prestigioso neurocient\u00edfico espa\u00f1ol Salvador Mart\u00ednez (Alicante) y le siguen destacados\u00a0 ponentes espa\u00f1oles: neuropediatras, psiquiatras infantiles y de la adolescencia, psic\u00f3logos, neuropsic\u00f3logos, logopedas.., \u00a0hasta un total de <strong><u>14 ponencias<\/u><\/strong> que se publican, tras revisiones externas, en la indexada revista MEDICINA de Buenos Aires, al igual que los abstracs de las comunicaciones admitidas.<\/p>\n<p>\u200cLas exposiciones se har\u00e1n en jornadas de tardes facilitando su visualizaci\u00f3n al otro lado del Atl\u00e1ntico, y se dar\u00e1 la opci\u00f3n a los inscritos de poder <u>revisarlas hasta un mes despu\u00e9s<\/u> de finalizado el congreso.<\/p>\n<p>\u200cEn la web del XXVI Congreso\u00a0 <strong>https:\/\/invanep.com\/congreso-2024<\/strong> se podr\u00e1n consultar los RES\u00daMENES de las conferencias que se ir\u00e1n colgando como en a\u00f1os anteriores y que siguen accesibles. Todas las CONFERENCIAS de los \u00faltimos 10 a\u00f1os pueden adquirirse en: \u00a0<strong>https:\/\/invanep.com\/cursos\/formacion-continuada<\/strong><\/p>\n<p>\u200cLes esperamos de forma <strong>PRESENCIAL y ONLINE<\/strong> en los albores de la primavera, coincidente con el\u00a0 preludio de las fiestas de Las Fallas, cuyos fuegos artificiales impregnan diariamente toda la ciudad. \u00a1Bienvenidos a Valencia!<\/p>\n<p>Dr. Fernando Mulas<\/p>\n<p>Presidente del Comit\u00e9 Organizador<\/p>\n<p>XXVI Congreso Trastornos Neurodesarrollo<\/p>\n<p>&nbsp;<\/p>\n<p>&nbsp;<\/p>\n<p>[\/et_pb_text][\/et_pb_column][et_pb_column _builder_version=\u00bb4.22.2&#8243; _module_preset=\u00bbdefault\u00bb type=\u00bb1_2&#8243;][et_pb_image src=\u00bbhttps:\/\/invanep.com\/congreso-2024\/wp-content\/uploads\/2023\/10\/Cartel-del-AVANCE-del-XXVI-CONGRESO.-2024-scaled.jpg\u00bb _builder_version=\u00bb4.22.2&#8243; _module_preset=\u00bbdefault\u00bb title_text=\u00bbCartel del AVANCE del XXVI CONGRESO. 2024&#8243; width=\u00bb61%\u00bb module_alignment=\u00bbcenter\u00bb box_shadow_style=\u00bbpreset1&#8243; hover_enabled=\u00bb0&#8243; sticky_enabled=\u00bb0&#8243;][\/et_pb_image][\/et_pb_column][\/et_pb_row][et_pb_row _builder_version=\u00bb4.22.2&#8243; _module_preset=\u00bbdefault\u00bb][et_pb_column _builder_version=\u00bb4.22.2&#8243; _module_preset=\u00bbdefault\u00bb type=\u00bb4_4&#8243;][et_pb_video src=\u00bbhttps:\/\/vimeo.com\/873997558&#8243; _builder_version=\u00bb4.22.2&#8243; _module_preset=\u00bbdefault\u00bb hover_enabled=\u00bb0&#8243; sticky_enabled=\u00bb0&#8243;][\/et_pb_video][\/et_pb_column][\/et_pb_row][\/et_pb_section][et_pb_section fb_built=\u00bb1&#8243; _builder_version=\u00bb4.21.0&#8243; _module_preset=\u00bbdefault\u00bb background_color=\u00bbRGBA(255,255,255,0)\u00bb bottom_divider_style=\u00bbramp2&#8243; bottom_divider_color=\u00bb#E09900&#8243; global_colors_info=\u00bb{}\u00bb][\/et_pb_section][et_pb_section fb_built=\u00bb1&#8243; _builder_version=\u00bb4.17.4&#8243; _module_preset=\u00bbdefault\u00bb top_divider_style=\u00bbslant2&#8243; top_divider_color=\u00bb#E09900&#8243; global_module=\u00bb74&#8243; saved_tabs=\u00bball\u00bb global_colors_info=\u00bb{}\u00bb][et_pb_row column_structure=\u00bb1_2,1_2&#8243; _builder_version=\u00bb4.17.4&#8243; _module_preset=\u00bbdefault\u00bb global_colors_info=\u00bb{}\u00bb][et_pb_column type=\u00bb1_2&#8243; _builder_version=\u00bb4.17.4&#8243; _module_preset=\u00bbdefault\u00bb global_colors_info=\u00bb{}\u00bb][et_pb_text _builder_version=\u00bb4.17.4&#8243; _module_preset=\u00bbdefault\u00bb background_color=\u00bb#00457A\u00bb custom_margin=\u00bb-2px||||false|false\u00bb custom_padding=\u00bb11px||||false|false\u00bb global_colors_info=\u00bb{}\u00bb]<\/p>\n<h4 style=\"text-align: center;\"><span style=\"color: #ffffff;\">ORGANIZACI\u00d3N<\/span><\/h4>\n<p>[\/et_pb_text][\/et_pb_column][et_pb_column type=\u00bb1_2&#8243; _builder_version=\u00bb4.17.4&#8243; _module_preset=\u00bbdefault\u00bb global_colors_info=\u00bb{}\u00bb][et_pb_text _builder_version=\u00bb4.17.4&#8243; _module_preset=\u00bbdefault\u00bb background_color=\u00bb#00457A\u00bb custom_margin=\u00bb-2px||||false|false\u00bb custom_padding=\u00bb11px||||false|false\u00bb global_colors_info=\u00bb{}\u00bb]<\/p>\n<h4 style=\"text-align: center;\"><span style=\"color: #ffffff;\">SECRETAR\u00cdA T\u00c9CNICA<\/span><\/h4>\n<p>[\/et_pb_text][\/et_pb_column][\/et_pb_row][et_pb_row column_structure=\u00bb1_4,1_4,1_4,1_4&#8243; _builder_version=\u00bb4.17.4&#8243; _module_preset=\u00bbdefault\u00bb global_colors_info=\u00bb{}\u00bb][et_pb_column type=\u00bb1_4&#8243; _builder_version=\u00bb4.17.4&#8243; _module_preset=\u00bbdefault\u00bb global_colors_info=\u00bb{}\u00bb][et_pb_image src=\u00bbhttps:\/\/invanep.com\/congreso-2024\/wp-content\/uploads\/2023\/05\/logo_INVANEP.jpg\u00bb title_text=\u00bblogo_INVANEP\u00bb _builder_version=\u00bb4.17.4&#8243; _module_preset=\u00bbdefault\u00bb global_colors_info=\u00bb{}\u00bb][\/et_pb_image][\/et_pb_column][et_pb_column type=\u00bb1_4&#8243; _builder_version=\u00bb4.17.4&#8243; _module_preset=\u00bbdefault\u00bb global_colors_info=\u00bb{}\u00bb][et_pb_text _builder_version=\u00bb4.17.4&#8243; _module_preset=\u00bbdefault\u00bb global_colors_info=\u00bb{}\u00bb]<\/p>\n<h3 class=\"et_pb_module_header\"><a href=\"https:\/\/invanep.com\/\">SECRETAR\u00cdA CIENT\u00cdFICA y ORGANIZACI\u00d3N DEL CONGRESO<\/a><\/h3>\n<div class=\"et_pb_blurb_description\">\n<p><strong><a rel=\"noreferrer noopener\" href=\"https:\/\/invanep.com\/\" target=\"_blank\">Instituto Valenciano de Neurolog\u00eda Pedi\u00e1trica (INVANEP)<\/a><br \/>Calle Artes Gr\u00e1ficas 23, bajo. 46010-Valencia<br \/>Tf: (+ 34)96 361 33 00<br \/><a href=\"https:\/\/www.invanep.com\/\">www.invanep.com<\/a><br \/><a href=\"mailto:secretaria@invanep.com\">secretaria@invanep.com<\/a><\/strong><\/p>\n<\/div>\n<p>[\/et_pb_text][\/et_pb_column][et_pb_column type=\u00bb1_4&#8243; _builder_version=\u00bb4.17.4&#8243; _module_preset=\u00bbdefault\u00bb global_colors_info=\u00bb{}\u00bb][et_pb_image src=\u00bbhttps:\/\/invanep.com\/congreso-2024\/wp-content\/uploads\/2023\/05\/Cartel-Entrada.png\u00bb title_text=\u00bbCartel Entrada\u00bb _builder_version=\u00bb4.17.4&#8243; _module_preset=\u00bbdefault\u00bb global_colors_info=\u00bb{}\u00bb][\/et_pb_image][\/et_pb_column][et_pb_column type=\u00bb1_4&#8243; _builder_version=\u00bb4.17.4&#8243; _module_preset=\u00bbdefault\u00bb global_colors_info=\u00bb{}\u00bb][et_pb_text _builder_version=\u00bb4.17.4&#8243; _module_preset=\u00bbdefault\u00bb global_colors_info=\u00bb{}\u00bb]<\/p>\n<h3 class=\"et_pb_module_header\"><a href=\"https:\/\/www.theoriacongresos.com\/\" target=\"_blank\" rel=\"noopener\">SECRETAR\u00cdA T\u00c9CNICA (inscripciones y consultas)<\/a><\/h3>\n<div class=\"et_pb_blurb_description\">\n<p><a href=\"https:\/\/www.theoriacongresos.com\/\" target=\"_blank\" rel=\"noreferrer noopener\"><strong>THEORIA Congresos<\/strong><\/a><br \/><strong>Calle Gasc\u00f3 Oliag, n\u00ba 6, puerta 4. 46010 Valencia<\/strong><br \/><strong>Tf: (+ 34)960 72 82 12<\/strong><br \/><strong><a rel=\"noreferrer noopener\" href=\"mailto:info@theoriacongresos.com\" target=\"_blank\">info@theoriacongresos.com<\/a><\/strong><\/p>\n<\/div>\n<p>[\/et_pb_text][\/et_pb_column][\/et_pb_row][\/et_pb_section]<\/p>\n","protected":false},"excerpt":{"rendered":"<p>SALUTACI\u00d3NEl Instituto Valenciano de Neurolog\u00eda Pedi\u00e1trica (INVANEP) organiza desde 1999 en Valencia, Espa\u00f1a, unos cursos de actualizaci\u00f3n en Neurodesarrollo que por su gran aceptaci\u00f3n son ahora un \u00abCongreso Internacional de actualizaci\u00f3n en TRASTORNOS DEL NEURODESARROLLO\u00bb, que los d\u00edas 8 y 9 de marzo 2024 celebra la XXVI edici\u00f3n. Estos congresos son de \u00e1mbito interdisciplinar (Neuropediatras, [&hellip;]<\/p>\n","protected":false},"author":1,"featured_media":0,"parent":0,"menu_order":0,"comment_status":"closed","ping_status":"closed","template":"","meta":{"_et_pb_use_builder":"on","_et_pb_old_content":"","_et_gb_content_width":"","footnotes":""},"class_list":["post-71","page","type-page","status-publish","hentry"],"_links":{"self":[{"href":"https:\/\/invanep.com\/congreso-2024\/wp-json\/wp\/v2\/pages\/71","targetHints":{"allow":["GET"]}}],"collection":[{"href":"https:\/\/invanep.com\/congreso-2024\/wp-json\/wp\/v2\/pages"}],"about":[{"href":"https:\/\/invanep.com\/congreso-2024\/wp-json\/wp\/v2\/types\/page"}],"author":[{"embeddable":true,"href":"https:\/\/invanep.com\/congreso-2024\/wp-json\/wp\/v2\/users\/1"}],"replies":[{"embeddable":true,"href":"https:\/\/invanep.com\/congreso-2024\/wp-json\/wp\/v2\/comments?post=71"}],"version-history":[{"count":16,"href":"https:\/\/invanep.com\/congreso-2024\/wp-json\/wp\/v2\/pages\/71\/revisions"}],"predecessor-version":[{"id":296,"href":"https:\/\/invanep.com\/congreso-2024\/wp-json\/wp\/v2\/pages\/71\/revisions\/296"}],"wp:attachment":[{"href":"https:\/\/invanep.com\/congreso-2024\/wp-json\/wp\/v2\/media?parent=71"}],"curies":[{"name":"wp","href":"https:\/\/api.w.org\/{rel}","templated":true}]}}