{"id":62,"date":"2023-05-23T11:58:23","date_gmt":"2023-05-23T11:58:23","guid":{"rendered":"https:\/\/invanep.com\/congreso-2024\/?page_id=62"},"modified":"2023-10-31T09:02:21","modified_gmt":"2023-10-31T09:02:21","slug":"condiciones-legales","status":"publish","type":"page","link":"https:\/\/invanep.com\/congreso-2024\/condiciones-legales\/","title":{"rendered":"Condiciones Legales"},"content":{"rendered":"<p>[et_pb_section fb_built=\u00bb1&#8243; _builder_version=\u00bb4.22.2&#8243; _module_preset=\u00bbdefault\u00bb use_background_color_gradient=\u00bbon\u00bb background_color_gradient_direction=\u00bb268deg\u00bb background_color_gradient_stops=\u00bbrgba(0,32,138,0.45) 1%|#1a0052 99%\u00bb background_image=\u00bbhttps:\/\/invanep.com\/congreso-2024\/wp-content\/uploads\/2023\/06\/VLC-fondo_Mesa-de-trabajo-2.jpg\u00bb background_blend=\u00bbmultiply\u00bb locked=\u00bboff\u00bb global_colors_info=\u00bb{}\u00bb][et_pb_row _builder_version=\u00bb4.22.2&#8243; _module_preset=\u00bbdefault\u00bb global_colors_info=\u00bb{}\u00bb][et_pb_column type=\u00bb4_4&#8243; _builder_version=\u00bb4.22.2&#8243; _module_preset=\u00bbdefault\u00bb global_colors_info=\u00bb{}\u00bb][et_pb_post_title meta=\u00bboff\u00bb featured_image=\u00bboff\u00bb text_color=\u00bblight\u00bb _builder_version=\u00bb4.22.2&#8243; _module_preset=\u00bbdefault\u00bb title_font_size=\u00bb39px\u00bb border_width_bottom=\u00bb4px\u00bb border_color_bottom=\u00bb#FFFFFF\u00bb global_colors_info=\u00bb{}\u00bb][\/et_pb_post_title][\/et_pb_column][\/et_pb_row][\/et_pb_section][et_pb_section fb_built=\u00bb1&#8243; _builder_version=\u00bb4.17.4&#8243; _module_preset=\u00bbdefault\u00bb global_colors_info=\u00bb{}\u00bb][et_pb_row _builder_version=\u00bb4.17.4&#8243; _module_preset=\u00bbdefault\u00bb global_colors_info=\u00bb{}\u00bb][et_pb_column type=\u00bb4_4&#8243; _builder_version=\u00bb4.17.4&#8243; _module_preset=\u00bbdefault\u00bb global_colors_info=\u00bb{}\u00bb][et_pb_text _builder_version=\u00bb4.23&#8243; _module_preset=\u00bbdefault\u00bb hover_enabled=\u00bb0&#8243; global_colors_info=\u00bb{}\u00bb sticky_enabled=\u00bb0&#8243;]<\/p>\n<div>\n<div><\/div>\n<\/div>\n<div>\n<div>\n<div>\n<p>En THEORIA CONGRESOS (Hern\u00e1ndez Tena Congresos, S.L.) nos preocupamos por la privacidad y la transparencia.<br \/>En este enlace le indicamos en detalle los tratamientos de datos personales que realizamos, as\u00ed como toda la informaci\u00f3n relativa a los mismos:\u00a0<a href=\"https:\/\/invanep.com\/congreso-2024\/politica-de-privacidad\/\">https:\/\/www.invanep.com\/congreso2024\/politica-privacidad\/<\/a><\/p>\n<\/div>\n<\/div>\n<div>\n<div>\n<h2>Condiciones legales<\/h2>\n<p>De acuerdo con el art\u00edculo 10 de la Ley 34\/2002, de 11 de julio, de Servicios de la Sociedad de la Informaci\u00f3n y de Comercio Electr\u00f3nico informamos de nuestros datos fiscales a todo aqu\u00e9l visitante de nuestra web:<\/p>\n<ul>\n<li>Su denominaci\u00f3n social es: THEORIA CONGRESOS, S.L.<\/li>\n<li>Su CIF es: B98652308<\/li>\n<li>Su domicilio social est\u00e1 en: CL Gasc\u00f3 Oliag, 6, Escalera C, entresuelo, puerta 4 \u2013 46010. Valencia.<\/li>\n<li>Registro Mercantil de Valencia tomo 9819, folio 56, inscripci\u00f3n 1 con hoja V-160380.<\/li>\n<\/ul>\n<p>Para comunicarse con nosotros, ponemos a su disposici\u00f3n diferentes medios de contacto que detallamos a continuaci\u00f3n:<\/p>\n<ul>\n<li>Tfno: +34 960728212<\/li>\n<li>Email:\u00a0<a href=\"mailto:info@theoriacongresos.com\">info@theoriacongresos.com<\/a><\/li>\n<\/ul>\n<p>A continuaci\u00f3n le detallamos la informaci\u00f3n relativa a la venta de inscripciones \/alojamientos, y condiciones de uso y compra de las mismas.<\/p>\n<\/div>\n<\/div>\n<div>\n<div>\n<h2>Condiciones de compra<\/h2>\n<p>La organizaci\u00f3n se reserva el derecho a ofrecer descuentos en el precio de las inscripciones y\/o reservas y a retirar los mismos seg\u00fan lo considere oportuno.<br \/>La cuota de inscripci\u00f3n incluye: ver cuadro cuotas en<a href=\"https:\/\/invanep.com\/congreso-2024\/inscripciones\/\"><span>\u00a0<\/span>https:\/\/www.invanep.com\/congreso2024\/inscripciones\/<\/a><br \/>La reserva incluye: ver cuadro alojamiento en<span>\u00a0<\/span><a href=\"https:\/\/invanep.com\/congreso-2024\/inscripciones\/\">https:\/\/www.invanep.com\/congreso2024\/inscripciones\/<\/a><\/p>\n<p>&nbsp;<\/p>\n<\/div>\n<\/div>\n<div>\n<div>\n<h2>POL\u00cdTICA DE CAMBIOS Y DEVOLUCIONES<\/h2>\n<h3>Aspectos generales<\/h3>\n<p>Como norma general, no se admitir\u00e1n cambios o devoluciones de las inscripciones y\/o reservas. El Usuario no podr\u00e1 ejercitar el derecho de desistimiento ni de resoluci\u00f3n, de acuerdo con la normativa vigente en materia de consumo y de ordenaci\u00f3n del comercio minorista.<\/p>\n<p>En el \u00fanico supuesto en que el Usuario puede solicitar el cambio o devoluci\u00f3n de las inscripciones y\/o reservas, es en el caso de que la organizaci\u00f3n, fuera de las causas previstas en este condicionado, decida cancelar o suspender del Evento de forma unilateral y sin causa justificada. A\u00fan as\u00ed , en caso de que se cancele o suspenda el Evento una vez transcurrido m\u00e1s de la mitad del mismo, el Comprador no tendr\u00e1 derecho al reembolso del precio de la inscripci\u00f3n.<\/p>\n<p>No se admitir\u00e1n cambios o devoluciones de las inscripciones y\/o reservas, en el supuesto de aplazamiento del Evento.<\/p>\n<p>La imposibilidad de asistir a un evento o un error al realizar la compra de la\/s inscripci\u00f3n\/es y\/o reservas (por haber introducido incorrectamente el correo electr\u00f3nico en el proceso de compra, por ejemplo) no son motivos que permitan su devoluci\u00f3n.<\/p>\n<p>De acuerdo con la normativa vigente en materia de consumo y de ordenaci\u00f3n del comercio minorista, el Comprador no podr\u00e1 ejercitar el derecho de desistimiento ni de resoluci\u00f3n, ya que el suministro de servicios relacionados con actividades de esparcimiento est\u00e1 exceptuado de tal derecho.<\/p>\n<p>Las malas condiciones climatol\u00f3gicas no dan derecho a devoluci\u00f3n de la inscripci\u00f3n o del precio de la misma.<\/p>\n<p>Ante cualquier cancelaci\u00f3n o cambio que se produzca en el Evento, THEORIA CONGRESOS, S.L. se compromete a publicarlo en el Sitio Web, y enviar un correo electr\u00f3nico al Comprador a la direcci\u00f3n que haya indicado en el Formulario de Registro inform\u00e1ndole acerca de dicha cancelaci\u00f3n o cambio.<\/p>\n<p>La organizaci\u00f3n no reembolsar\u00e1 el importe de la\/s inscripci\u00f3n\/es y\/o reservas en ning\u00fan momento si el evento no pudiera realizarse por causas de fuerza mayor ajenas a la organizaci\u00f3n del evento, tales como desastre natural, terremoto, inundaci\u00f3n, alerta terrorista, guerra, grandes disturbios, toque de queda, alarma sanitaria, epidemia, incendio, ca\u00edda de meteoritos, inestabilidad social, etc. o cualquier causa de fuerza mayor ajena a la organizaci\u00f3n del evento que altere el normal transcurso de la vida cotidiana. Tampoco se realizar\u00e1 reembolso del importe a aquellos asistentes que no puedan asistir por causas ajenas a su voluntad y circunstancias cr\u00edticas como huelga de transportes, accidentes, enfermedad, etc. o cualquier problema ajeno a la organizaci\u00f3n del evento que impidan al asistente acudir al congreso.<\/p>\n<p>El evento podr\u00e1 ser grabados para ser emitidos en diferentes canales, de modo que los asistentes pueden ser grabados. En el caso de no querer aparecer en v\u00eddeos o grabaciones tendr\u00e1 que ser comunicado expl\u00edcitamente. Los contenidos y v\u00eddeos de las conferencias y talleres del evento son propiedad de THEORIA CONGRESOS, S.L., y su copyright pertenece a THEORIA\u00a0CONGRESOS, S.L. para poder publicarlos en la forma y tiempo que considere. Los asistentes podr\u00e1n subir fotograf\u00edas del evento a Internet, pero no est\u00e1 permitido grabar v\u00eddeos ni audios de las conferencias ni publicarlos en ninguna de las plataformas de v\u00eddeo existentes.<\/p>\n<p>THEORIA CONGRESOS, S.L. velar\u00e1 por la correcta organizaci\u00f3n de todo el congreso y para que los proveedores de servicios y de la sede del evento cumplan con la ley y las medidas de seguridad oportunas, por lo que no nos hacemos responsables ante negligencias de otras empresas o proveedores que puedan causar alg\u00fan da\u00f1o o accidente, sea del propio edificio, de los proveedores de audiovisuales, de catering, etc. THEORIA CONGRESOS, S.L. no se hace responsable si un asistente ingiere alg\u00fan alimento o bebida al que sea al\u00e9rgico, dado que el catering es el mismo para todos, y cada asistente debe conocer qu\u00e9 puede y que no puede tomar, y en caso de duda sobre la composici\u00f3n de alg\u00fan alimento debe elegir por precauci\u00f3n no tomarlo.<\/p>\n<p>Los asistentes deber\u00e1n portar en todo momento la acreditaci\u00f3n que les identifique como asistentes al evento y que se les ser\u00e1 entregada a su llegada al recinto por primera vez tras presentar su DNI. Cualquier miembro del personal del evento podr\u00e1 exigir la presentaci\u00f3n del DNI y la acreditaci\u00f3n dentro del recinto del evento. Si una persona no porta la acreditaci\u00f3n o se niega a identificarse con su DNI o documento similar, podr\u00e1 ser invitada a abandonar el recinto sin que ello derive en compensaci\u00f3n ninguna. Todas las acreditaciones ser\u00e1n personales e intransferibles. La duplicaci\u00f3n de la acreditaci\u00f3n o su cesi\u00f3n a otra persona no inscrita en el congreso podr\u00e1 dar lugar a la anulaci\u00f3n del derecho de asistencia al mismo sin que ello derive en compensaci\u00f3n alguna, y podr\u00e1 ser denunciado a las autoridades pertinentes por falsificaci\u00f3n de documento o uso indebido.<\/p>\n<p>La organizaci\u00f3n del evento velar\u00e1 por el orden y la seguridad dentro del recinto del congreso, pero no se hace responsable de los bienes personales de los asistentes, siendo \u00e9stos los \u00fanicos responsables de los mismos, de su vigilancia y control. La organizaci\u00f3n del evento no se har\u00e1 responsable de ning\u00fan bien personal extraviado o robado, aunque si guardar\u00e1 todos aquellos objetos y bienes perdidos para la devoluci\u00f3n a sus due\u00f1os si son identificados o reclaman su perdida.<\/p>\n<p>La organizaci\u00f3n siempre tendr\u00e1 la intenci\u00f3n y el objetivo de realizar un evento de calidad, poniendo todos los medios para lograrlo, pero entiende que circunstancias de las que la organizaci\u00f3n no sea responsable puedan hacer que el resultado no sea el deseado, aunque la organizaci\u00f3n tratar\u00e1 de resolver cuantos problemas o impedimentos puedan surgir para el buen funcionamiento y el discurrir del evento y velar\u00e1 por el bienestar de todos los asistentes y la satisfacci\u00f3n de los mismos.<\/p>\n<h3>Recogida de datos y uso de la informaci\u00f3n<\/h3>\n<p>Responsable: THEORIA CONGRESOS, S.L.; Finalidad: Gestionar los asistentes a los eventos y enviar invitaciones a nuevos eventos, enviar e-mails informativos sobre el congreso, as\u00ed como informaci\u00f3n y ofertas relevantes para el usuario por parte de los patrocinadores; Legitimaci\u00f3n: Consentimiento del interesado; Destinatarios: No se ceder\u00e1n datos a terceros, salvo obligaci\u00f3n legal; Derechos: Tiene derecho a acceder, rectificar y suprimir los datos, as\u00ed como otros derechos, indicados en la informaci\u00f3n adicional, que puede ejercer dirigi\u00e9ndose a la direcci\u00f3n del responsable del tratamiento; Procedencia: El propio interesado; Informaci\u00f3n adicional: En la url de la entidad www.theoriacongresos.com<\/p>\n<\/div>\n<\/div>\n<\/div>\n<p>[\/et_pb_text][\/et_pb_column][\/et_pb_row][\/et_pb_section]<\/p>\n","protected":false},"excerpt":{"rendered":"<p>En THEORIA CONGRESOS (Hern\u00e1ndez Tena Congresos, S.L.) nos preocupamos por la privacidad y la transparencia.En este enlace le indicamos en detalle los tratamientos de datos personales que realizamos, as\u00ed como toda la informaci\u00f3n relativa a los mismos:\u00a0https:\/\/www.invanep.com\/congreso2024\/politica-privacidad\/ Condiciones legales De acuerdo con el art\u00edculo 10 de la Ley 34\/2002, de 11 de julio, de Servicios [&hellip;]<\/p>\n","protected":false},"author":1,"featured_media":0,"parent":0,"menu_order":0,"comment_status":"closed","ping_status":"closed","template":"","meta":{"_et_pb_use_builder":"on","_et_pb_old_content":"","_et_gb_content_width":"","footnotes":""},"class_list":["post-62","page","type-page","status-publish","hentry"],"_links":{"self":[{"href":"https:\/\/invanep.com\/congreso-2024\/wp-json\/wp\/v2\/pages\/62","targetHints":{"allow":["GET"]}}],"collection":[{"href":"https:\/\/invanep.com\/congreso-2024\/wp-json\/wp\/v2\/pages"}],"about":[{"href":"https:\/\/invanep.com\/congreso-2024\/wp-json\/wp\/v2\/types\/page"}],"author":[{"embeddable":true,"href":"https:\/\/invanep.com\/congreso-2024\/wp-json\/wp\/v2\/users\/1"}],"replies":[{"embeddable":true,"href":"https:\/\/invanep.com\/congreso-2024\/wp-json\/wp\/v2\/comments?post=62"}],"version-history":[{"count":10,"href":"https:\/\/invanep.com\/congreso-2024\/wp-json\/wp\/v2\/pages\/62\/revisions"}],"predecessor-version":[{"id":325,"href":"https:\/\/invanep.com\/congreso-2024\/wp-json\/wp\/v2\/pages\/62\/revisions\/325"}],"wp:attachment":[{"href":"https:\/\/invanep.com\/congreso-2024\/wp-json\/wp\/v2\/media?parent=62"}],"curies":[{"name":"wp","href":"https:\/\/api.w.org\/{rel}","templated":true}]}}