{"id":57,"date":"2023-05-23T11:54:34","date_gmt":"2023-05-23T11:54:34","guid":{"rendered":"https:\/\/invanep.com\/congreso-2024\/?page_id=57"},"modified":"2023-09-22T08:14:03","modified_gmt":"2023-09-22T08:14:03","slug":"politica-de-privacidad","status":"publish","type":"page","link":"https:\/\/invanep.com\/congreso-2024\/politica-de-privacidad\/","title":{"rendered":"Pol\u00edtica de Privacidad"},"content":{"rendered":"<p>[et_pb_section fb_built=\u00bb1&#8243; theme_builder_area=\u00bbpost_content\u00bb _builder_version=\u00bb4.22.2&#8243; _module_preset=\u00bbdefault\u00bb title_text=\u00bbVLC fondo_Mesa de trabajo 2&#8243; background_image=\u00bbhttps:\/\/invanep.com\/congreso-2024\/wp-content\/uploads\/2023\/06\/VLC-fondo_Mesa-de-trabajo-2.jpg\u00bb use_background_color_gradient=\u00bbon\u00bb hover_enabled=\u00bb0&#8243; sticky_enabled=\u00bb0&#8243; background_blend=\u00bbmultiply\u00bb background_color_gradient_stops=\u00bbrgba(0,32,138,0.45) 1%|#1a0052 99%\u00bb background_color_gradient_direction=\u00bb268deg\u00bb][et_pb_row _builder_version=\u00bb4.22.2&#8243; _module_preset=\u00bbdefault\u00bb theme_builder_area=\u00bbpost_content\u00bb][et_pb_column _builder_version=\u00bb4.22.2&#8243; _module_preset=\u00bbdefault\u00bb type=\u00bb4_4&#8243; theme_builder_area=\u00bbpost_content\u00bb][et_pb_post_title _builder_version=\u00bb4.22.2&#8243; _module_preset=\u00bbdefault\u00bb theme_builder_area=\u00bbpost_content\u00bb meta=\u00bboff\u00bb featured_image=\u00bboff\u00bb title_font_size=\u00bb39px\u00bb border_width_bottom=\u00bb4px\u00bb border_color_bottom=\u00bb#FFFFFF\u00bb hover_enabled=\u00bb0&#8243; sticky_enabled=\u00bb0&#8243; text_color=\u00bblight\u00bb][\/et_pb_post_title][\/et_pb_column][\/et_pb_row][\/et_pb_section][et_pb_section fb_built=\u00bb1&#8243; _builder_version=\u00bb4.17.4&#8243; _module_preset=\u00bbdefault\u00bb global_colors_info=\u00bb{}\u00bb][et_pb_row _builder_version=\u00bb4.17.4&#8243; _module_preset=\u00bbdefault\u00bb global_colors_info=\u00bb{}\u00bb][et_pb_column type=\u00bb4_4&#8243; _builder_version=\u00bb4.17.4&#8243; _module_preset=\u00bbdefault\u00bb global_colors_info=\u00bb{}\u00bb][et_pb_text _builder_version=\u00bb4.22.2&#8243; _module_preset=\u00bbdefault\u00bb global_colors_info=\u00bb{}\u00bb]<\/p>\n<p><strong><\/strong><\/p>\n<h3><strong>Tratamiento de los datos de asistentes a eventos<\/strong><\/h3>\n<table>\n<tbody>\n<tr>\n<td colspan=\"2\"><strong>Informaci\u00f3n b\u00e1sica sobre Protecci\u00f3n de datos<\/strong><\/td>\n<\/tr>\n<tr>\n<td><strong>Responsable:<\/strong><\/td>\n<td>THEORIA CONGRESOS, S.L.<\/td>\n<\/tr>\n<tr>\n<td><strong>Finalidad:<\/strong><\/td>\n<td>Gestionar su asistencia al evento y enviar invitaciones a nuevos eventos de su inter\u00e9s.<\/td>\n<\/tr>\n<tr>\n<td><strong>Legitimaci\u00f3n:<\/strong><\/td>\n<td>Consentimiento del interesado.<\/td>\n<\/tr>\n<tr>\n<td><strong>Destinatarios:<\/strong><\/td>\n<td>No se ceder\u00e1n datos a terceros, salvo obligaci\u00f3n legal.<\/td>\n<\/tr>\n<tr>\n<td>\n<p><strong>Derechos:<\/strong><\/p>\n<p><strong><\/strong><\/p>\n<\/td>\n<td>Tiene derecho a acceder, rectificar y suprimir los datos, as\u00ed como otros derechos, indicados en la informaci\u00f3n adicional, que puede ejercer dirigi\u00e9ndose a la direcci\u00f3n del responsable del tratamiento<\/td>\n<\/tr>\n<tr>\n<td><strong>Procedencia:<\/strong><\/td>\n<td>El propio interesado.<\/td>\n<\/tr>\n<tr>\n<td>\n<p><strong>Informaci\u00f3n adicional:<\/strong><\/p>\n<p><strong><\/strong><\/p>\n<\/td>\n<td>Puede consultar informaci\u00f3n adicional y detallada sobre Protecci\u00f3n de Datos<span>\u00a0<\/span><a href=\"https:\/\/www.theoriacongresos.com\/politica-de-privacidad\/\">aqu\u00ed<\/a>: En la url de la entidad<span>\u00a0<\/span><a href=\"https:\/\/www.theoriacongresos.com\/\">www.theoriacongresos.com<\/a><\/td>\n<\/tr>\n<\/tbody>\n<\/table>\n<p>&nbsp;<\/p>\n<h3><strong>Informaci\u00f3n b\u00e1sica sobre Protecci\u00f3n de datos<\/strong><\/h3>\n<p>Responsable: THEORIA CONGRESOS, S.L.; Finalidad: Atender su solicitud y enviarle comunicaciones comerciales; Legitimaci\u00f3n: Ejecuci\u00f3n de un contrato, consentimiento del interesado; Destinatarios: No se ceder\u00e1n datos a terceros, salvo obligaci\u00f3n legal; Derechos: Tiene derecho a acceder, rectificar y suprimir los datos, as\u00ed como otros derechos, indicados en la informaci\u00f3n adicional, que puede ejercer dirigi\u00e9ndose a la direcci\u00f3n del responsable del tratamiento; Procedencia: Personas que acceden a contactar a trav\u00e9s de la p\u00e1gina web; Informaci\u00f3n adicional: En la url de la entidad<span>\u00a0<\/span><a href=\"https:\/\/www.theoriacongresos.com\/\">www.theoriacongresos.com<\/a>.<\/p>\n<h3><strong>Informaci\u00f3n completa sobre Protecci\u00f3n de Datos<\/strong><\/h3>\n<p><strong>\u00bfQui\u00e9n es el responsable del tratamiento de sus datos?<\/strong><\/p>\n<ul>\n<li><span>THEORIA CONGRESOS, S.L.<\/span><\/li>\n<li><span>B98652308.<\/span><\/li>\n<li><span>CL Gasc\u00f3 Oliag, 6 \u2013 Escalera C 46010 \u2013 VALENCIA<\/span><\/li>\n<li><span>960728212<\/span><\/li>\n<li><span><a href=\"mailto:info@theoriacongresos.com\">info@theoriacongresos.com<\/a><\/span><\/li>\n<\/ul>\n<p><strong>\u00bfCon qu\u00e9 finalidad tratamos sus datos personales?<br \/><\/strong>En THEORIA CONGRESOS, S.L. tratamos la informaci\u00f3n que nos facilitan las personas interesadas con el fin de Atender su solicitud y enviarle comunicaciones comerciales, inclusive por v\u00eda electr\u00f3nica<br \/>No se van a tomar decisiones automatizadas en base de datos proporcionados.<\/p>\n<p><strong>\u00bfPor cu\u00e1nto tiempo conservaremos sus datos?<br \/><\/strong>Los datos se conservar\u00e1n mientras el interesado no solicite su supresi\u00f3n.<\/p>\n<p><strong>\u00bfCu\u00e1l es la legitimaci\u00f3n para el tratamiento de sus datos?<br \/><\/strong>Le indicamos la base legal para el tratamiento de sus datos:<\/p>\n<p><span>Ejecuci\u00f3n de un contrato: Atender su solicitud<\/span><\/p>\n<p><span>Consentimiento del interesado: Enviarle comunicaciones comerciales, inclusive por v\u00eda electr\u00f3nica.<\/span><\/p>\n<p><strong>\u00bfA qu\u00e9 destinatarios se comunicar\u00e1n sus datos?<br \/><\/strong>No se ceder\u00e1n datos a terceros, salvo obligaci\u00f3n legal.<\/p>\n<p><strong>Transferencias de datos a terceros pa\u00edses<br \/><\/strong>No est\u00e1n previstas transferencias de datos a terceros pa\u00edses.<\/p>\n<p><strong>\u00bfCu\u00e1les son sus derechos cuando nos facilita sus datos?<br \/><\/strong>Cualquier persona tiene derecho a obtener confirmaci\u00f3n sobre si en THEORIA CONGRESOS, S.L. estamos tratando, o no, datos personales que les conciernan.<\/p>\n<p><span>Las personas interesadas tienen derecho a acceder a sus datos personales, as\u00ed como a solicitar la rectificaci\u00f3n de los datos inexactos o, en su caso, solicitar su supresi\u00f3n cuando, entre otros motivos, los datos ya no sean necesarios para los fines que fueron recogidos. Igualmente tiene derecho a la portabilidad de sus datos.<\/span><\/p>\n<p><span>En determinadas circunstancias, los interesados podr\u00e1n solicitar la limitaci\u00f3n del tratamiento de sus datos, en cuyo caso \u00fanicamente los conservaremos para el ejercicio o la defensa de reclamaciones.<\/span><\/p>\n<p><span>En determinadas circunstancias y por motivos relacionados con su situaci\u00f3n particular, los interesados podr\u00e1n oponerse al tratamiento de sus datos. En este caso, THEORIA CONGRESOS, S.L. dejar\u00e1 de tratar los datos, salvo por motivos leg\u00edtimos imperiosos, o el ejercicio o la defensa de posibles reclamaciones.<\/span><\/p>\n<p><span>Cuando se realice el env\u00edo de comunicaciones comerciales utilizando como base jur\u00eddica el inter\u00e9s leg\u00edtimo del responsable, el interesado podr\u00e1 oponerse al tratamiento de sus datos con ese fin.<\/span><\/p>\n<p><span>Si ha otorgado su consentimiento para alguna finalidad concreta, tiene derecho a retirar el consentimiento otorgado en cualquier momento, sin que ello afecte a la licitud del tratamiento basado en el consentimiento previo a su retirada.<\/span><\/p>\n<p>En caso de que sienta vulnerados sus derechos en lo concerniente a la protecci\u00f3n de sus datos personales, especialmente cuando no haya obtenido satisfacci\u00f3n en el ejercicio de sus derechos, puede presentar una reclamaci\u00f3n ante la Autoridad de Control en materia de Protecci\u00f3n de Datos competente a trav\u00e9s de su sitio web:<span>\u00a0<\/span><a href=\"https:\/\/www.agpd.es\/\">www.agpd.es<\/a>.<\/p>\n<p><strong>\u00bfC\u00f3mo hemos obtenido sus datos?<\/strong><\/p>\n<p><span>Los datos personales que tratamos en THEORIA CONGRESOS, S.L. proceden de: Personas que acceden a contactar a trav\u00e9s de la p\u00e1gina web<br \/><\/span><span>Las categor\u00edas de datos que se tratan son:<\/span><\/p>\n<p><span>Datos identificativos.<\/span><\/p>\n<p><span>Direcciones postales y electr\u00f3nicas.<\/span><\/p>\n<p><span>Informaci\u00f3n comercial.<\/span><\/p>\n<p><span>No se tratan categor\u00edas especiales de datos personales (son aquellos datos que revelen el origen \u00e9tnico o racial, las opiniones pol\u00edticas, las convicciones religiosas o filos\u00f3ficas, o la afiliaci\u00f3n sindical, datos gen\u00e9ticos, datos biom\u00e9tricos dirigidos a identificar de manera un\u00edvoca a una persona f\u00edsica, datos relativos a la salud o datos relativos a la vida sexual o la orientaci\u00f3n sexual de una persona f\u00edsica).<\/span><\/p>\n<p>[\/et_pb_text][\/et_pb_column][\/et_pb_row][\/et_pb_section]<\/p>\n","protected":false},"excerpt":{"rendered":"<p>Tratamiento de los datos de asistentes a eventos Informaci\u00f3n b\u00e1sica sobre Protecci\u00f3n de datos Responsable: THEORIA CONGRESOS, S.L. Finalidad: Gestionar su asistencia al evento y enviar invitaciones a nuevos eventos de su inter\u00e9s. Legitimaci\u00f3n: Consentimiento del interesado. Destinatarios: No se ceder\u00e1n datos a terceros, salvo obligaci\u00f3n legal. Derechos: Tiene derecho a acceder, rectificar y suprimir [&hellip;]<\/p>\n","protected":false},"author":1,"featured_media":0,"parent":0,"menu_order":0,"comment_status":"closed","ping_status":"closed","template":"","meta":{"_et_pb_use_builder":"on","_et_pb_old_content":"","_et_gb_content_width":"","footnotes":""},"class_list":["post-57","page","type-page","status-publish","hentry"],"_links":{"self":[{"href":"https:\/\/invanep.com\/congreso-2024\/wp-json\/wp\/v2\/pages\/57","targetHints":{"allow":["GET"]}}],"collection":[{"href":"https:\/\/invanep.com\/congreso-2024\/wp-json\/wp\/v2\/pages"}],"about":[{"href":"https:\/\/invanep.com\/congreso-2024\/wp-json\/wp\/v2\/types\/page"}],"author":[{"embeddable":true,"href":"https:\/\/invanep.com\/congreso-2024\/wp-json\/wp\/v2\/users\/1"}],"replies":[{"embeddable":true,"href":"https:\/\/invanep.com\/congreso-2024\/wp-json\/wp\/v2\/comments?post=57"}],"version-history":[{"count":9,"href":"https:\/\/invanep.com\/congreso-2024\/wp-json\/wp\/v2\/pages\/57\/revisions"}],"predecessor-version":[{"id":266,"href":"https:\/\/invanep.com\/congreso-2024\/wp-json\/wp\/v2\/pages\/57\/revisions\/266"}],"wp:attachment":[{"href":"https:\/\/invanep.com\/congreso-2024\/wp-json\/wp\/v2\/media?parent=57"}],"curies":[{"name":"wp","href":"https:\/\/api.w.org\/{rel}","templated":true}]}}