{"id":407,"date":"2024-01-30T17:09:39","date_gmt":"2024-01-30T17:09:39","guid":{"rendered":"https:\/\/invanep.com\/congreso-2024\/?page_id=407"},"modified":"2024-03-06T08:30:32","modified_gmt":"2024-03-06T08:30:32","slug":"posters-aceptados","status":"publish","type":"page","link":"https:\/\/invanep.com\/congreso-2024\/posters-aceptados\/","title":{"rendered":"Posters Aceptados"},"content":{"rendered":"<p>[et_pb_section fb_built=\u00bb1&#8243; custom_padding_last_edited=\u00bbon|phone\u00bb _builder_version=\u00bb4.22.2&#8243; _module_preset=\u00bbdefault\u00bb background_image=\u00bbhttps:\/\/invanep.com\/congreso-2024\/wp-content\/uploads\/2023\/10\/banner.png\u00bb background_size=\u00bbinitial\u00bb background_position=\u00bbcenter_left\u00bb width_tablet=\u00bb\u00bb width_phone=\u00bb\u00bb width_last_edited=\u00bbon|phone\u00bb max_width_tablet=\u00bb\u00bb max_width_phone=\u00bb\u00bb max_width_last_edited=\u00bbon|phone\u00bb module_alignment=\u00bbcenter\u00bb min_height_tablet=\u00bb\u00bb min_height_phone=\u00bb\u00bb min_height_last_edited=\u00bbon|phone\u00bb height_tablet=\u00bb\u00bb height_phone=\u00bb\u00bb height_last_edited=\u00bbon|phone\u00bb max_height_tablet=\u00bb\u00bb max_height_phone=\u00bb\u00bb max_height_last_edited=\u00bbon|phone\u00bb custom_margin=\u00bb0px||0px||true|false\u00bb custom_margin_tablet=\u00bb\u00bb custom_margin_phone=\u00bb0px||0px||false|false\u00bb custom_margin_last_edited=\u00bbon|phone\u00bb custom_padding=\u00bb183px||136px||false|false\u00bb custom_padding_tablet=\u00bb\u00bb custom_padding_phone=\u00bb0px||0px||false|false\u00bb bottom_divider_style=\u00bbasymmetric2&#8243; bottom_divider_color=\u00bb#E09900&#8243; bottom_divider_height=\u00bb43px\u00bb border_width_top=\u00bb16px\u00bb border_color_top=\u00bb#FFFFFF\u00bb border_width_bottom=\u00bb23px\u00bb border_color_bottom=\u00bb#FFFFFF\u00bb global_module=\u00bb164&#8243; saved_tabs=\u00bball\u00bb global_colors_info=\u00bb{}\u00bb][\/et_pb_section][et_pb_section fb_built=\u00bb1&#8243; _builder_version=\u00bb4.21.0&#8243; _module_preset=\u00bbdefault\u00bb background_color=\u00bbRGBA(255,255,255,0)\u00bb custom_margin=\u00bb-24px||||false|false\u00bb top_divider_style=\u00bbasymmetric2&#8243; top_divider_color=\u00bb#E09900&#8243; top_divider_height=\u00bb30px\u00bb top_divider_repeat=\u00bb1x\u00bb global_colors_info=\u00bb{}\u00bb][et_pb_row _builder_version=\u00bb4.17.4&#8243; _module_preset=\u00bbdefault\u00bb global_colors_info=\u00bb{}\u00bb][et_pb_column type=\u00bb4_4&#8243; _builder_version=\u00bb4.17.4&#8243; _module_preset=\u00bbdefault\u00bb global_colors_info=\u00bb{}\u00bb][et_pb_text _builder_version=\u00bb4.24.2&#8243; _module_preset=\u00bbdefault\u00bb text_font_size=\u00bb20px\u00bb header_font_size=\u00bb43px\u00bb border_width_bottom=\u00bb3px\u00bb border_color_bottom=\u00bb#E09900&#8243; border_style_bottom=\u00bbdashed\u00bb global_colors_info=\u00bb{}\u00bb]<\/p>\n<h1 style=\"text-align: center;\">Pulse sobre los <span style=\"text-decoration: underline;\">t\u00edtulos resaltados<\/span> de los posters para visualizarlos<\/h1>\n<p>[\/et_pb_text][\/et_pb_column][\/et_pb_row][\/et_pb_section][et_pb_section fb_built=\u00bb1&#8243; _builder_version=\u00bb4.21.0&#8243; _module_preset=\u00bbdefault\u00bb background_color=\u00bbRGBA(255,255,255,0)\u00bb custom_margin=\u00bb-95px||||false|false\u00bb global_colors_info=\u00bb{}\u00bb][et_pb_row column_structure=\u00bb1_2,1_2&#8243; _builder_version=\u00bb4.23&#8243; _module_preset=\u00bbdefault\u00bb global_colors_info=\u00bb{}\u00bb][et_pb_column type=\u00bb1_2&#8243; _builder_version=\u00bb4.23&#8243; _module_preset=\u00bbdefault\u00bb global_colors_info=\u00bb{}\u00bb][et_pb_text _builder_version=\u00bb4.24.2&#8243; _module_preset=\u00bbdefault\u00bb header_4_line_height=\u00bb1.3em\u00bb background_color=\u00bb#FFFFFF\u00bb hover_enabled=\u00bb0&#8243; border_radii=\u00bbon|22px|22px|22px|22px\u00bb box_shadow_style=\u00bbpreset1&#8243; global_colors_info=\u00bb{}\u00bb sticky_enabled=\u00bb0&#8243;]<\/p>\n<p>&nbsp;<\/p>\n<table border=\"1\" style=\"border-collapse: collapse; width: 100.774%;\" height=\"104\">\n<tbody>\n<tr>\n<td style=\"width: 100%; background-color: #0f1b67;\">\n<h1 style=\"text-align: center;\"><span style=\"color: #ffffff;\">NEURODESARROLLO<\/span><\/h1>\n<\/td>\n<\/tr>\n<\/tbody>\n<\/table>\n<p>&nbsp;<\/p>\n<table border=\"1\" style=\"border-collapse: collapse; width: 100%;\">\n<tbody>\n<tr>\n<td style=\"width: 100.435%; border-style: hidden;\">\n<h4><strong><a href=\"https:\/\/invanep.com\/congreso-2024\/wp-content\/uploads\/2024\/02\/6_PROGRAMA-SEGUIMIENTO-MULTIDISCIPLINAR-1.pdf\">PROGRAMA DE SEGUIMIENTO MULTIDISCIPLINAR PARA RECI\u00c9N NACIDOS PRET\u00c9RMINO TARD\u00cdOS QUE INTEGRA ESPECIALISTAS HOSPITALARIOS Y DE ATENCI\u00d3N PRIMARIA.<\/a><br \/><\/strong><\/h4>\n<p><strong><\/strong><\/p>\n<h4><strong><a href=\"https:\/\/invanep.com\/congreso-2024\/wp-content\/uploads\/2024\/02\/4_MANIFESTACIONES-NEUROFISIOLOGICAS.pdf\" target=\"_blank\" rel=\"noopener\">MANIFESTACIONES NEUROFISIOL\u00d3GICAS Y COGNITIVAS DE LA EPILEPSIA AUTOLIMITADA CON PICOS CENTROTEMPORALES (EA-PCT) EN LA DISCAPACIDAD INTELECTUAL<\/a><\/strong><\/h4>\n<\/td>\n<\/tr>\n<tr>\n<td style=\"width: 100.435%; border-style: hidden;\">\n<h4><a href=\"https:\/\/invanep.com\/congreso-2024\/wp-content\/uploads\/2024\/02\/8_Perfil-neuropsicologico.pdf\"><strong>PERFIL NEUROPSICOL\u00d3GICO Y NEUROFISIOL\u00d3GICO DEL DETERIORO COGNITIVO LEVE Y LA ENFERMEDAD DE ALZHEIMER EN EL S\u00cdNDROME DE DOWN<\/strong><\/a><\/h4>\n<\/td>\n<\/tr>\n<tr>\n<td style=\"width: 100.435%; border-style: hidden;\">\n<h4><a href=\"https:\/\/invanep.com\/congreso-2024\/wp-content\/uploads\/2024\/01\/1_Prevencion-del-riesgo-medioambiental-y-Neurodesarrollo.pdf\" target=\"_blank\" rel=\"noopener\"><strong>PREVENCI\u00d3N DEL RIESGO MEDIOAMBIENTAL: NEUORTOXINAS EN LOS TRASTORNOS DEL NEURODESARROLLO<\/strong><\/a><\/h4>\n<\/td>\n<\/tr>\n<tr>\n<td style=\"width: 100.435%; border-style: hidden;\">\n<h4><a href=\"https:\/\/invanep.com\/congreso-2024\/wp-content\/uploads\/2024\/02\/13_ALFA-MANOSIDOSIS-Y-SUS-REPERCUSIONES-EN-EL-ND-ESTUDIO-DE-2-CASOS.pdf\"><strong>ALFA MANOSIDOSIS Y SUS REPERCUSIONES EN EL NEURODESARROLLO: ESTUDIO DE DOS CASOS<\/strong><\/a><\/h4>\n<\/td>\n<\/tr>\n<tr>\n<td style=\"width: 100.435%; border-style: hidden;\">\n<h4><a href=\"https:\/\/invanep.com\/congreso-2024\/wp-content\/uploads\/2024\/02\/15_LA-IMPORTANCIA-DE-LA-EVALUACION-NEUROPSICOLOGICA-PARA-UN-ADECUADO-DIAGNOSTICO.pdf\"><strong>LA IMPORTANCIA DE LA EVALUACI\u00d3N NEUROPSICOL\u00d3GICA PARA UN ADECUADO DIAGN\u00d3STICO<\/strong><\/a><\/h4>\n<\/td>\n<\/tr>\n<tr>\n<td style=\"width: 100.435%; border-style: hidden;\">\n<h4><a href=\"https:\/\/invanep.com\/congreso-2024\/wp-content\/uploads\/2024\/02\/23_IAA.pdf\"><strong>ACTUALITZACI\u00d3 D\u2019OBJECTIUS, D\u2019ESTRAT\u00c8GIES I RECURSOS \u00abD\u2019INTERVENCI\u00d3 ASSISTIDA AMB ANIMALS\u00bb (IAA) EN PETITA INF\u00c0NCIA<\/strong><\/a><\/h4>\n<\/td>\n<\/tr>\n<tr>\n<td style=\"width: 100.435%; border-style: hidden;\">\n<h4><a href=\"https:\/\/invanep.com\/congreso-2024\/wp-content\/uploads\/2024\/02\/24_Alt-neurodesarrollo-y-consumo-SP.pdf\"><strong>ALTERACIONES EN EL NEURODESARROLLO EN RELACI\u00d3N CON CONSUMO DE SUSTANCIAS PSICOACTIVAS DURANTE EL EMBARAZO<\/strong><\/a><\/h4>\n<\/td>\n<\/tr>\n<tr>\n<td style=\"width: 100.435%; border-style: hidden;\">\n<h4><a href=\"https:\/\/invanep.com\/congreso-2024\/wp-content\/uploads\/2024\/02\/25_PROGRESSIVE-PSYCHOMOTOR-DETERIORATION.pdf\"><strong>PROGRESSIVE PSYCHOMOTOR DETERIORATION &#8211; A DIAGNOSIS TO CONSIDER<\/strong><\/a><\/h4>\n<\/td>\n<\/tr>\n<tr>\n<td style=\"width: 100.435%; border-style: hidden;\">\n<h4><a href=\"https:\/\/invanep.com\/congreso-2024\/wp-content\/uploads\/2024\/02\/26_Sindrome-de-Jansen-de-Vries.pdf\"><strong>S\u00cdNDROME DE JANSEN DE VRIES EN PACIENTE SIN DISCAPACIDAD INTELECTUAL<\/strong><\/a><\/h4>\n<\/td>\n<\/tr>\n<tr>\n<td style=\"width: 100.435%; border-style: hidden;\">\n<h4><a href=\"https:\/\/invanep.com\/congreso-2024\/wp-content\/uploads\/2024\/02\/28_NEURODESARROLLO-CLINICA-SIMILAR-DISTINTOS-GENES.pdf\" target=\"_blank\" rel=\"noopener\"><strong>TRASTORNOS DEL NEURODESARROLLO: CLINICA SIMILAR, DISTINTOS GENES<\/strong><\/a><strong><\/strong><\/h4>\n<\/td>\n<\/tr>\n<tr>\n<td style=\"width: 100.435%; border-style: hidden;\">\n<h4><a href=\"https:\/\/invanep.com\/congreso-2024\/wp-content\/uploads\/2024\/02\/11_Sindrome-PANS-asociado-a-Infeccion-por-COVID10.pdf\" target=\"_blank\" rel=\"noopener\"><strong>S\u00cdNDROME PANS ASOCIADO A INFECCI\u00d3N POR COVID19<\/strong><\/a><strong><\/strong><\/h4>\n<\/td>\n<\/tr>\n<\/tbody>\n<\/table>\n<p>[\/et_pb_text][et_pb_text _builder_version=\u00bb4.24.2&#8243; _module_preset=\u00bbdefault\u00bb header_4_line_height=\u00bb1.3em\u00bb background_color=\u00bb#FFFFFF\u00bb border_radii=\u00bbon|22px|22px|22px|22px\u00bb box_shadow_style=\u00bbpreset1&#8243; global_colors_info=\u00bb{}\u00bb]<\/p>\n<h1 style=\"text-align: center;\"><strong><\/strong><\/h1>\n<h1 style=\"text-align: center;\"><strong><\/strong><\/h1>\n<table border=\"1\" style=\"border-collapse: collapse; width: 100.774%;\" height=\"104\">\n<tbody>\n<tr>\n<td style=\"width: 100%; background-color: #0f1b67;\">\n<h1 style=\"text-align: center;\"><span style=\"color: #ffffff;\">APRENDIZAJE Y LECTURA<\/span><\/h1>\n<\/td>\n<\/tr>\n<\/tbody>\n<\/table>\n<p>&nbsp;<\/p>\n<table border=\"1\" style=\"border-collapse: collapse; width: 100%;\">\n<tbody>\n<tr>\n<td style=\"border-color: #ffffff; width: 11.8022%;\" colspan=\"2\" rowspan=\"3\">\n<h4><a href=\"https:\/\/invanep.com\/congreso-2024\/wp-content\/uploads\/2024\/02\/16_ALTERACIONES-EN-EL-PROCESO-DE-LECTURA.pdf\"><strong>ALTERACIONES EN EL PROCESO DE LECTURA EN LA POBLACI\u00d3N INFANTIL CON TEA Y EPILEPSIA<\/strong><\/a><\/h4>\n<p>&nbsp;<\/p>\n<h4><strong><a href=\"https:\/\/invanep.com\/congreso-2024\/wp-content\/uploads\/2024\/01\/5_SILENCIOS-HABLADOS.pdf\">SILENCIOS HABLADOS: ABORDANDO EL TRASTORNO DEL LENGUAJE Y EL MUTISMO SELECTIVO EN LA INFANCIA<\/a><\/strong><\/h4>\n<p><strong><\/strong><\/p>\n<p><strong><\/strong><\/p>\n<h4><\/h4>\n<h4><a href=\"https:\/\/invanep.com\/congreso-2024\/wp-content\/uploads\/2024\/02\/10_TRASTORNO-COMUNICACION-SOCIAL.pdf\"><strong>TRASTORNO DE COMUNICACI\u00d3N SOCIAL (PRAGM\u00c1TICO). A PROP\u00d3STIO DE UN CASO.<\/strong><\/a><\/h4>\n<\/td>\n<\/tr>\n<tr><\/tr>\n<tr><\/tr>\n<tr>\n<td style=\"border-color: #ffffff; width: 11.8022%;\" colspan=\"2\">\n<h4><a href=\"https:\/\/invanep.com\/congreso-2024\/wp-content\/uploads\/2024\/02\/17_ALTERACIONES-DEL-LENGUAJE-CON-DIFICULTADES-EN-LA-LECTURA.pdf\"><strong>LAS ALTERACIONES DEL LENGUAJE, LA COGNICI\u00d3N Y EL FUNCIONAMIENTO EJECUTIVO EN LA POBLACI\u00d3N INFANTIL CON TRASTORNO ESPEC\u00cdFICO DEL APRENDIZAJE CON DIFICULTADES EN LA LECTURA<\/strong><\/a><\/h4>\n<p>&nbsp;<\/p>\n<h4><a href=\"https:\/\/invanep.com\/congreso-2024\/wp-content\/uploads\/2024\/02\/33_Funciones-Ejecutivas-HOT.pdf\"><strong>FUNCIONES EJECUTIVAS \u00abHOT\u00bb Y AUTORREGULACI\u00d3N EN ALTA CAPACIDAD INTELECTUAL<\/strong><\/a><\/h4>\n<\/td>\n<\/tr>\n<tr>\n<td style=\"border-color: #ffffff; width: 11.8022%;\" colspan=\"2\"><\/td>\n<\/tr>\n<\/tbody>\n<\/table>\n<p>[\/et_pb_text][\/et_pb_column][et_pb_column type=\u00bb1_2&#8243; _builder_version=\u00bb4.23&#8243; _module_preset=\u00bbdefault\u00bb global_colors_info=\u00bb{}\u00bb][et_pb_text _builder_version=\u00bb4.24.2&#8243; _module_preset=\u00bbdefault\u00bb header_4_line_height=\u00bb1.3em\u00bb background_color=\u00bb#FFFFFF\u00bb border_radii=\u00bbon|22px|22px|22px|22px\u00bb box_shadow_style=\u00bbpreset1&#8243; global_colors_info=\u00bb{}\u00bb]<\/p>\n<h1 style=\"text-align: center;\"><strong><\/strong><\/h1>\n<h1 style=\"text-align: center;\"><strong><\/strong><\/h1>\n<table border=\"1\" style=\"border-collapse: collapse; width: 100.774%;\" height=\"104\">\n<tbody>\n<tr>\n<td style=\"width: 100%; background-color: #0f1b67;\">\n<h1 style=\"text-align: center;\"><span style=\"color: #ffffff;\">TRASTORNO DEL ESPECTRO AUTISTA (TEA)<\/span><\/h1>\n<\/td>\n<\/tr>\n<\/tbody>\n<\/table>\n<p>&nbsp;<\/p>\n<table border=\"1\" style=\"border-collapse: collapse; width: 100%;\">\n<tbody>\n<tr>\n<td style=\"border-color: #ffffff; width: 11.8022%;\" colspan=\"2\" rowspan=\"3\">\n<h4><a href=\"https:\/\/invanep.com\/congreso-2024\/wp-content\/uploads\/2024\/02\/12_PERFIL-LINGUISTICO-EN-NINOS-Y-ADOLESCENTES-SINDROME-DE-DOWN-VS-TRASTORNO-DEL-ESPECTRO-AUTISTA.pdf\" target=\"_blank\" rel=\"noopener\"><strong>PERFIL LING\u00dc\u00cdSTICO EN NI\u00d1OS Y ADOLESCENTES: S\u00cdNDROME DE DOWN VS TRASTORNO DEL ESPECTRO AUTISTA<\/strong><\/a><\/h4>\n<p>&nbsp;<\/p>\n<h4><a href=\"https:\/\/invanep.com\/congreso-2024\/wp-content\/uploads\/2024\/02\/20_PROYECTO-ANSIO-DIVERS.pdf\"><strong>PROYECTO ANSIO-DIVERS: INTERVENCI\u00d3N PARA REDUCIR LA ANSIEDAD SOCIAL EN PERSONAS CON TRASTORNO DEL ESPECTRO AUTISTA Y TRASTORNO DEL DESARROLLO INTELECTUAL A TRAV\u00c9S DEL USO DE TERAPIA COGNITIVO CONDUCTUAL MODIFICADA EN UN ESPACIO DE REALIDAD VIRTUAL<\/strong><\/a><\/h4>\n<p><strong><\/strong><\/p>\n<p><strong><\/strong><\/p>\n<h4><a href=\"https:\/\/invanep.com\/congreso-2024\/wp-content\/uploads\/2024\/02\/21_PERFIL-PSICOPATOLOGICO-DE-MUJERES-TEA.pdf\"><strong>PERFIL PSICOPATOL\u00d3GICO DE MUJERES DEL ESPECTRO DEL AUTISMO CON Y SIN TRASTORNO DEL DESARROLLO INTELECTUAL<\/strong><\/a><\/h4>\n<\/td>\n<\/tr>\n<tr><\/tr>\n<tr><\/tr>\n<tr>\n<td style=\"border-color: #ffffff; width: 11.8022%;\" colspan=\"2\">\n<h4><a href=\"https:\/\/invanep.com\/congreso-2024\/wp-content\/uploads\/2024\/02\/31_RESULTADOS-DE-EXOMA-DUO_EUROFINS-MEGALAB.pdf\"><strong>TRASTORNO DEL ESPECTRO AUTISTA: RESULTADOS DE EXOMA DUO EN HERMANOS AFECTADOS (CASE REPORT)<\/strong><\/a><\/h4>\n<\/td>\n<\/tr>\n<tr>\n<td style=\"border-color: #ffffff; width: 11.8022%;\" colspan=\"2\"><\/td>\n<\/tr>\n<tr>\n<td style=\"border-color: #ffffff; width: 11.8022%;\" colspan=\"2\">\n<h4><a href=\"https:\/\/invanep.com\/congreso-2024\/wp-content\/uploads\/2024\/02\/9_TRSTORNO-TEA-ENMASCARADO-POR-TDAH.pdf\"><strong>TRASTORNO DE ESPECTRO AUTISTA ENMASCARADO POR UN TRASTORNO POR DEFICIT DE ATENCION CON HIPERACTIVIDAD<\/strong><\/a><\/h4>\n<\/td>\n<\/tr>\n<tr>\n<td style=\"border-color: #ffffff; width: 11.8022%;\" colspan=\"2\">\n<h4><strong><a href=\"https:\/\/invanep.com\/congreso-2024\/wp-content\/uploads\/2024\/02\/2_REACCIONES-PSICOFIOLOGICAS.pdf\" target=\"_blank\" rel=\"noopener\">REACCIONES PSICOFIOL\u00d3GICAS EN NI\u00d1OS Y ADOLESCENTES CON TRASTORNO DEL ESPECTRO DEL AUTISMO<\/a><\/strong><\/h4>\n<\/td>\n<\/tr>\n<tr>\n<td style=\"border-color: #ffffff; width: 11.8022%;\" colspan=\"2\">\n<h4><a href=\"https:\/\/invanep.com\/congreso-2024\/wp-content\/uploads\/2024\/02\/22_COMPARACION-ESFERA-PSICOPATOLOGICA-EN-MUJERES-TEA-Y-SUS-FAMILIAS.pdf\"><strong>COMPARACI\u00d3N DE LA PERCEPCI\u00d3N EN LA ESFERA PSICOPATOL\u00d3GICA EN MUJERES DEL ESPECTRO AUTISTA vs SUS FAMILIAS.<\/strong><\/a><\/h4>\n<\/td>\n<\/tr>\n<tr>\n<td style=\"border-color: #ffffff;\" colspan=\"2\">\n<h4><a href=\"https:\/\/invanep.com\/congreso-2024\/wp-content\/uploads\/2024\/02\/27_ENTENDIENDO-EL-TEA-EN-ADULTOS.pdf\"><strong>ENTENDIENDO EL AUTISMO EM ADULTOS: INSIGHTS DESDE UNA PERSPECTIVA CL\u00cdNICA M\u00c9DICA<\/strong><\/a><\/h4>\n<\/td>\n<\/tr>\n<tr>\n<td style=\"border-color: #ffffff;\" colspan=\"2\">\n<h4><a href=\"https:\/\/invanep.com\/congreso-2024\/wp-content\/uploads\/2024\/02\/29_PROGRAMA-RUBI.pdf\" target=\"_blank\" rel=\"noopener\"><strong>PROGRAMA RUBI: ENTRENAMIENTO EN MANEJO DE LA CONDUCTA DESAFIANTE A FAMILIAS DE MENORES CON DIAGN\u00d3STICO DE TEA<\/strong><\/a><\/h4>\n<h4><\/h4>\n<\/td>\n<\/tr>\n<\/tbody>\n<\/table>\n<p>[\/et_pb_text][et_pb_text _builder_version=\u00bb4.24.2&#8243; _module_preset=\u00bbdefault\u00bb header_4_line_height=\u00bb1.3em\u00bb background_color=\u00bb#FFFFFF\u00bb border_radii=\u00bbon|22px|22px|22px|22px\u00bb box_shadow_style=\u00bbpreset1&#8243; global_colors_info=\u00bb{}\u00bb]<\/p>\n<h1 style=\"text-align: center;\"><strong><\/strong><\/h1>\n<h1 style=\"text-align: center;\"><strong><\/strong><\/h1>\n<table border=\"1\" style=\"border-collapse: collapse; width: 100.774%;\" height=\"104\">\n<tbody>\n<tr>\n<td style=\"width: 100%; background-color: #0f1b67;\">\n<h1 style=\"text-align: center;\"><span style=\"color: #ffffff;\">TRASTORNO D\u00c9FICIT ATENCI\u00d3N E HIPERACTIVIDAD (TDAH)<\/span><\/h1>\n<\/td>\n<\/tr>\n<\/tbody>\n<\/table>\n<p>&nbsp;<\/p>\n<table border=\"1\" style=\"border-collapse: collapse; width: 100%;\">\n<tbody>\n<tr>\n<td style=\"border-color: #ffffff;\" colspan=\"2\" rowspan=\"3\">\n<h4><a href=\"https:\/\/invanep.com\/congreso-2024\/wp-content\/uploads\/2024\/02\/14_CARACTERISTICAS-CLINICAS-TDAH.pdf\" target=\"_blank\" rel=\"noopener\"><strong>CARACTER\u00cdSTICAS CL\u00cdNICAS Y EVOLUCI\u00d3N DE 53 PACIENTES PEDI\u00c1TRICOS DIAGN\u00d3STICADOS DE TDAH<\/strong><\/a><\/h4>\n<p>&nbsp;<\/p>\n<h4><a href=\"https:\/\/invanep.com\/congreso-2024\/wp-content\/uploads\/2024\/02\/32_DETECCION-TEMPRANA-TDAH.pdf\"><strong>IMPORTANCIA DE LA DETECCI\u00d3N TEMPRANA DE LA ANSIEDAD EN EL TDAH<\/strong><\/a><\/h4>\n<h4><\/h4>\n<\/td>\n<\/tr>\n<tr><\/tr>\n<tr><\/tr>\n<tr>\n<td style=\"border-color: #ffffff; width: 1.5949%;\" colspan=\"2\">\n<h4><a href=\"https:\/\/invanep.com\/congreso-2024\/wp-content\/uploads\/2024\/02\/30_videojuego-MOON.pdf\"><strong>EFICACIA DE UN VIDEOJUEGO DE ENTRENAMIENTO COGNITIVO EN LA REGULACI\u00d3N EMOCIONAL DE PACIENTES CON TDAH: UN ENSAYO CL\u00cdNICO ALEATORIZADO<\/strong><\/a><\/h4>\n<p><strong><\/strong><\/p>\n<p><strong><\/strong><\/p>\n<h4><a href=\"https:\/\/invanep.com\/congreso-2024\/wp-content\/uploads\/2024\/02\/3_El-TDAH-desde-la-Metodologia-Observacional.pdf\" target=\"_blank\" rel=\"noopener\"><strong>EL TDAH DESDE LA METODOLOG\u00cdA OBSERVACIONAL<\/strong><\/a><\/h4>\n<\/td>\n<\/tr>\n<tr>\n<td style=\"border-color: #ffffff; width: 1.5949%;\" colspan=\"2\">\n<h4><a href=\"https:\/\/invanep.com\/congreso-2024\/wp-content\/uploads\/2024\/02\/7_RELACION-ENTRE-LOS-DEFICITS-ATENCIONALES-Y-LAS-DIFICULTADES.pdf\" target=\"_blank\" rel=\"noopener\"><strong>RELACI\u00d3N ENTRE LOS D\u00c9FICITS ATENCIONALES Y LAS DIFICULTADES EMOCIONALES Y CONDUCTUALES DEL TDAH EN LA INFANCIA.<\/strong><\/a><\/h4>\n<\/td>\n<\/tr>\n<tr>\n<td style=\"border-color: #ffffff; width: 1.5949%;\" colspan=\"2\"><\/td>\n<\/tr>\n<tr>\n<td style=\"border-color: #ffffff; width: 1.5949%;\" colspan=\"2\">\n<h4><a href=\"https:\/\/invanep.com\/congreso-2024\/wp-content\/uploads\/2024\/02\/18_TDAH-FACTOR-DESARROLLO-PRECOZ-ADICCIONES.pdf\"><strong>TRASTORNO POR DEFICIT DE ATENCION CON HIPERACTIVIDAD COMO FACTOR PREDISPONENTE PARA EL DESARROLLO PRECOZ DE ADICCIONES<\/strong><\/a><\/h4>\n<\/td>\n<\/tr>\n<\/tbody>\n<\/table>\n<p>[\/et_pb_text][\/et_pb_column][\/et_pb_row][\/et_pb_section][et_pb_section fb_built=\u00bb1&#8243; _builder_version=\u00bb4.21.0&#8243; _module_preset=\u00bbdefault\u00bb background_color=\u00bbRGBA(255,255,255,0)\u00bb bottom_divider_style=\u00bbramp2&#8243; bottom_divider_color=\u00bb#E09900&#8243; global_colors_info=\u00bb{}\u00bb][\/et_pb_section][et_pb_section fb_built=\u00bb1&#8243; _builder_version=\u00bb4.17.4&#8243; _module_preset=\u00bbdefault\u00bb top_divider_style=\u00bbslant2&#8243; top_divider_color=\u00bb#E09900&#8243; global_module=\u00bb74&#8243; saved_tabs=\u00bball\u00bb global_colors_info=\u00bb{}\u00bb][et_pb_row column_structure=\u00bb1_2,1_2&#8243; _builder_version=\u00bb4.17.4&#8243; _module_preset=\u00bbdefault\u00bb global_colors_info=\u00bb{}\u00bb][et_pb_column type=\u00bb1_2&#8243; _builder_version=\u00bb4.17.4&#8243; _module_preset=\u00bbdefault\u00bb global_colors_info=\u00bb{}\u00bb][et_pb_text _builder_version=\u00bb4.17.4&#8243; _module_preset=\u00bbdefault\u00bb background_color=\u00bb#00457A\u00bb custom_margin=\u00bb-2px||||false|false\u00bb custom_padding=\u00bb11px||||false|false\u00bb global_colors_info=\u00bb{}\u00bb]<\/p>\n<h4 style=\"text-align: center;\"><span style=\"color: #ffffff;\">ORGANIZACI\u00d3N<\/span><\/h4>\n<p>[\/et_pb_text][\/et_pb_column][et_pb_column type=\u00bb1_2&#8243; _builder_version=\u00bb4.17.4&#8243; _module_preset=\u00bbdefault\u00bb global_colors_info=\u00bb{}\u00bb][et_pb_text _builder_version=\u00bb4.17.4&#8243; _module_preset=\u00bbdefault\u00bb background_color=\u00bb#00457A\u00bb custom_margin=\u00bb-2px||||false|false\u00bb custom_padding=\u00bb11px||||false|false\u00bb global_colors_info=\u00bb{}\u00bb]<\/p>\n<h4 style=\"text-align: center;\"><span style=\"color: #ffffff;\">SECRETAR\u00cdA T\u00c9CNICA<\/span><\/h4>\n<p>[\/et_pb_text][\/et_pb_column][\/et_pb_row][et_pb_row column_structure=\u00bb1_4,1_4,1_4,1_4&#8243; _builder_version=\u00bb4.17.4&#8243; _module_preset=\u00bbdefault\u00bb global_colors_info=\u00bb{}\u00bb][et_pb_column type=\u00bb1_4&#8243; _builder_version=\u00bb4.17.4&#8243; _module_preset=\u00bbdefault\u00bb global_colors_info=\u00bb{}\u00bb][et_pb_image src=\u00bbhttps:\/\/invanep.com\/congreso-2024\/wp-content\/uploads\/2023\/05\/logo_INVANEP.jpg\u00bb title_text=\u00bblogo_INVANEP\u00bb _builder_version=\u00bb4.17.4&#8243; _module_preset=\u00bbdefault\u00bb global_colors_info=\u00bb{}\u00bb][\/et_pb_image][\/et_pb_column][et_pb_column type=\u00bb1_4&#8243; _builder_version=\u00bb4.17.4&#8243; _module_preset=\u00bbdefault\u00bb global_colors_info=\u00bb{}\u00bb][et_pb_text _builder_version=\u00bb4.17.4&#8243; _module_preset=\u00bbdefault\u00bb global_colors_info=\u00bb{}\u00bb]<\/p>\n<h3 class=\"et_pb_module_header\"><a href=\"https:\/\/invanep.com\/\">SECRETAR\u00cdA CIENT\u00cdFICA y ORGANIZACI\u00d3N DEL CONGRESO<\/a><\/h3>\n<div class=\"et_pb_blurb_description\">\n<p><strong><a rel=\"noreferrer noopener\" href=\"https:\/\/invanep.com\/\" target=\"_blank\">Instituto Valenciano de Neurolog\u00eda Pedi\u00e1trica (INVANEP)<\/a><br \/>Calle Artes Gr\u00e1ficas 23, bajo. 46010-Valencia<br \/>Tf: (+ 34)96 361 33 00<br \/><a href=\"https:\/\/www.invanep.com\/\">www.invanep.com<\/a><br \/><a href=\"mailto:secretaria@invanep.com\">secretaria@invanep.com<\/a><\/strong><\/p>\n<\/div>\n<p>[\/et_pb_text][\/et_pb_column][et_pb_column type=\u00bb1_4&#8243; _builder_version=\u00bb4.17.4&#8243; _module_preset=\u00bbdefault\u00bb global_colors_info=\u00bb{}\u00bb][et_pb_image src=\u00bbhttps:\/\/invanep.com\/congreso-2024\/wp-content\/uploads\/2023\/05\/Cartel-Entrada.png\u00bb title_text=\u00bbCartel Entrada\u00bb _builder_version=\u00bb4.17.4&#8243; _module_preset=\u00bbdefault\u00bb global_colors_info=\u00bb{}\u00bb][\/et_pb_image][\/et_pb_column][et_pb_column type=\u00bb1_4&#8243; _builder_version=\u00bb4.17.4&#8243; _module_preset=\u00bbdefault\u00bb global_colors_info=\u00bb{}\u00bb][et_pb_text _builder_version=\u00bb4.17.4&#8243; _module_preset=\u00bbdefault\u00bb global_colors_info=\u00bb{}\u00bb]<\/p>\n<h3 class=\"et_pb_module_header\"><a href=\"https:\/\/www.theoriacongresos.com\/\" target=\"_blank\" rel=\"noopener\">SECRETAR\u00cdA T\u00c9CNICA (inscripciones y consultas)<\/a><\/h3>\n<div class=\"et_pb_blurb_description\">\n<p><a href=\"https:\/\/www.theoriacongresos.com\/\" target=\"_blank\" rel=\"noreferrer noopener\"><strong>THEORIA Congresos<\/strong><\/a><br \/><strong>Calle Gasc\u00f3 Oliag, n\u00ba 6, puerta 4. 46010 Valencia<\/strong><br \/><strong>Tf: (+ 34)960 72 82 12<\/strong><br \/><strong><a rel=\"noreferrer noopener\" href=\"mailto:info@theoriacongresos.com\" target=\"_blank\">info@theoriacongresos.com<\/a><\/strong><\/p>\n<\/div>\n<p>[\/et_pb_text][\/et_pb_column][\/et_pb_row][\/et_pb_section]<\/p>\n","protected":false},"excerpt":{"rendered":"<p>Pulse sobre los t\u00edtulos resaltados de los posters para visualizarlos&nbsp; NEURODESARROLLO &nbsp; PROGRAMA DE SEGUIMIENTO MULTIDISCIPLINAR PARA RECI\u00c9N NACIDOS PRET\u00c9RMINO TARD\u00cdOS QUE INTEGRA ESPECIALISTAS HOSPITALARIOS Y DE ATENCI\u00d3N PRIMARIA. MANIFESTACIONES NEUROFISIOL\u00d3GICAS Y COGNITIVAS DE LA EPILEPSIA AUTOLIMITADA CON PICOS CENTROTEMPORALES (EA-PCT) EN LA DISCAPACIDAD INTELECTUAL PERFIL NEUROPSICOL\u00d3GICO Y NEUROFISIOL\u00d3GICO DEL DETERIORO COGNITIVO LEVE Y LA [&hellip;]<\/p>\n","protected":false},"author":1,"featured_media":0,"parent":0,"menu_order":0,"comment_status":"closed","ping_status":"closed","template":"","meta":{"_et_pb_use_builder":"on","_et_pb_old_content":"","_et_gb_content_width":"","footnotes":""},"class_list":["post-407","page","type-page","status-publish","hentry"],"_links":{"self":[{"href":"https:\/\/invanep.com\/congreso-2024\/wp-json\/wp\/v2\/pages\/407","targetHints":{"allow":["GET"]}}],"collection":[{"href":"https:\/\/invanep.com\/congreso-2024\/wp-json\/wp\/v2\/pages"}],"about":[{"href":"https:\/\/invanep.com\/congreso-2024\/wp-json\/wp\/v2\/types\/page"}],"author":[{"embeddable":true,"href":"https:\/\/invanep.com\/congreso-2024\/wp-json\/wp\/v2\/users\/1"}],"replies":[{"embeddable":true,"href":"https:\/\/invanep.com\/congreso-2024\/wp-json\/wp\/v2\/comments?post=407"}],"version-history":[{"count":26,"href":"https:\/\/invanep.com\/congreso-2024\/wp-json\/wp\/v2\/pages\/407\/revisions"}],"predecessor-version":[{"id":535,"href":"https:\/\/invanep.com\/congreso-2024\/wp-json\/wp\/v2\/pages\/407\/revisions\/535"}],"wp:attachment":[{"href":"https:\/\/invanep.com\/congreso-2024\/wp-json\/wp\/v2\/media?parent=407"}],"curies":[{"name":"wp","href":"https:\/\/api.w.org\/{rel}","templated":true}]}}