{"id":274,"date":"2022-07-19T10:09:36","date_gmt":"2022-07-19T10:09:36","guid":{"rendered":"https:\/\/invanep.com\/congreso-2023\/?page_id=274"},"modified":"2022-11-25T09:12:11","modified_gmt":"2022-11-25T09:12:11","slug":"inscripciones","status":"publish","type":"page","link":"https:\/\/invanep.com\/congreso-2023\/inscripciones\/","title":{"rendered":"INSCRIPCIONES"},"content":{"rendered":"<p>[et_pb_section fb_built=\u00bb1&#8243; _builder_version=\u00bb4.18.1&#8243; _module_preset=\u00bbdefault\u00bb width=\u00bb100%\u00bb custom_margin=\u00bb|0px|-19px||false|false\u00bb custom_margin_tablet=\u00bb|0px|-19px||false|false\u00bb custom_margin_phone=\u00bb0px|0px|-20px|0px|false|false\u00bb custom_margin_last_edited=\u00bbon|desktop\u00bb custom_padding=\u00bb0px|2vw||2vw|false|true\u00bb bottom_divider_style=\u00bbarrow3&#8243; bottom_divider_color=\u00bb#F29028&#8243; bottom_divider_height=\u00bb60px\u00bb bottom_divider_repeat=\u00bb1x\u00bb border_width_left=\u00bb20px\u00bb border_color_left=\u00bb#124C88&#8243; global_module=\u00bb149&#8243; saved_tabs=\u00bball\u00bb global_colors_info=\u00bb{}\u00bb][et_pb_row column_structure=\u00bb1_5,3_5,1_5&#8243; _builder_version=\u00bb4.18.1&#8243; _module_preset=\u00bbdefault\u00bb width=\u00bb100%\u00bb max_width=\u00bb2560px\u00bb custom_padding=\u00bb0px|2vw|0px|2vw|false|true\u00bb global_colors_info=\u00bb{}\u00bb][et_pb_column type=\u00bb1_5&#8243; _builder_version=\u00bb4.17.6&#8243; _module_preset=\u00bbdefault\u00bb global_colors_info=\u00bb{}\u00bb][et_pb_image src=\u00bbhttps:\/\/invanep.com\/congreso-2023\/wp-content\/uploads\/2022\/07\/bannerRecurso-1fondo.png\u00bb title_text=\u00bbLOGOINVANEP\u00bb url=\u00bbhttps:\/\/invanep.com\/\u00bb url_new_window=\u00bbon\u00bb _builder_version=\u00bb4.17.6&#8243; _module_preset=\u00bbdefault\u00bb custom_margin=\u00bb||6px|||\u00bb custom_padding=\u00bb2vh||2vh||false|false\u00bb global_colors_info=\u00bb{}\u00bb][\/et_pb_image][\/et_pb_column][et_pb_column type=\u00bb3_5&#8243; _builder_version=\u00bb4.17.6&#8243; _module_preset=\u00bbdefault\u00bb global_colors_info=\u00bb{}\u00bb][et_pb_text _builder_version=\u00bb4.18.1&#8243; _module_preset=\u00bbdefault\u00bb text_font=\u00bbArchivo Narrow|700|||||||\u00bb text_text_color=\u00bb#124C88&#8243; text_font_size=\u00bb55px\u00bb text_letter_spacing=\u00bb-1px\u00bb text_line_height=\u00bb1em\u00bb custom_margin=\u00bb46px||0px||false|false\u00bb custom_margin_tablet=\u00bb2vh||||false|false\u00bb custom_margin_phone=\u00bb0vh||0px||false|false\u00bb custom_margin_last_edited=\u00bbon|phone\u00bb custom_padding=\u00bb0px||4px||false|false\u00bb custom_padding_tablet=\u00bb\u00bb custom_padding_phone=\u00bb0px||0px||false|false\u00bb custom_padding_last_edited=\u00bbon|phone\u00bb text_font_size_tablet=\u00bb\u00bb text_font_size_phone=\u00bb42px\u00bb text_font_size_last_edited=\u00bbon|phone\u00bb global_colors_info=\u00bb{}\u00bb]<\/p>\n<p style=\"text-align: center;\">XXV CONGRESO<\/p>\n<p>[\/et_pb_text][et_pb_text _builder_version=\u00bb4.18.1&#8243; _module_preset=\u00bbdefault\u00bb text_font=\u00bbArchivo Narrow||||||||\u00bb text_text_color=\u00bb#124C88&#8243; text_font_size=\u00bb38px\u00bb text_line_height=\u00bb1.1em\u00bb custom_margin=\u00bb12px||5px||false|false\u00bb custom_padding=\u00bb9px||13px||false|false\u00bb text_font_size_tablet=\u00bb\u00bb text_font_size_phone=\u00bb26px\u00bb text_font_size_last_edited=\u00bbon|phone\u00bb global_colors_info=\u00bb{}\u00bb]<\/p>\n<p style=\"text-align: center;\">INTERNACIONAL DE ACTUALIZACI\u00d3N EN<\/p>\n<p>[\/et_pb_text][et_pb_text _builder_version=\u00bb4.18.1&#8243; _module_preset=\u00bbdefault\u00bb text_font=\u00bbArchivo Narrow|700|||||||\u00bb text_text_color=\u00bb#124C88&#8243; text_font_size=\u00bb49px\u00bb text_line_height=\u00bb1.2em\u00bb custom_margin=\u00bb-2px||-2px||false|false\u00bb custom_margin_tablet=\u00bb\u00bb custom_margin_phone=\u00bb\u00bb custom_margin_last_edited=\u00bbon|phone\u00bb custom_padding=\u00bb0px||17px||false|false\u00bb text_font_size_tablet=\u00bb45px\u00bb text_font_size_phone=\u00bb30px\u00bb text_font_size_last_edited=\u00bbon|tablet\u00bb global_colors_info=\u00bb{}\u00bb]<\/p>\n<p style=\"text-align: center;\">TRASTORNOS DEL NEURODESARROLLO<\/p>\n<p>[\/et_pb_text][et_pb_text _builder_version=\u00bb4.17.6&#8243; _module_preset=\u00bbdefault\u00bb text_font_size=\u00bb18px\u00bb text_line_height=\u00bb1.5em\u00bb global_colors_info=\u00bb{}\u00bb]<\/p>\n<p style=\"text-align: center;\">Valencia, 3 y 4 de marzo de 2023<br \/>Colegio Oficial de M\u00e9dicos de Valencia (Espa\u00f1a)<\/p>\n<p>[\/et_pb_text][\/et_pb_column][et_pb_column type=\u00bb1_5&#8243; _builder_version=\u00bb4.17.6&#8243; _module_preset=\u00bbdefault\u00bb global_colors_info=\u00bb{}\u00bb][et_pb_image src=\u00bbhttps:\/\/invanep.com\/congreso-2023\/wp-content\/uploads\/2022\/07\/bannerRecurso-2fondo.png\u00bb title_text=\u00bbLOGOCONGRESOS\u00bb align=\u00bbcenter\u00bb _builder_version=\u00bb4.18.1&#8243; _module_preset=\u00bbdefault\u00bb width_tablet=\u00bb15%\u00bb width_phone=\u00bb23%\u00bb width_last_edited=\u00bbon|tablet\u00bb module_alignment=\u00bbcenter\u00bb custom_margin=\u00bb6vh|4vw|6vh|4vw|true|true\u00bb custom_margin_tablet=\u00bb0vh|4vw|0vh|4vw|true|true\u00bb custom_margin_phone=\u00bb\u00bb custom_margin_last_edited=\u00bbon|phone\u00bb global_colors_info=\u00bb{}\u00bb][\/et_pb_image][\/et_pb_column][\/et_pb_row][et_pb_row use_custom_gutter=\u00bbon\u00bb make_equal=\u00bbon\u00bb _builder_version=\u00bb4.18.1&#8243; _module_preset=\u00bbdefault\u00bb width_tablet=\u00bb\u00bb width_phone=\u00bb100%\u00bb width_last_edited=\u00bbon|phone\u00bb max_width=\u00bb1231px\u00bb module_alignment=\u00bbcenter\u00bb custom_margin=\u00bb|0px||auto|false|false\u00bb custom_margin_tablet=\u00bb\u00bb custom_margin_phone=\u00bb|0px||auto|false|false\u00bb custom_margin_last_edited=\u00bbon|phone\u00bb custom_padding=\u00bb|2vw||2vw|false|true\u00bb global_colors_info=\u00bb{}\u00bb][et_pb_column type=\u00bb4_4&#8243; _builder_version=\u00bb4.18.0&#8243; _module_preset=\u00bbdefault\u00bb global_colors_info=\u00bb{}\u00bb][et_pb_text _builder_version=\u00bb4.18.1&#8243; _module_preset=\u00bbdefault\u00bb text_text_color=\u00bb#FFFFFF\u00bb text_font_size=\u00bb25px\u00bb text_line_height=\u00bb1.4em\u00bb background_color=\u00bb#F25D26&#8243; custom_margin=\u00bb|||0vw|false|false\u00bb custom_padding=\u00bb1vh|2vw|1vh|2vw|true|true\u00bb animation_style=\u00bbzoom\u00bb global_colors_info=\u00bb{}\u00bb]<\/p>\n<p style=\"text-align: center;\"><strong>PRESENCIAL Y ONLINE<\/strong><br \/>Jornadas de tardes<\/p>\n<p>[\/et_pb_text][\/et_pb_column][\/et_pb_row][et_pb_row _builder_version=\u00bb4.18.1&#8243; _module_preset=\u00bbdefault\u00bb module_alignment=\u00bbcenter\u00bb custom_margin=\u00bb|0px||0px|false|true\u00bb custom_margin_tablet=\u00bb\u00bb custom_margin_phone=\u00bb|2vw||11vw|false|false\u00bb custom_margin_last_edited=\u00bbon|phone\u00bb custom_padding=\u00bb2vh|0px|2vh|0px|true|false\u00bb global_colors_info=\u00bb{}\u00bb][et_pb_column type=\u00bb4_4&#8243; _builder_version=\u00bb4.18.0&#8243; _module_preset=\u00bbdefault\u00bb global_colors_info=\u00bb{}\u00bb][et_pb_text _builder_version=\u00bb4.18.1&#8243; _module_preset=\u00bbdefault\u00bb text_font_size=\u00bb16px\u00bb global_colors_info=\u00bb{}\u00bb]<\/p>\n<p style=\"text-align: center;\">Las inscripciones presenciales se confirmar\u00e1n por riguroso orden de solicitud hasta completar el aforo de la sala (sala Chuli\u00e1 Campos).<\/p>\n<p>[\/et_pb_text][\/et_pb_column][\/et_pb_row][\/et_pb_section][et_pb_section fb_built=\u00bb1&#8243; fullwidth=\u00bbon\u00bb _builder_version=\u00bb4.17.6&#8243; _module_preset=\u00bbdefault\u00bb global_module=\u00bb161&#8243; global_colors_info=\u00bb{}\u00bb][et_pb_fullwidth_post_title meta=\u00bboff\u00bb featured_image=\u00bboff\u00bb _builder_version=\u00bb4.18.1&#8243; _module_preset=\u00bbdefault\u00bb title_font=\u00bbArchivo Narrow|700|||||||\u00bb title_text_align=\u00bbright\u00bb title_text_color=\u00bb#FFFFFF\u00bb title_font_size=\u00bb42px\u00bb background_color=\u00bb#F29028&#8243; module_alignment=\u00bbright\u00bb custom_margin=\u00bb-1px||||false|false\u00bb custom_padding=\u00bb2vh||2vh||true|false\u00bb animation_style=\u00bbslide\u00bb animation_direction=\u00bbleft\u00bb title_font_size_tablet=\u00bb\u00bb title_font_size_phone=\u00bb39px\u00bb title_font_size_last_edited=\u00bbon|desktop\u00bb global_colors_info=\u00bb{}\u00bb][\/et_pb_fullwidth_post_title][\/et_pb_section][et_pb_section fb_built=\u00bb1&#8243; _builder_version=\u00bb4.17.6&#8243; _module_preset=\u00bbdefault\u00bb custom_padding=\u00bb22px||0px|||\u00bb global_colors_info=\u00bb{}\u00bb][et_pb_row _builder_version=\u00bb4.17.6&#8243; _module_preset=\u00bbdefault\u00bb custom_padding=\u00bb9px|||||\u00bb global_colors_info=\u00bb{}\u00bb][et_pb_column type=\u00bb4_4&#8243; _builder_version=\u00bb4.17.6&#8243; _module_preset=\u00bbdefault\u00bb global_colors_info=\u00bb{}\u00bb][et_pb_text _builder_version=\u00bb4.18.1&#8243; _module_preset=\u00bbdefault\u00bb text_text_color=\u00bb#FFFFFF\u00bb background_color=\u00bb#124C88&#8243; custom_margin=\u00bb49px|||||\u00bb custom_padding=\u00bb1vh|2vw|1vh|2vw|true|true\u00bb global_colors_info=\u00bb{}\u00bb]<\/p>\n<p style=\"text-align: center;\">Las inscripciones presenciales se confirmar\u00e1n por riguroso orden de solicitud hasta completar el aforo de la sala.<\/p>\n<p>[\/et_pb_text][et_pb_text _builder_version=\u00bb4.18.0&#8243; _module_preset=\u00bbdefault\u00bb text_font=\u00bbArchivo Narrow||||||||\u00bb text_font_size=\u00bb18px\u00bb text_line_height=\u00bb1.2em\u00bb header_4_font=\u00bbArchivo Narrow||||||||\u00bb header_4_line_height=\u00bb1.6em\u00bb custom_margin=\u00bb||-2px|||\u00bb custom_padding=\u00bb||0px|33px||\u00bb inline_fonts=\u00bbArchivo Narrow\u00bb global_colors_info=\u00bb{}\u00bb]<\/p>\n<p>El Instituto Valenciano de Neurolog\u00eda Pedi\u00e1trica (INVANEP) organiza anualmente desde 1999 un\u00a0<strong>\u00abCongreso Internacional de actualizaci\u00f3n en TRASTORNOS DEL NEURODESARROLLO\u00bb<\/strong>\u00a0en Valencia.<\/p>\n<p>Estos congresos son de \u00e1mbito interdisciplinar (Neuropediatras, Psiquiatras Infantiles, Pediatras, Psic\u00f3logos, Psicopedagogos, Logopedas, Pedagogos, Genetistas, Terapeutas, etc.), y en el mismo se imparten conferencias plenarias de excelencia y admiten posters libres sobre los siguientes bloques tem\u00e1ticos: TDAH, TEA, DIFICULTADES APRENDIZAJE, TRASTORNOS DEL LENGUAJE Y NEURODESARROLLO.<\/p>\n<p>Solicitada acreditaci\u00f3n por la Comisi\u00f3n de Formaci\u00f3n Continuada de la Comunidad Valenciana. Sistema Nacional de Salud.<\/p>\n<p>Solicitado reconocimiento de Inter\u00e9s Sanitario-Cient\u00edfico.<\/p>\n<p>[\/et_pb_text][\/et_pb_column][\/et_pb_row][et_pb_row _builder_version=\u00bb4.18.0&#8243; _module_preset=\u00bbdefault\u00bb global_colors_info=\u00bb{}\u00bb][et_pb_column type=\u00bb4_4&#8243; _builder_version=\u00bb4.18.0&#8243; _module_preset=\u00bbdefault\u00bb global_colors_info=\u00bb{}\u00bb][et_pb_button button_url=\u00bbhttps:\/\/www.theoriacongresos.com\/invanep2023ins\/boletin-de-inscripcion\/\u00bb button_text=\u00bbBolet\u00edn de inscripci\u00f3n\u00bb _builder_version=\u00bb4.19.1&#8243; _module_preset=\u00bbdefault\u00bb custom_button=\u00bbon\u00bb button_text_color=\u00bb#FFFFFF\u00bb button_bg_color=\u00bb#124C88&#8243; global_colors_info=\u00bb{}\u00bb][\/et_pb_button][dvmd_table_maker tbl_column_header_count=\u00bb0&#8243; tbl_chead_cell_color=\u00bb#FFFFFF\u00bb tbl_rhead_cell_color=\u00bb#e5e5e5&#8243; _builder_version=\u00bb4.18.1&#8243; _module_preset=\u00bbdefault\u00bb tbl_tcell_text_text_color=\u00bb#000000&#8243; tbl_chead_text_text_color=\u00bb#000000&#8243; tbl_rhead_text_text_color=\u00bb#F29028&#8243; global_colors_info=\u00bb{}\u00bb][dvmd_table_maker_item col_label=\u00bbCUOTAS\u00bb col_content=\u00bb<cell style=%22background:#f29028;%22><strong style=%22color:white;%22>Cuota inscripci\u00f3n  \/ colegiados<\/strong><\/cell><br \/>\nHasta el 20 de febrero<br \/>\nDesde el 21 de febrero\u00bb col_tcell_cell_align_horz=\u00bbcenter\u00bb col_tcell_cell_align_vert=\u00bbcenter\u00bb col_chead_cell_color=\u00bb#000000&#8243; col_chead_cell_align_horz=\u00bbcenter\u00bb col_rhead_cell_align_horz=\u00bbcenter\u00bb _builder_version=\u00bb4.18.1&#8243; _module_preset=\u00bbdefault\u00bb col_tcell_text_text_color=\u00bb#000000&#8243; col_tcell_text_font_size=\u00bb16px\u00bb col_chead_text_text_color=\u00bb#000000&#8243; col_rhead_text_text_color=\u00bb#000000&#8243; border_color_all_col_rhead_cell_border=\u00bb#000000&#8243; global_colors_info=\u00bb{}\u00bb][\/dvmd_table_maker_item][dvmd_table_maker_item col_label=\u00bbPRESENCIAL\u00bb col_content=\u00bb<cell style=%22background:#f29028;%22><strong style=%22color:white;%22>PRESENCIAL<\/strong><\/cell><br \/>\n120\u20ac<br \/>\n150\u20ac\u00bb _builder_version=\u00bb4.18.1&#8243; _module_preset=\u00bbdefault\u00bb global_colors_info=\u00bb{}\u00bb][\/dvmd_table_maker_item][dvmd_table_maker_item col_label=\u00bbONLINE\u00bb col_content=\u00bb<cell style=%22background:#f29028;%22><strong style=%22color:white;%22>ONLINE<\/strong><\/cell><br \/>\n90\u20ac<br \/>\n120\u20ac\u00bb _builder_version=\u00bb4.18.1&#8243; _module_preset=\u00bbdefault\u00bb global_colors_info=\u00bb{}\u00bb][\/dvmd_table_maker_item][\/dvmd_table_maker][et_pb_text _builder_version=\u00bb4.19.1&#8243; _module_preset=\u00bbdefault\u00bb hover_enabled=\u00bb0&#8243; sticky_enabled=\u00bb0&#8243;]<\/p>\n<p style=\"text-align: right;\">21% IVA incluido<\/p>\n<p>[\/et_pb_text][\/et_pb_column][\/et_pb_row][et_pb_row _builder_version=\u00bb4.18.0&#8243; _module_preset=\u00bbdefault\u00bb custom_padding=\u00bb0px|||||\u00bb global_colors_info=\u00bb{}\u00bb][et_pb_column type=\u00bb4_4&#8243; _builder_version=\u00bb4.18.0&#8243; _module_preset=\u00bbdefault\u00bb global_colors_info=\u00bb{}\u00bb][et_pb_text _builder_version=\u00bb4.19.1&#8243; _module_preset=\u00bbdefault\u00bb hover_enabled=\u00bb0&#8243; global_colors_info=\u00bb{}\u00bb sticky_enabled=\u00bb0&#8243;]<\/p>\n<figure><figcaption>\n<p><strong>La cuota de inscripci\u00f3n presencial incluye: <\/strong>documentaci\u00f3n oficial del Congreso, el caf\u00e9 y certificado de asistencia.<\/p>\n<p><strong>La cuota de inscripci\u00f3n online incluye:<\/strong><span> <\/span>acceso a las sesiones en directo online y certificado de asistencia.<\/p>\n<h3><\/h3>\n<h3>Observaciones<\/h3>\n<p>La organizaci\u00f3n se reserva el derecho de modificar cualquiera de estas opciones en caso de surgir alguna circunstancia imprevista.<\/p>\n<p><em><strong>NOTA:<\/strong><\/em>\u00a0\u00a0La organizaci\u00f3n se reserva la posibilidad de anular la modalidad de inscripci\u00f3n on-line, en caso de no alcanzar un n\u00famero m\u00ednimo de inscripciones. Se informar\u00e1 con la mayor antelaci\u00f3n.<\/p>\n<p><em><strong>NOTA:<\/strong><\/em>\u00a0 En funci\u00f3n de la situaci\u00f3n provocada por el covid19, la organizaci\u00f3n se reserva la posibilidad de anular la modalidad de inscripci\u00f3n presencial.<\/p>\n<p><em><strong>NOTA:\u00a0<\/strong><\/em>Hasta 30 d\u00edas antes, si lo desea, podr\u00e1 informar a la secretar\u00eda para cambiar de inscripci\u00f3n online a presencial, o viceversa, sin ning\u00fan gasto adicional.<\/p>\n<p style=\"text-align: justify;\">Para formalizar su inscripci\u00f3n debe cumplimentar el formulario de inscripci\u00f3n y realizar el pago correspondiente con tarjeta de cr\u00e9dito o transferencia. Una vez confirmemos el pago r<span style=\"font-size: 14px; text-align: left;\">ecibir\u00e1 un correo con la confirmaci\u00f3n de su inscripci\u00f3n.<\/span><\/p>\n<p>Tras el congreso, las ponencias estar\u00e1n disponibles para los inscritos, entre el 15 y 30 de Marzo, sin coste adicional.<\/p>\n<p>Pasado ese plazo, se podr\u00e1n visualizar a trav\u00e9s del canal, previo pago de la cuota correspondiente.<\/p>\n<p>&nbsp;<\/p>\n<\/figcaption><\/figure>\n<p>[\/et_pb_text][et_pb_button button_url=\u00bbhttps:\/\/www.theoriacongresos.com\/invanep2023ins\/boletin-de-inscripcion\/\u00bb button_text=\u00bbBolet\u00edn de inscripci\u00f3n\u00bb _builder_version=\u00bb4.19.1&#8243; _module_preset=\u00bbdefault\u00bb custom_button=\u00bbon\u00bb button_text_color=\u00bb#FFFFFF\u00bb button_bg_color=\u00bb#124C88&#8243; hover_enabled=\u00bb0&#8243; global_colors_info=\u00bb{}\u00bb button_alignment=\u00bbcenter\u00bb sticky_enabled=\u00bb0&#8243;][\/et_pb_button][\/et_pb_column][\/et_pb_row][\/et_pb_section][et_pb_section fb_built=\u00bb1&#8243; _builder_version=\u00bb4.18.1&#8243; _module_preset=\u00bbdefault\u00bb background_color=\u00bb#f9f9f9&#8243; custom_padding=\u00bb22px|||||\u00bb global_module=\u00bb438&#8243; saved_tabs=\u00bball\u00bb global_colors_info=\u00bb{}\u00bb][et_pb_row _builder_version=\u00bb4.18.1&#8243; _module_preset=\u00bbdefault\u00bb custom_padding=\u00bb|0px||||\u00bb global_colors_info=\u00bb{}\u00bb][et_pb_column type=\u00bb4_4&#8243; _builder_version=\u00bb4.17.6&#8243; _module_preset=\u00bbdefault\u00bb global_colors_info=\u00bb{}\u00bb][et_pb_text _builder_version=\u00bb4.18.1&#8243; _module_preset=\u00bbdefault\u00bb text_font=\u00bbArchivo Narrow|700|||||||\u00bb text_text_color=\u00bb#124C88&#8243; text_font_size=\u00bb30px\u00bb custom_margin=\u00bb|-2px|0px|||\u00bb custom_padding=\u00bb|50px|14px|||\u00bb border_color_bottom=\u00bb#124C88&#8243; global_colors_info=\u00bb{}\u00bb]<\/p>\n<p>SECRETAR\u00cdAS DEL CONGRESO:<\/p>\n<p>[\/et_pb_text][et_pb_divider divider_weight=\u00bb4px\u00bb _builder_version=\u00bb4.18.1&#8243; _module_preset=\u00bbdefault\u00bb width=\u00bb47%\u00bb module_alignment=\u00bbleft\u00bb global_colors_info=\u00bb{}\u00bb][\/et_pb_divider][\/et_pb_column][\/et_pb_row][et_pb_row column_structure=\u00bb1_2,1_2&#8243; make_equal=\u00bbon\u00bb _builder_version=\u00bb4.18.1&#8243; _module_preset=\u00bbdefault\u00bb max_width=\u00bb1286px\u00bb custom_padding=\u00bb|4vw||4vw|false|true\u00bb locked=\u00bboff\u00bb global_colors_info=\u00bb{}\u00bb][et_pb_column type=\u00bb1_2&#8243; _builder_version=\u00bb4.17.6&#8243; _module_preset=\u00bbdefault\u00bb global_colors_info=\u00bb{}\u00bb][et_pb_blurb title=\u00bbSECRETAR\u00cdA CIENT\u00cdFICA y ORGANIZACI\u00d3N DEL CONGRESO\u00bb url=\u00bbhttps:\/\/invanep.com\/\u00bb image=\u00bbhttps:\/\/invanep.com\/congreso-2023\/wp-content\/uploads\/2022\/07\/logo_INVANEP.jpg\u00bb icon_alignment=\u00bbleft\u00bb _builder_version=\u00bb4.17.6&#8243; _module_preset=\u00bbdefault\u00bb header_level=\u00bbh3&#8243; header_font=\u00bb|700|||||||\u00bb header_text_color=\u00bb#124C88&#8243; image_icon_custom_padding=\u00bb1vh||1vh||true|false\u00bb custom_padding=\u00bb||0px|||\u00bb link_option_url=\u00bbhttps:\/\/invanep.com\/\u00bb global_colors_info=\u00bb{}\u00bb]<\/p>\n<p><strong><a rel=\"noreferrer noopener\" href=\"https:\/\/invanep.com\/\" target=\"_blank\">Instituto Valenciano de Neurolog\u00eda Pedi\u00e1trica (INVANEP)<\/a><br \/>Calle Artes Gr\u00e1ficas 23, bajo. 46010-Valencia<br \/>Tf: (+ 34)96 361 33 00<br \/><a href=\"https:\/\/www.invanep.com\/\">www.invanep.com<\/a><br \/><a href=\"mailto:secretaria@invanep.com\">secretaria@invanep.com<\/a><\/strong><\/p>\n<p>[\/et_pb_blurb][\/et_pb_column][et_pb_column type=\u00bb1_2&#8243; _builder_version=\u00bb4.17.6&#8243; _module_preset=\u00bbdefault\u00bb global_colors_info=\u00bb{}\u00bb][et_pb_blurb title=\u00bbSECRETAR\u00cdA T\u00c9CNICA (inscripciones y consultas)\u00bb url=\u00bbhttps:\/\/www.theoriacongresos.com\/\u00bb url_new_window=\u00bbon\u00bb image=\u00bbhttps:\/\/invanep.com\/congreso-2023\/wp-content\/uploads\/2022\/07\/logo_THEORIA.jpg\u00bb image_icon_width=\u00bb200%\u00bb icon_alignment=\u00bbleft\u00bb _builder_version=\u00bb4.17.6&#8243; _module_preset=\u00bbdefault\u00bb header_level=\u00bbh3&#8243; header_font=\u00bb|700|||||||\u00bb header_text_color=\u00bb#124C88&#8243; image_icon_custom_padding=\u00bb1vh||1vh||true|false\u00bb link_option_url=\u00bbhttps:\/\/www.theoriacongresos.com\/\u00bb link_option_url_new_window=\u00bbon\u00bb global_colors_info=\u00bb{}\u00bb]<\/p>\n<p><a href=\"https:\/\/www.theoriacongresos.com\/\" target=\"_blank\" rel=\"noreferrer noopener\"><strong>THEORIA Congresos<\/strong><\/a><br \/><strong>Calle Gasc\u00f3 Oliag, n\u00ba 6, puerta 4. 46010 Valencia<\/strong><br \/><strong>Tf: (+ 34)960 72 82 12<\/strong><br \/><strong><a rel=\"noreferrer noopener\" href=\"mailto:info@theoriacongresos.com\" target=\"_blank\">info@theoriacongresos.com<\/a><\/strong><\/p>\n<p>[\/et_pb_blurb][\/et_pb_column][\/et_pb_row][\/et_pb_section]<\/p>\n","protected":false},"excerpt":{"rendered":"<p>XXV CONGRESOINTERNACIONAL DE ACTUALIZACI\u00d3N ENTRASTORNOS DEL NEURODESARROLLOValencia, 3 y 4 de marzo de 2023Colegio Oficial de M\u00e9dicos de Valencia (Espa\u00f1a)PRESENCIAL Y ONLINEJornadas de tardesLas inscripciones presenciales se confirmar\u00e1n por riguroso orden de solicitud hasta completar el aforo de la sala (sala Chuli\u00e1 Campos).Las inscripciones presenciales se confirmar\u00e1n por riguroso orden de solicitud hasta completar el [&hellip;]<\/p>\n","protected":false},"author":1,"featured_media":0,"parent":0,"menu_order":0,"comment_status":"closed","ping_status":"closed","template":"","meta":{"_et_pb_use_builder":"on","_et_pb_old_content":"","_et_gb_content_width":""},"_links":{"self":[{"href":"https:\/\/invanep.com\/congreso-2023\/wp-json\/wp\/v2\/pages\/274"}],"collection":[{"href":"https:\/\/invanep.com\/congreso-2023\/wp-json\/wp\/v2\/pages"}],"about":[{"href":"https:\/\/invanep.com\/congreso-2023\/wp-json\/wp\/v2\/types\/page"}],"author":[{"embeddable":true,"href":"https:\/\/invanep.com\/congreso-2023\/wp-json\/wp\/v2\/users\/1"}],"replies":[{"embeddable":true,"href":"https:\/\/invanep.com\/congreso-2023\/wp-json\/wp\/v2\/comments?post=274"}],"version-history":[{"count":27,"href":"https:\/\/invanep.com\/congreso-2023\/wp-json\/wp\/v2\/pages\/274\/revisions"}],"predecessor-version":[{"id":509,"href":"https:\/\/invanep.com\/congreso-2023\/wp-json\/wp\/v2\/pages\/274\/revisions\/509"}],"wp:attachment":[{"href":"https:\/\/invanep.com\/congreso-2023\/wp-json\/wp\/v2\/media?parent=274"}],"curies":[{"name":"wp","href":"https:\/\/api.w.org\/{rel}","templated":true}]}}