{"id":19,"date":"2022-07-18T10:14:11","date_gmt":"2022-07-18T10:14:11","guid":{"rendered":"https:\/\/invanep.com\/congreso-2023\/?page_id=19"},"modified":"2022-11-16T07:35:28","modified_gmt":"2022-11-16T07:35:28","slug":"ponentes","status":"publish","type":"page","link":"https:\/\/invanep.com\/congreso-2023\/ponentes\/","title":{"rendered":"PONENTES"},"content":{"rendered":"<p>[et_pb_section fb_built=\u00bb1&#8243; _builder_version=\u00bb4.18.1&#8243; _module_preset=\u00bbdefault\u00bb width=\u00bb100%\u00bb custom_margin=\u00bb|0px|-19px||false|false\u00bb custom_margin_tablet=\u00bb|0px|-19px||false|false\u00bb custom_margin_phone=\u00bb0px|0px|-20px|0px|false|false\u00bb custom_margin_last_edited=\u00bbon|desktop\u00bb custom_padding=\u00bb0px|2vw||2vw|false|true\u00bb bottom_divider_style=\u00bbarrow3&#8243; bottom_divider_color=\u00bb#F29028&#8243; bottom_divider_height=\u00bb60px\u00bb bottom_divider_repeat=\u00bb1x\u00bb border_width_left=\u00bb20px\u00bb border_color_left=\u00bb#124C88&#8243; global_module=\u00bb149&#8243; saved_tabs=\u00bball\u00bb global_colors_info=\u00bb{}\u00bb][et_pb_row column_structure=\u00bb1_5,3_5,1_5&#8243; _builder_version=\u00bb4.18.1&#8243; _module_preset=\u00bbdefault\u00bb width=\u00bb100%\u00bb max_width=\u00bb2560px\u00bb custom_padding=\u00bb0px|2vw|0px|2vw|false|true\u00bb global_colors_info=\u00bb{}\u00bb][et_pb_column type=\u00bb1_5&#8243; _builder_version=\u00bb4.17.6&#8243; _module_preset=\u00bbdefault\u00bb global_colors_info=\u00bb{}\u00bb][et_pb_image src=\u00bbhttps:\/\/invanep.com\/congreso-2023\/wp-content\/uploads\/2022\/07\/bannerRecurso-1fondo.png\u00bb title_text=\u00bbLOGOINVANEP\u00bb url=\u00bbhttps:\/\/invanep.com\/\u00bb url_new_window=\u00bbon\u00bb _builder_version=\u00bb4.17.6&#8243; _module_preset=\u00bbdefault\u00bb custom_margin=\u00bb||6px|||\u00bb custom_padding=\u00bb2vh||2vh||false|false\u00bb global_colors_info=\u00bb{}\u00bb][\/et_pb_image][\/et_pb_column][et_pb_column type=\u00bb3_5&#8243; _builder_version=\u00bb4.17.6&#8243; _module_preset=\u00bbdefault\u00bb global_colors_info=\u00bb{}\u00bb][et_pb_text _builder_version=\u00bb4.18.1&#8243; _module_preset=\u00bbdefault\u00bb text_font=\u00bbArchivo Narrow|700|||||||\u00bb text_text_color=\u00bb#124C88&#8243; text_font_size=\u00bb55px\u00bb text_letter_spacing=\u00bb-1px\u00bb text_line_height=\u00bb1em\u00bb custom_margin=\u00bb46px||0px||false|false\u00bb custom_margin_tablet=\u00bb2vh||||false|false\u00bb custom_margin_phone=\u00bb0vh||0px||false|false\u00bb custom_margin_last_edited=\u00bbon|phone\u00bb custom_padding=\u00bb0px||4px||false|false\u00bb custom_padding_tablet=\u00bb\u00bb custom_padding_phone=\u00bb0px||0px||false|false\u00bb custom_padding_last_edited=\u00bbon|phone\u00bb text_font_size_tablet=\u00bb\u00bb text_font_size_phone=\u00bb42px\u00bb text_font_size_last_edited=\u00bbon|phone\u00bb global_colors_info=\u00bb{}\u00bb]<\/p>\n<p style=\"text-align: center;\">XXV CONGRESO<\/p>\n<p>[\/et_pb_text][et_pb_text _builder_version=\u00bb4.18.1&#8243; _module_preset=\u00bbdefault\u00bb text_font=\u00bbArchivo Narrow||||||||\u00bb text_text_color=\u00bb#124C88&#8243; text_font_size=\u00bb38px\u00bb text_line_height=\u00bb1.1em\u00bb custom_margin=\u00bb12px||5px||false|false\u00bb custom_padding=\u00bb9px||13px||false|false\u00bb text_font_size_tablet=\u00bb\u00bb text_font_size_phone=\u00bb26px\u00bb text_font_size_last_edited=\u00bbon|phone\u00bb global_colors_info=\u00bb{}\u00bb]<\/p>\n<p style=\"text-align: center;\">INTERNACIONAL DE ACTUALIZACI\u00d3N EN<\/p>\n<p>[\/et_pb_text][et_pb_text _builder_version=\u00bb4.18.1&#8243; _module_preset=\u00bbdefault\u00bb text_font=\u00bbArchivo Narrow|700|||||||\u00bb text_text_color=\u00bb#124C88&#8243; text_font_size=\u00bb49px\u00bb text_line_height=\u00bb1.2em\u00bb custom_margin=\u00bb-2px||-2px||false|false\u00bb custom_margin_tablet=\u00bb\u00bb custom_margin_phone=\u00bb\u00bb custom_margin_last_edited=\u00bbon|phone\u00bb custom_padding=\u00bb0px||17px||false|false\u00bb text_font_size_tablet=\u00bb45px\u00bb text_font_size_phone=\u00bb30px\u00bb text_font_size_last_edited=\u00bbon|tablet\u00bb global_colors_info=\u00bb{}\u00bb]<\/p>\n<p style=\"text-align: center;\">TRASTORNOS DEL NEURODESARROLLO<\/p>\n<p>[\/et_pb_text][et_pb_text _builder_version=\u00bb4.17.6&#8243; _module_preset=\u00bbdefault\u00bb text_font_size=\u00bb18px\u00bb text_line_height=\u00bb1.5em\u00bb global_colors_info=\u00bb{}\u00bb]<\/p>\n<p style=\"text-align: center;\">Valencia, 3 y 4 de marzo de 2023<br \/>Colegio Oficial de M\u00e9dicos de Valencia (Espa\u00f1a)<\/p>\n<p>[\/et_pb_text][\/et_pb_column][et_pb_column type=\u00bb1_5&#8243; _builder_version=\u00bb4.17.6&#8243; _module_preset=\u00bbdefault\u00bb global_colors_info=\u00bb{}\u00bb][et_pb_image src=\u00bbhttps:\/\/invanep.com\/congreso-2023\/wp-content\/uploads\/2022\/07\/bannerRecurso-2fondo.png\u00bb title_text=\u00bbLOGOCONGRESOS\u00bb align=\u00bbcenter\u00bb _builder_version=\u00bb4.18.1&#8243; _module_preset=\u00bbdefault\u00bb width_tablet=\u00bb15%\u00bb width_phone=\u00bb23%\u00bb width_last_edited=\u00bbon|tablet\u00bb module_alignment=\u00bbcenter\u00bb custom_margin=\u00bb6vh|4vw|6vh|4vw|true|true\u00bb custom_margin_tablet=\u00bb0vh|4vw|0vh|4vw|true|true\u00bb custom_margin_phone=\u00bb\u00bb custom_margin_last_edited=\u00bbon|phone\u00bb global_colors_info=\u00bb{}\u00bb][\/et_pb_image][\/et_pb_column][\/et_pb_row][et_pb_row use_custom_gutter=\u00bbon\u00bb make_equal=\u00bbon\u00bb _builder_version=\u00bb4.18.1&#8243; _module_preset=\u00bbdefault\u00bb width_tablet=\u00bb\u00bb width_phone=\u00bb100%\u00bb width_last_edited=\u00bbon|phone\u00bb max_width=\u00bb1231px\u00bb module_alignment=\u00bbcenter\u00bb custom_margin=\u00bb|0px||auto|false|false\u00bb custom_margin_tablet=\u00bb\u00bb custom_margin_phone=\u00bb|0px||auto|false|false\u00bb custom_margin_last_edited=\u00bbon|phone\u00bb custom_padding=\u00bb|2vw||2vw|false|true\u00bb global_colors_info=\u00bb{}\u00bb][et_pb_column type=\u00bb4_4&#8243; _builder_version=\u00bb4.18.0&#8243; _module_preset=\u00bbdefault\u00bb global_colors_info=\u00bb{}\u00bb][et_pb_text _builder_version=\u00bb4.18.1&#8243; _module_preset=\u00bbdefault\u00bb text_text_color=\u00bb#FFFFFF\u00bb text_font_size=\u00bb25px\u00bb text_line_height=\u00bb1.4em\u00bb background_color=\u00bb#F25D26&#8243; custom_margin=\u00bb|||0vw|false|false\u00bb custom_padding=\u00bb1vh|2vw|1vh|2vw|true|true\u00bb animation_style=\u00bbzoom\u00bb global_colors_info=\u00bb{}\u00bb]<\/p>\n<p style=\"text-align: center;\"><strong>PRESENCIAL Y ONLINE<\/strong><br \/>Jornadas de tardes<\/p>\n<p>[\/et_pb_text][\/et_pb_column][\/et_pb_row][et_pb_row _builder_version=\u00bb4.18.1&#8243; _module_preset=\u00bbdefault\u00bb module_alignment=\u00bbcenter\u00bb custom_margin=\u00bb|0px||0px|false|true\u00bb custom_margin_tablet=\u00bb\u00bb custom_margin_phone=\u00bb|2vw||11vw|false|false\u00bb custom_margin_last_edited=\u00bbon|phone\u00bb custom_padding=\u00bb2vh|0px|2vh|0px|true|false\u00bb global_colors_info=\u00bb{}\u00bb][et_pb_column type=\u00bb4_4&#8243; _builder_version=\u00bb4.18.0&#8243; _module_preset=\u00bbdefault\u00bb global_colors_info=\u00bb{}\u00bb][et_pb_text _builder_version=\u00bb4.18.1&#8243; _module_preset=\u00bbdefault\u00bb text_font_size=\u00bb16px\u00bb global_colors_info=\u00bb{}\u00bb]<\/p>\n<p style=\"text-align: center;\">Las inscripciones presenciales se confirmar\u00e1n por riguroso orden de solicitud hasta completar el aforo de la sala (sala Chuli\u00e1 Campos).<\/p>\n<p>[\/et_pb_text][\/et_pb_column][\/et_pb_row][\/et_pb_section][et_pb_section fb_built=\u00bb1&#8243; fullwidth=\u00bbon\u00bb _builder_version=\u00bb4.17.6&#8243; _module_preset=\u00bbdefault\u00bb global_module=\u00bb161&#8243; global_colors_info=\u00bb{}\u00bb][et_pb_fullwidth_post_title meta=\u00bboff\u00bb featured_image=\u00bboff\u00bb _builder_version=\u00bb4.18.1&#8243; _module_preset=\u00bbdefault\u00bb title_font=\u00bbArchivo Narrow|700|||||||\u00bb title_text_align=\u00bbright\u00bb title_text_color=\u00bb#FFFFFF\u00bb title_font_size=\u00bb42px\u00bb background_color=\u00bb#F29028&#8243; module_alignment=\u00bbright\u00bb custom_margin=\u00bb-1px||||false|false\u00bb custom_padding=\u00bb2vh||2vh||true|false\u00bb animation_style=\u00bbslide\u00bb animation_direction=\u00bbleft\u00bb title_font_size_tablet=\u00bb\u00bb title_font_size_phone=\u00bb39px\u00bb title_font_size_last_edited=\u00bbon|desktop\u00bb global_colors_info=\u00bb{}\u00bb][\/et_pb_fullwidth_post_title][\/et_pb_section][et_pb_section fb_built=\u00bb1&#8243; _builder_version=\u00bb4.17.6&#8243; _module_preset=\u00bbdefault\u00bb custom_padding=\u00bb22px|||||\u00bb global_colors_info=\u00bb{}\u00bb][et_pb_row column_structure=\u00bb1_2,1_2&#8243; use_custom_gutter=\u00bbon\u00bb gutter_width=\u00bb4&#8243; _builder_version=\u00bb4.18.0&#8243; _module_preset=\u00bbdefault\u00bb width=\u00bb90%\u00bb module_alignment=\u00bbcenter\u00bb global_colors_info=\u00bb{}\u00bb][et_pb_column type=\u00bb1_2&#8243; _builder_version=\u00bb4.18.0&#8243; _module_preset=\u00bbdefault\u00bb custom_padding=\u00bb2vh|2vw|4vh|2vw|false|true\u00bb box_shadow_style=\u00bbpreset2&#8243; global_colors_info=\u00bb{}\u00bb][et_pb_text _builder_version=\u00bb4.18.0&#8243; _module_preset=\u00bbdefault\u00bb text_font=\u00bb|700|||||||\u00bb text_text_color=\u00bb#FFFFFF\u00bb text_font_size=\u00bb19px\u00bb background_color=\u00bb#124C88&#8243; text_orientation=\u00bbcenter\u00bb custom_margin=\u00bb||28px|||\u00bb custom_padding=\u00bb2vh|2vw|2vh|2vw|true|true\u00bb global_colors_info=\u00bb{}\u00bb]<\/p>\n<p>NEURODESARROLLO<\/p>\n<p>[\/et_pb_text][et_pb_blurb title=\u00bbSALVADOR MART\u00cdNEZ\u00bb image=\u00bbhttps:\/\/invanep.com\/congreso-2023\/wp-content\/uploads\/2022\/11\/SalvadorMartinez.png\u00bb icon_placement=\u00bbleft\u00bb image_icon_width=\u00bb200%\u00bb content_max_width=\u00bb100%\u00bb _builder_version=\u00bb4.18.1&#8243; _module_preset=\u00bbdefault\u00bb module_alignment=\u00bbcenter\u00bb custom_css_blurb_image=\u00bbwidth:120px\u00bb border_radii_image=\u00bbon|100px|100px|100px|100px\u00bb global_colors_info=\u00bb{}\u00bb]<\/p>\n<p><em>Catedr\u00e1tico del Dpto. de Histolog\u00eda y Anatom\u00eda Humana, F. de Medicina de la Universidad Miguel Hern\u00e1ndez, Elche. Investigador del Instituto de Neurociencias. Director del laboratorio de Embriolog\u00eda Experimental del Instituto de Neurociencias, UMH-CSIC. (Alicante).<\/em><\/p>\n<p>[\/et_pb_blurb][et_pb_blurb title=\u00bbJIMENA BARRAZA\u00bb image=\u00bbhttps:\/\/invanep.com\/congreso-2023\/wp-content\/uploads\/2022\/11\/Jimena-Barrza-Garcia.png\u00bb icon_placement=\u00bbleft\u00bb image_icon_width=\u00bb200%\u00bb content_max_width=\u00bb100%\u00bb _builder_version=\u00bb4.18.1&#8243; _module_preset=\u00bbdefault\u00bb module_alignment=\u00bbcenter\u00bb custom_css_blurb_image=\u00bbwidth:120px\u00bb border_radii_image=\u00bbon|100px|100px|100px|100px\u00bb global_colors_info=\u00bb{}\u00bb]<\/p>\n<p><em>M\u00e9dico Genetista de Eurofins Megalab (Madrid).<\/em><\/p>\n<p>[\/et_pb_blurb][et_pb_blurb title=\u00bbM\u00aa \u00c1NGELES IDIAZ\u00c1BAL\u00bb image=\u00bbhttps:\/\/invanep.com\/congreso-2023\/wp-content\/uploads\/2022\/11\/idiazabal.jpg\u00bb icon_placement=\u00bbleft\u00bb image_icon_width=\u00bb200%\u00bb content_max_width=\u00bb100%\u00bb _builder_version=\u00bb4.18.1&#8243; _module_preset=\u00bbdefault\u00bb module_alignment=\u00bbcenter\u00bb hover_enabled=\u00bb0&#8243; custom_css_blurb_image=\u00bbwidth:120px\u00bb border_radii_image=\u00bbon|100px|100px|100px|100px\u00bb global_colors_info=\u00bb{}\u00bb title_text=\u00bbidiazabal\u00bb sticky_enabled=\u00bb0&#8243;]<\/p>\n<p><em>Neurofisi\u00f3loga Cl\u00ednica. M\u00e1ster Internacional en Electrodiagn\u00f3stico Neurol\u00f3gico. Directora del Instituto Neurocognitivo INCIA (Barcelona).<\/em><\/p>\n<p>[\/et_pb_blurb][\/et_pb_column][et_pb_column type=\u00bb1_2&#8243; _builder_version=\u00bb4.18.0&#8243; _module_preset=\u00bbdefault\u00bb custom_padding=\u00bb2vh|2vw|4vh|2vw|false|true\u00bb box_shadow_style=\u00bbpreset2&#8243; global_colors_info=\u00bb{}\u00bb][et_pb_text _builder_version=\u00bb4.18.0&#8243; _module_preset=\u00bbdefault\u00bb text_font=\u00bb|700|||||||\u00bb text_text_color=\u00bb#FFFFFF\u00bb text_font_size=\u00bb19px\u00bb background_color=\u00bb#124C88&#8243; text_orientation=\u00bbcenter\u00bb custom_margin=\u00bb||28px|||\u00bb custom_padding=\u00bb2vh|2vw|2vh|2vw|true|true\u00bb global_colors_info=\u00bb{}\u00bb]<\/p>\n<p>TRASTORNOS DEL ESPECTRO AUTISTA (TEA)<\/p>\n<p>[\/et_pb_text][et_pb_blurb title=\u00bbAMI KLIN\u00bb image=\u00bbhttps:\/\/invanep.com\/congreso-2023\/wp-content\/uploads\/2022\/11\/Ami-Klin.png\u00bb icon_placement=\u00bbleft\u00bb image_icon_width=\u00bb200%\u00bb content_max_width=\u00bb100%\u00bb _builder_version=\u00bb4.18.1&#8243; _module_preset=\u00bbdefault\u00bb module_alignment=\u00bbcenter\u00bb custom_css_blurb_image=\u00bbwidth:120px\u00bb border_radii_image=\u00bbon|100px|100px|100px|100px\u00bb global_colors_info=\u00bb{}\u00bb]<\/p>\n<p><em>Director of Marcus Autism Center at Children\u2019s Healthcare of Atlanta and Emory University School of Medicine (Atlanta. USA).<\/em><\/p>\n<p>[\/et_pb_blurb][et_pb_blurb title=\u00bbAMAIA HERV\u00c1S\u00bb image=\u00bbhttps:\/\/invanep.com\/congreso-2023\/wp-content\/uploads\/2022\/11\/Dra_Amaia_Hervas.png\u00bb icon_placement=\u00bbleft\u00bb image_icon_width=\u00bb200%\u00bb content_max_width=\u00bb100%\u00bb _builder_version=\u00bb4.18.1&#8243; _module_preset=\u00bbdefault\u00bb module_alignment=\u00bbcenter\u00bb custom_css_blurb_image=\u00bbwidth:120px\u00bb border_radii_image=\u00bbon|100px|100px|100px|100px\u00bb global_colors_info=\u00bb{}\u00bb]<\/p>\n<p><em>Psiquiatra infanto-juvenil. Jefe de Psiquiatr\u00eda infantil y juvenil. Hospital Universitario Mutua de Tarrasa. Directora de la UETD. Hospital Sant Joan de Deu (Barcelona).<\/em><\/p>\n<p>[\/et_pb_blurb][et_pb_blurb title=\u00bbV\u00cdCTOR RUGGIERI\u00bb image=\u00bbhttps:\/\/invanep.com\/congreso-2023\/wp-content\/uploads\/2022\/11\/Victor-Ruggieri.png\u00bb icon_placement=\u00bbleft\u00bb image_icon_width=\u00bb200%\u00bb content_max_width=\u00bb100%\u00bb _builder_version=\u00bb4.18.1&#8243; _module_preset=\u00bbdefault\u00bb module_alignment=\u00bbcenter\u00bb custom_css_blurb_image=\u00bbwidth:120px\u00bb border_radii_image=\u00bbon|100px|100px|100px|100px\u00bb global_colors_info=\u00bb{}\u00bb]<\/p>\n<p><em>Neuropediatra. Miembro del Comit\u00e9 Cient\u00edfico de la Fundaci\u00f3n Hospital Garrahan (Buenos Aires. Argentina).<\/em><\/p>\n<p>[\/et_pb_blurb][et_pb_blurb title=\u00bbMARIANO ALCA\u00d1IZ\u00bb image=\u00bbhttps:\/\/invanep.com\/congreso-2023\/wp-content\/uploads\/2022\/11\/Mariano-Alcaniz.png\u00bb icon_placement=\u00bbleft\u00bb image_icon_width=\u00bb200%\u00bb content_max_width=\u00bb100%\u00bb _builder_version=\u00bb4.18.1&#8243; _module_preset=\u00bbdefault\u00bb module_alignment=\u00bbcenter\u00bb custom_css_blurb_image=\u00bbwidth:120px\u00bb border_radii_image=\u00bbon|100px|100px|100px|100px\u00bb global_colors_info=\u00bb{}\u00bb]<\/p>\n<p><em>Catedr\u00e1tico de Ingenier\u00eda Biom\u00e9dica de la Universidad Polit\u00e9cnica de Valencia. Director del Instituto LENl-I3B de la UPV (Valencia).<\/em><\/p>\n<p>[\/et_pb_blurb][et_pb_blurb title=\u00bbANA MIRANDA\u00bb image=\u00bbhttps:\/\/invanep.com\/congreso-2023\/wp-content\/uploads\/2022\/11\/Dra_Ana_Miranda.png\u00bb icon_placement=\u00bbleft\u00bb image_icon_width=\u00bb200%\u00bb content_max_width=\u00bb100%\u00bb _builder_version=\u00bb4.18.1&#8243; _module_preset=\u00bbdefault\u00bb module_alignment=\u00bbcenter\u00bb custom_css_blurb_image=\u00bbwidth:120px\u00bb border_radii_image=\u00bbon|100px|100px|100px|100px\u00bb global_colors_info=\u00bb{}\u00bb]<\/p>\n<p><em>Catedr\u00e1tica em\u00e9rita de Psicolog\u00eda Evolutiva y de la Educaci\u00f3n, Facultad de Psicolog\u00eda. Universidad de Valencia (Valencia).<\/em><\/p>\n<p>[\/et_pb_blurb][\/et_pb_column][\/et_pb_row][et_pb_row column_structure=\u00bb1_2,1_2&#8243; use_custom_gutter=\u00bbon\u00bb gutter_width=\u00bb4&#8243; _builder_version=\u00bb4.18.0&#8243; _module_preset=\u00bbdefault\u00bb width=\u00bb90%\u00bb module_alignment=\u00bbcenter\u00bb global_colors_info=\u00bb{}\u00bb][et_pb_column type=\u00bb1_2&#8243; _builder_version=\u00bb4.18.0&#8243; _module_preset=\u00bbdefault\u00bb custom_padding=\u00bb2vh|2vw|4vh|2vw|false|true\u00bb box_shadow_style=\u00bbpreset2&#8243; global_colors_info=\u00bb{}\u00bb][et_pb_text _builder_version=\u00bb4.18.0&#8243; _module_preset=\u00bbdefault\u00bb text_font=\u00bb|700|||||||\u00bb text_text_color=\u00bb#FFFFFF\u00bb text_font_size=\u00bb19px\u00bb background_color=\u00bb#124C88&#8243; text_orientation=\u00bbcenter\u00bb custom_margin=\u00bb||28px|||\u00bb custom_padding=\u00bb2vh|2vw|2vh|2vw|true|true\u00bb global_colors_info=\u00bb{}\u00bb]<\/p>\n<p>TRASTORNO POR DEFICIT ATENCION E HIPERACTIVIDAD (TDAH)<\/p>\n<p>[\/et_pb_text][et_pb_blurb title=\u00bbLUIS ABAD\u00bb image=\u00bbhttps:\/\/invanep.com\/congreso-2023\/wp-content\/uploads\/2022\/11\/Luis-Abad_recortada.jpg\u00bb icon_placement=\u00bbleft\u00bb image_icon_width=\u00bb200%\u00bb content_max_width=\u00bb100%\u00bb _builder_version=\u00bb4.18.1&#8243; _module_preset=\u00bbdefault\u00bb module_alignment=\u00bbcenter\u00bb custom_css_blurb_image=\u00bbwidth:120px\u00bb border_radii_image=\u00bbon|100px|100px|100px|100px\u00bb global_colors_info=\u00bb{}\u00bb]<\/p>\n<p><em>Psicopedagogo. M\u00e1ster en Neuropsicolog\u00eda de la Educaci\u00f3n e Investigaci\u00f3n, especialista en Trastornos del Neurodesarrollo. Director del Centro de Desarrollo Cognitivo RED CENIT (Valencia).<\/em><\/p>\n<p>[\/et_pb_blurb][et_pb_blurb title=\u00bbALBERTO FERN\u00c1NDEZ JA\u00c9N\u00bb image=\u00bbhttps:\/\/invanep.com\/congreso-2023\/wp-content\/uploads\/2022\/11\/Dr_Alberto_Fernandez.png\u00bb icon_placement=\u00bbleft\u00bb image_icon_width=\u00bb200%\u00bb content_max_width=\u00bb100%\u00bb _builder_version=\u00bb4.18.1&#8243; _module_preset=\u00bbdefault\u00bb module_alignment=\u00bbcenter\u00bb custom_css_blurb_image=\u00bbwidth:120px\u00bb border_radii_image=\u00bbon|100px|100px|100px|100px\u00bb global_colors_info=\u00bb{}\u00bb]<\/p>\n<p><em>Neuropediatra. Responsable de la Unidad de Neurolog\u00eda Infantil. Hospital Universitario Quir\u00f3n (Madrid).<\/em><\/p>\n<p>[\/et_pb_blurb][et_pb_blurb title=\u00bbC\u00c9SAR SOUTULLO\u00bb image=\u00bbhttps:\/\/invanep.com\/congreso-2023\/wp-content\/uploads\/2022\/11\/Dr.-Cesar-Soutullo.png\u00bb icon_placement=\u00bbleft\u00bb image_icon_width=\u00bb200%\u00bb content_max_width=\u00bb100%\u00bb _builder_version=\u00bb4.18.1&#8243; _module_preset=\u00bbdefault\u00bb module_alignment=\u00bbcenter\u00bb custom_css_blurb_image=\u00bbwidth:120px\u00bb border_radii_image=\u00bbon|100px|100px|100px|100px\u00bb global_colors_info=\u00bb{}\u00bb]<\/p>\n<p><em>Child &amp; Adolescent Psychiatrist. The University of Texas Health Science Ctr at Houston (Houston, USA).<\/em><\/p>\n<p>[\/et_pb_blurb][et_pb_blurb title=\u00bbJAVIER TIRAPU\u00bb image=\u00bbhttps:\/\/invanep.com\/congreso-2023\/wp-content\/uploads\/2022\/11\/Dr_Tirapu-1.png\u00bb icon_placement=\u00bbleft\u00bb image_icon_width=\u00bb200%\u00bb content_max_width=\u00bb100%\u00bb _builder_version=\u00bb4.18.1&#8243; _module_preset=\u00bbdefault\u00bb module_alignment=\u00bbcenter\u00bb custom_css_blurb_image=\u00bbwidth:120px\u00bb border_radii_image=\u00bbon|100px|100px|100px|100px\u00bb global_colors_info=\u00bb{}\u00bb]<\/p>\n<p><em>Neuropsic\u00f3logo cl\u00ednico. Servicio de rehabilitaci\u00f3n neurol\u00f3gica del Complejo Hospitalario de Navarra (Cl\u00ednica Ubarmin). Director t\u00e9cnico y cient\u00edfico de la Fundaci\u00f3n Argibide (Pamplona).<\/em><\/p>\n<p>[\/et_pb_blurb][\/et_pb_column][et_pb_column type=\u00bb1_2&#8243; _builder_version=\u00bb4.18.0&#8243; _module_preset=\u00bbdefault\u00bb custom_padding=\u00bb2vh|2vw|4vh|2vw|false|true\u00bb box_shadow_style=\u00bbpreset2&#8243; global_colors_info=\u00bb{}\u00bb][et_pb_text _builder_version=\u00bb4.18.0&#8243; _module_preset=\u00bbdefault\u00bb text_font=\u00bb|700|||||||\u00bb text_text_color=\u00bb#FFFFFF\u00bb text_font_size=\u00bb19px\u00bb background_color=\u00bb#124C88&#8243; text_orientation=\u00bbcenter\u00bb custom_margin=\u00bb||28px|||\u00bb custom_padding=\u00bb2vh|2vw|2vh|2vw|true|true\u00bb global_colors_info=\u00bb{}\u00bb]<\/p>\n<p><strong>T. LENGUAJE \/ T. APRENDIZAJE<\/strong><\/p>\n<p>[\/et_pb_text][et_pb_blurb title=\u00bbINMACULADA BAIXAULI\u00bb image=\u00bbhttps:\/\/invanep.com\/congreso-2023\/wp-content\/uploads\/2022\/11\/Inmaculada-Baixauli_recortada.png\u00bb icon_placement=\u00bbleft\u00bb image_icon_width=\u00bb200%\u00bb content_max_width=\u00bb100%\u00bb _builder_version=\u00bb4.18.1&#8243; _module_preset=\u00bbdefault\u00bb module_alignment=\u00bbcenter\u00bb custom_css_blurb_image=\u00bbwidth:120px\u00bb border_radii_image=\u00bbon|100px|100px|100px|100px\u00bb global_colors_info=\u00bb{}\u00bb]<\/p>\n<p><em>Logopeda. Profesora de la Universidad Cat\u00f3lica de Valencia San Vicente M\u00e1rtir. (Valencia).<\/em><\/p>\n<p>[\/et_pb_blurb][et_pb_blurb title=\u00bbSYLVIA SASTRE-RIBA\u00bb image=\u00bbhttps:\/\/invanep.com\/congreso-2023\/wp-content\/uploads\/2022\/11\/Dra_Sylvia_Sastre_i_Riba.png\u00bb icon_placement=\u00bbleft\u00bb image_icon_width=\u00bb200%\u00bb content_max_width=\u00bb100%\u00bb _builder_version=\u00bb4.18.1&#8243; _module_preset=\u00bbdefault\u00bb module_alignment=\u00bbcenter\u00bb custom_padding=\u00bb11px|||||\u00bb custom_css_blurb_image=\u00bbwidth:120px\u00bb border_radii_image=\u00bbon|100px|100px|100px|100px\u00bb global_colors_info=\u00bb{}\u00bb]<\/p>\n<p><em>Catedr\u00e1tica de Psicolog\u00eda Evolutiva y Educaci\u00f3n. Facultad de Psicolog\u00eda. Universidad de La Rioja (Logro\u00f1o).<\/em><\/p>\n<p>[\/et_pb_blurb][\/et_pb_column][\/et_pb_row][\/et_pb_section]<\/p>\n","protected":false},"excerpt":{"rendered":"<p>XXV CONGRESOINTERNACIONAL DE ACTUALIZACI\u00d3N ENTRASTORNOS DEL NEURODESARROLLOValencia, 3 y 4 de marzo de 2023Colegio Oficial de M\u00e9dicos de Valencia (Espa\u00f1a)PRESENCIAL Y ONLINEJornadas de tardesLas inscripciones presenciales se confirmar\u00e1n por riguroso orden de solicitud hasta completar el aforo de la sala (sala Chuli\u00e1 Campos).NEURODESARROLLOCatedr\u00e1tico del Dpto. de Histolog\u00eda y Anatom\u00eda Humana, F. de Medicina de la [&hellip;]<\/p>\n","protected":false},"author":1,"featured_media":0,"parent":0,"menu_order":0,"comment_status":"closed","ping_status":"closed","template":"","meta":{"_et_pb_use_builder":"on","_et_pb_old_content":"<!-- wp:divi\/placeholder \/-->","_et_gb_content_width":""},"_links":{"self":[{"href":"https:\/\/invanep.com\/congreso-2023\/wp-json\/wp\/v2\/pages\/19"}],"collection":[{"href":"https:\/\/invanep.com\/congreso-2023\/wp-json\/wp\/v2\/pages"}],"about":[{"href":"https:\/\/invanep.com\/congreso-2023\/wp-json\/wp\/v2\/types\/page"}],"author":[{"embeddable":true,"href":"https:\/\/invanep.com\/congreso-2023\/wp-json\/wp\/v2\/users\/1"}],"replies":[{"embeddable":true,"href":"https:\/\/invanep.com\/congreso-2023\/wp-json\/wp\/v2\/comments?post=19"}],"version-history":[{"count":25,"href":"https:\/\/invanep.com\/congreso-2023\/wp-json\/wp\/v2\/pages\/19\/revisions"}],"predecessor-version":[{"id":502,"href":"https:\/\/invanep.com\/congreso-2023\/wp-json\/wp\/v2\/pages\/19\/revisions\/502"}],"wp:attachment":[{"href":"https:\/\/invanep.com\/congreso-2023\/wp-json\/wp\/v2\/media?parent=19"}],"curies":[{"name":"wp","href":"https:\/\/api.w.org\/{rel}","templated":true}]}}