{"id":456,"date":"2022-03-08T09:54:56","date_gmt":"2022-03-08T09:54:56","guid":{"rendered":"https:\/\/invanep.com\/congreso-2022\/?page_id=456"},"modified":"2022-03-08T09:54:56","modified_gmt":"2022-03-08T09:54:56","slug":"posters-con-defensa","status":"publish","type":"page","link":"https:\/\/invanep.com\/congreso-2022\/posters-con-defensa\/","title":{"rendered":"Posters con Defensa"},"content":{"rendered":"\n<h2> <span style=\"color:#053889\" class=\"has-inline-color\">Neurodesarrollo<\/span> <\/h2>\n\n\n\n<p> <li><span class=\"has-inline-color has-black-color\"><strong>Primary care referral causes and final neurodevelopmental diagnosis: do they match?<\/strong><\/span><\/li><\/p>\n\n\n\n<figure class=\"wp-block-embed is-type-video is-provider-vimeo wp-block-embed-vimeo wp-embed-aspect-16-9 wp-has-aspect-ratio\"><div class=\"wp-block-embed__wrapper\">\n<iframe loading=\"lazy\" src=\"https:\/\/player.vimeo.com\/video\/685784726?h=f26b3f2150&amp;dnt=1&amp;app_id=122963\" width=\"750\" height=\"422\" frameborder=\"0\" allow=\"autoplay; fullscreen; picture-in-picture\" allowfullscreen><\/iframe>\n<\/div><\/figure>\n\n\n\n<h2> <span style=\"color:#053889\" class=\"has-inline-color\">Trastorno por D\u00e9ficit de Atenci\u00f3n e Hiperactividad (TDAH)<\/span> <\/h2>\n\n\n\n<p> <li><span class=\"has-inline-color has-black-color\"><strong>TDAH, ansiedad y problemas de aprendizaje<\/strong><\/span><\/li><\/p>\n\n\n\n<p><li><span class=\"has-inline-color has-black-color\"><strong>Procesamiento emocional en adultos con TDAH<\/strong>. <\/span><\/li><\/p>\n\n\n\n<p><li><span class=\"has-inline-color has-black-color\"><strong>Cognici\u00f3n social en adultos con trastorno por d\u00e9ficit de atenci\u00f3n\/hiperactividad y trastorno de la personalidad antisocial<\/strong>. <\/span><\/li><\/p>\n\n\n\n<figure class=\"wp-block-embed is-type-video is-provider-vimeo wp-block-embed-vimeo wp-embed-aspect-16-9 wp-has-aspect-ratio\"><div class=\"wp-block-embed__wrapper\">\n<iframe loading=\"lazy\" src=\"https:\/\/player.vimeo.com\/video\/685785543?h=b6b80fb6e9&amp;dnt=1&amp;app_id=122963\" width=\"750\" height=\"422\" frameborder=\"0\" allow=\"autoplay; fullscreen; picture-in-picture\" allowfullscreen><\/iframe>\n<\/div><\/figure>\n\n\n\n<figure class=\"wp-block-embed is-type-video is-provider-vimeo wp-block-embed-vimeo wp-embed-aspect-16-9 wp-has-aspect-ratio\"><div class=\"wp-block-embed__wrapper\">\n<iframe loading=\"lazy\" src=\"https:\/\/player.vimeo.com\/video\/685785962?h=24d60c551b&amp;dnt=1&amp;app_id=122963\" width=\"750\" height=\"422\" frameborder=\"0\" allow=\"autoplay; fullscreen; picture-in-picture\" allowfullscreen><\/iframe>\n<\/div><\/figure>\n\n\n\n<figure class=\"wp-block-embed is-type-video is-provider-vimeo wp-block-embed-vimeo wp-embed-aspect-16-9 wp-has-aspect-ratio\"><div class=\"wp-block-embed__wrapper\">\n<iframe loading=\"lazy\" src=\"https:\/\/player.vimeo.com\/video\/685791758?h=35e735630e&amp;dnt=1&amp;app_id=122963\" width=\"750\" height=\"422\" frameborder=\"0\" allow=\"autoplay; fullscreen; picture-in-picture\" allowfullscreen><\/iframe>\n<\/div><\/figure>\n\n\n\n<p><\/p>\n\n\n\n<h2> <span style=\"color:#053889\" class=\"has-inline-color\">Trastorno del Espectro Autista (TEA)<\/span> <\/h2>\n\n\n\n<p> <li><span class=\"has-inline-color has-black-color\"><strong>Salud mental y funcionamiento en adultos con TEA<\/strong>. <\/span><\/li><\/p>\n\n\n\n<p><li><span class=\"has-inline-color has-black-color\"><strong>Incidencia de casos nuevos diagnosticados de trastornos de espectro autista en un Equipo de Salud Mental Infanto-juvenil en dos per\u00edodos diferenciados: un estudio descriptivo<\/strong>.<\/span><\/li><\/p>\n\n\n\n<p><li><span class=\"has-inline-color has-black-color\"><strong>Jugar al escondite en realidad virtual: un estudio de usabilidad en ni\u00f1os con trastorno del espectro autista<\/strong>. <\/span><\/li><\/p>\n\n\n\n<p><li><span class=\"has-inline-color has-black-color\"><strong>Diferencias de g\u00e9nero en el perfil conductual de preescolares con trastorno del espectro del autismo seg\u00fan los cuestionarios de Achenbach.<\/strong><\/span><\/li><\/p>\n\n\n\n<p><li><span class=\"has-inline-color has-black-color\"><strong>\u00bfExiste relaci\u00f3n entre las conductas autol\u00edticas de las personas con trastorno del espectro autista (tea) y la ansiedad y\/o depresi\u00f3n? an\u00e1lisis de una muestra deadolescentes con tea en r\u00e9gimen de hospitalizaci\u00f3n en un centro terap\u00e9utico.<\/strong><\/span><\/li><\/p>\n\n\n\n<figure class=\"wp-block-embed is-type-video is-provider-vimeo wp-block-embed-vimeo wp-embed-aspect-16-9 wp-has-aspect-ratio\"><div class=\"wp-block-embed__wrapper\">\n<iframe loading=\"lazy\" src=\"https:\/\/player.vimeo.com\/video\/685792314?h=8b7acf095b&amp;dnt=1&amp;app_id=122963\" width=\"750\" height=\"422\" frameborder=\"0\" allow=\"autoplay; fullscreen; picture-in-picture\" allowfullscreen><\/iframe>\n<\/div><\/figure>\n\n\n\n<figure class=\"wp-block-embed is-type-video is-provider-vimeo wp-block-embed-vimeo wp-embed-aspect-16-9 wp-has-aspect-ratio\"><div class=\"wp-block-embed__wrapper\">\n<iframe loading=\"lazy\" src=\"https:\/\/player.vimeo.com\/video\/685794411?h=518f049140&amp;dnt=1&amp;app_id=122963\" width=\"750\" height=\"422\" frameborder=\"0\" allow=\"autoplay; fullscreen; picture-in-picture\" allowfullscreen><\/iframe>\n<\/div><\/figure>\n\n\n\n<figure class=\"wp-block-embed is-type-video is-provider-vimeo wp-block-embed-vimeo wp-embed-aspect-16-9 wp-has-aspect-ratio\"><div class=\"wp-block-embed__wrapper\">\n<iframe loading=\"lazy\" src=\"https:\/\/player.vimeo.com\/video\/685794705?h=5ae61c581a&amp;dnt=1&amp;app_id=122963\" width=\"750\" height=\"422\" frameborder=\"0\" allow=\"autoplay; fullscreen; picture-in-picture\" allowfullscreen><\/iframe>\n<\/div><\/figure>\n\n\n\n<figure class=\"wp-block-embed is-type-video is-provider-vimeo wp-block-embed-vimeo wp-embed-aspect-16-9 wp-has-aspect-ratio\"><div class=\"wp-block-embed__wrapper\">\n<iframe loading=\"lazy\" src=\"https:\/\/player.vimeo.com\/video\/685798641?h=cce3178afb&amp;dnt=1&amp;app_id=122963\" width=\"750\" height=\"422\" frameborder=\"0\" allow=\"autoplay; fullscreen; picture-in-picture\" allowfullscreen><\/iframe>\n<\/div><\/figure>\n\n\n\n<figure class=\"wp-block-embed is-type-video is-provider-vimeo wp-block-embed-vimeo wp-embed-aspect-16-9 wp-has-aspect-ratio\"><div class=\"wp-block-embed__wrapper\">\n<iframe loading=\"lazy\" src=\"https:\/\/player.vimeo.com\/video\/685799002?h=88a65ab54a&amp;dnt=1&amp;app_id=122963\" width=\"750\" height=\"422\" frameborder=\"0\" allow=\"autoplay; fullscreen; picture-in-picture\" allowfullscreen><\/iframe>\n<\/div><\/figure>\n\n\n\n<p> <\/p>\n\n\n\n<p> <\/p>\n","protected":false},"excerpt":{"rendered":"<p>Neurodesarrollo Primary care referral causes and final neurodevelopmental diagnosis: do they match? Trastorno por D\u00e9ficit de Atenci\u00f3n e Hiperactividad (TDAH) &hellip; <\/p>\n","protected":false},"author":1,"featured_media":0,"parent":0,"menu_order":0,"comment_status":"closed","ping_status":"closed","template":"","meta":[],"_links":{"self":[{"href":"https:\/\/invanep.com\/congreso-2022\/wp-json\/wp\/v2\/pages\/456"}],"collection":[{"href":"https:\/\/invanep.com\/congreso-2022\/wp-json\/wp\/v2\/pages"}],"about":[{"href":"https:\/\/invanep.com\/congreso-2022\/wp-json\/wp\/v2\/types\/page"}],"author":[{"embeddable":true,"href":"https:\/\/invanep.com\/congreso-2022\/wp-json\/wp\/v2\/users\/1"}],"replies":[{"embeddable":true,"href":"https:\/\/invanep.com\/congreso-2022\/wp-json\/wp\/v2\/comments?post=456"}],"version-history":[{"count":6,"href":"https:\/\/invanep.com\/congreso-2022\/wp-json\/wp\/v2\/pages\/456\/revisions"}],"predecessor-version":[{"id":470,"href":"https:\/\/invanep.com\/congreso-2022\/wp-json\/wp\/v2\/pages\/456\/revisions\/470"}],"wp:attachment":[{"href":"https:\/\/invanep.com\/congreso-2022\/wp-json\/wp\/v2\/media?parent=456"}],"curies":[{"name":"wp","href":"https:\/\/api.w.org\/{rel}","templated":true}]}}