{"id":186,"date":"2022-01-12T10:05:08","date_gmt":"2022-01-12T10:05:08","guid":{"rendered":"https:\/\/invanep.com\/congreso-2022\/?page_id=186"},"modified":"2022-01-12T11:08:46","modified_gmt":"2022-01-12T11:08:46","slug":"rubio","status":"publish","type":"page","link":"https:\/\/invanep.com\/congreso-2022\/rubio\/","title":{"rendered":""},"content":{"rendered":"\n<figure class=\"wp-block-image size-full is-resized\"><a href=\"https:\/\/campusrubio.com\/\"><img loading=\"lazy\" src=\"https:\/\/invanep.com\/congreso-2022\/wp-content\/uploads\/2022\/01\/Logo-campusrubio-300x141-1.png\" alt=\"\" class=\"wp-image-188\" width=\"279\" height=\"131\"\/><\/a><\/figure>\n\n\n\n<h1 class=\"has-text-align-center\">\u00bfA\u00daN NO LO CONOCES?<\/h1>\n\n\n\n<p class=\"has-text-align-center\" style=\"font-size:25px\">Una nueva plataforma de formaci\u00f3n y actualidad m\u00e9dica dise\u00f1ada para ti.<\/p>\n\n\n\n<div class=\"wp-block-image\"><figure class=\"aligncenter size-full is-resized\"><a href=\"https:\/\/campusrubio.com\/\"><img loading=\"lazy\" src=\"https:\/\/invanep.com\/congreso-2022\/wp-content\/uploads\/2022\/01\/SGP_003_HC_JJ_RUBIO_firmamail.jpg\" alt=\"\" class=\"wp-image-192\" width=\"714\" height=\"224\" srcset=\"https:\/\/invanep.com\/congreso-2022\/wp-content\/uploads\/2022\/01\/SGP_003_HC_JJ_RUBIO_firmamail.jpg 652w, https:\/\/invanep.com\/congreso-2022\/wp-content\/uploads\/2022\/01\/SGP_003_HC_JJ_RUBIO_firmamail-300x94.jpg 300w\" sizes=\"(max-width: 714px) 100vw, 714px\" \/><\/a><\/figure><\/div>\n\n\n\n<div class=\"wp-block-image\"><figure class=\"aligncenter size-full is-resized\"><a href=\"https:\/\/www.laboratoriosrubio.com\/\"><img loading=\"lazy\" src=\"https:\/\/invanep.com\/congreso-2022\/wp-content\/uploads\/2022\/01\/RUBIO-1.png\" alt=\"\" class=\"wp-image-184\" width=\"277\" height=\"165\" srcset=\"https:\/\/invanep.com\/congreso-2022\/wp-content\/uploads\/2022\/01\/RUBIO-1.png 400w, https:\/\/invanep.com\/congreso-2022\/wp-content\/uploads\/2022\/01\/RUBIO-1-300x179.png 300w\" sizes=\"(max-width: 277px) 100vw, 277px\" \/><\/a><\/figure><\/div>\n","protected":false},"excerpt":{"rendered":"<p>\u00bfA\u00daN NO LO CONOCES? Una nueva plataforma de formaci\u00f3n y actualidad m\u00e9dica dise\u00f1ada para ti.<\/p>\n","protected":false},"author":1,"featured_media":0,"parent":0,"menu_order":0,"comment_status":"closed","ping_status":"closed","template":"","meta":[],"_links":{"self":[{"href":"https:\/\/invanep.com\/congreso-2022\/wp-json\/wp\/v2\/pages\/186"}],"collection":[{"href":"https:\/\/invanep.com\/congreso-2022\/wp-json\/wp\/v2\/pages"}],"about":[{"href":"https:\/\/invanep.com\/congreso-2022\/wp-json\/wp\/v2\/types\/page"}],"author":[{"embeddable":true,"href":"https:\/\/invanep.com\/congreso-2022\/wp-json\/wp\/v2\/users\/1"}],"replies":[{"embeddable":true,"href":"https:\/\/invanep.com\/congreso-2022\/wp-json\/wp\/v2\/comments?post=186"}],"version-history":[{"count":8,"href":"https:\/\/invanep.com\/congreso-2022\/wp-json\/wp\/v2\/pages\/186\/revisions"}],"predecessor-version":[{"id":197,"href":"https:\/\/invanep.com\/congreso-2022\/wp-json\/wp\/v2\/pages\/186\/revisions\/197"}],"wp:attachment":[{"href":"https:\/\/invanep.com\/congreso-2022\/wp-json\/wp\/v2\/media?parent=186"}],"curies":[{"name":"wp","href":"https:\/\/api.w.org\/{rel}","templated":true}]}}