{"id":15,"date":"2021-10-31T17:33:27","date_gmt":"2021-10-31T17:33:27","guid":{"rendered":"https:\/\/invanep.com\/congreso-2022\/?page_id=15"},"modified":"2022-01-04T09:59:49","modified_gmt":"2022-01-04T09:59:49","slug":"salutacion","status":"publish","type":"page","link":"https:\/\/invanep.com\/congreso-2022\/salutacion\/","title":{"rendered":"Salutaci\u00f3n"},"content":{"rendered":"\n<div class=\"wp-block-media-text alignfull is-stacked-on-mobile is-vertically-aligned-top\" style=\"grid-template-columns:21% auto\"><figure class=\"wp-block-media-text__media\"><img loading=\"lazy\" width=\"224\" height=\"300\" src=\"https:\/\/invanep.com\/congreso-2022\/wp-content\/uploads\/2021\/12\/Foto-Fernando-Mulas-2-224x300.jpg\" alt=\"\" class=\"wp-image-164 size-medium\" srcset=\"https:\/\/invanep.com\/congreso-2022\/wp-content\/uploads\/2021\/12\/Foto-Fernando-Mulas-2-224x300.jpg 224w, https:\/\/invanep.com\/congreso-2022\/wp-content\/uploads\/2021\/12\/Foto-Fernando-Mulas-2.jpg 554w\" sizes=\"(max-width: 224px) 100vw, 224px\" \/><\/figure><div class=\"wp-block-media-text__content\">\n<p>Cuando la epidemia de Covid-19 puso tan cuesta arriba la celebraci\u00f3n de las reuniones cient\u00edficas y congresos, no imagin\u00e1bamos al respecto una evoluci\u00f3n tan favorable como la que se ha producido, cumpli\u00e9ndose en nuestro caso la <strong>tercera ley de la din\u00e1mica<\/strong>: el principio de acci\u00f3n y reacci\u00f3n, que dice que cuando un cuerpo act\u00faa sobre otro realizando una fuerza, el segundo realiza una fuerza igual y opuesta sobre el primero.<\/p>\n\n\n\n<p>La reacci\u00f3n ha sido tan evidente que, con las presentaciones ON LINE, muchas actividades han multiplicado sus audiencias. Las reuniones cient\u00edficas se han universalizado con el beneficio que ello supone para la ciencia y tem\u00e1ticas como la que nos ocupa sobre los <strong>TRASTORNOS DEL NEURODESARROLLO<\/strong>, estando a punto en nuestro caso de celebrar el <strong>cuarto de siglo<\/strong> de la celebraci\u00f3n de estos cursos y congresos. Todas las conferencias de los \u00faltimos Congresos sobre Trastornos del Neurodesarrollo est\u00e1n disponibles en <a href=\"https:\/\/invanep.com\/cursos\/formacion-continuada\">https:\/\/invanep.com\/cursos\/formacion-continuada<\/a>.<\/p>\n<\/div><\/div>\n\n\n\n<div style=\"height:17px\" aria-hidden=\"true\" class=\"wp-block-spacer\"><\/div>\n\n\n\n<div class=\"wp-block-media-text alignwide has-media-on-the-right is-stacked-on-mobile\" style=\"grid-template-columns:auto 33%\"><figure class=\"wp-block-media-text__media\"><a href=\"https:\/\/invanep.com\/congreso-2022\/wp-content\/uploads\/2021\/11\/POSTER-1-1.pdf\"><img loading=\"lazy\" width=\"683\" height=\"1024\" src=\"https:\/\/invanep.com\/congreso-2022\/wp-content\/uploads\/2021\/11\/POSTER--683x1024.jpg\" alt=\"\" class=\"wp-image-145 size-full\" srcset=\"https:\/\/invanep.com\/congreso-2022\/wp-content\/uploads\/2021\/11\/POSTER--683x1024.jpg 683w, https:\/\/invanep.com\/congreso-2022\/wp-content\/uploads\/2021\/11\/POSTER--200x300.jpg 200w, https:\/\/invanep.com\/congreso-2022\/wp-content\/uploads\/2021\/11\/POSTER--768x1152.jpg 768w, https:\/\/invanep.com\/congreso-2022\/wp-content\/uploads\/2021\/11\/POSTER--1024x1536.jpg 1024w, https:\/\/invanep.com\/congreso-2022\/wp-content\/uploads\/2021\/11\/POSTER-.jpg 1181w\" sizes=\"(max-width: 683px) 100vw, 683px\" \/><\/a><\/figure><div class=\"wp-block-media-text__content\">\n<p>A la excelencia de los ponentes habituales de reconocido prestigio, que son los que fidelizan a los asistentes, se unen en esta <strong>XXIV<\/strong> edici\u00f3n tres ponentes de excepci\u00f3n de los Estados Unidos: el Dr. A. Torres (Boston) que se incorpora por primera vez, y tras a\u00f1os de ausencia tenemos el honor de recibir de nuevo en este foro a la Dra. M.T. Acosta (Bethesda, Washington), y &nbsp;al Dr. F.X. Castellanos (New York).<\/p>\n\n\n\n<p>Se impartir\u00e1n <strong>14 ponencias plenarias<\/strong>, con la singularidad de que en esta edici\u00f3n recuperamos la tradici\u00f3n de editar un suplemento especial de la revista <strong><u>MEDICINA<\/u><\/strong> (Buenos Aires), que incluir\u00e1 tanto los manuscritos de las ponencias, como los abstracts de las <strong>POSTERS Libres <\/strong>sobre Neurodesarrollo (ver normas en la web del congreso), que figurar\u00e1n en el programa final.<\/p>\n\n\n\n<p>Con la seguridad de que las presentaciones y sus coloquios ser\u00e1n como siempre de gran inter\u00e9s, esperamos la mayor participaci\u00f3n. \u00a1Bienvenidos de nuevo a Valencia online!<\/p>\n\n\n\n<p>Dr. Fernando Mulas<\/p>\n\n\n\n<p>Presidente del Comit\u00e9 Organizador<br>XXIV Congreso Trastornos Neurodesarrollo<\/p>\n<\/div><\/div>\n","protected":false},"excerpt":{"rendered":"<p>Cuando la epidemia de Covid-19 puso tan cuesta arriba la celebraci\u00f3n de las reuniones cient\u00edficas y congresos, no imagin\u00e1bamos al &hellip; <\/p>\n","protected":false},"author":1,"featured_media":0,"parent":0,"menu_order":0,"comment_status":"closed","ping_status":"closed","template":"","meta":[],"_links":{"self":[{"href":"https:\/\/invanep.com\/congreso-2022\/wp-json\/wp\/v2\/pages\/15"}],"collection":[{"href":"https:\/\/invanep.com\/congreso-2022\/wp-json\/wp\/v2\/pages"}],"about":[{"href":"https:\/\/invanep.com\/congreso-2022\/wp-json\/wp\/v2\/types\/page"}],"author":[{"embeddable":true,"href":"https:\/\/invanep.com\/congreso-2022\/wp-json\/wp\/v2\/users\/1"}],"replies":[{"embeddable":true,"href":"https:\/\/invanep.com\/congreso-2022\/wp-json\/wp\/v2\/comments?post=15"}],"version-history":[{"count":14,"href":"https:\/\/invanep.com\/congreso-2022\/wp-json\/wp\/v2\/pages\/15\/revisions"}],"predecessor-version":[{"id":178,"href":"https:\/\/invanep.com\/congreso-2022\/wp-json\/wp\/v2\/pages\/15\/revisions\/178"}],"wp:attachment":[{"href":"https:\/\/invanep.com\/congreso-2022\/wp-json\/wp\/v2\/media?parent=15"}],"curies":[{"name":"wp","href":"https:\/\/api.w.org\/{rel}","templated":true}]}}