{"id":580,"date":"2021-03-05T09:03:21","date_gmt":"2021-03-05T09:03:21","guid":{"rendered":"https:\/\/invanep.com\/congreso-2021\/?page_id=580"},"modified":"2021-03-05T10:11:16","modified_gmt":"2021-03-05T10:11:16","slug":"rubio","status":"publish","type":"page","link":"https:\/\/invanep.com\/congreso-2021\/rubio\/","title":{"rendered":""},"content":{"rendered":"\n<figure class=\"wp-block-image size-large is-resized is-style-default\"><a href=\"https:\/\/campusrubio.com\/\" target=\"_blank\" rel=\"noopener noreferrer\"><img loading=\"lazy\" src=\"https:\/\/invanep.com\/congreso-2021\/wp-content\/uploads\/2021\/03\/Logo-campusrubio-1024x480.png\" alt=\"\" class=\"wp-image-593\" width=\"286\" height=\"133\" srcset=\"https:\/\/invanep.com\/congreso-2021\/wp-content\/uploads\/2021\/03\/Logo-campusrubio-1024x480.png 1024w, https:\/\/invanep.com\/congreso-2021\/wp-content\/uploads\/2021\/03\/Logo-campusrubio-300x141.png 300w, https:\/\/invanep.com\/congreso-2021\/wp-content\/uploads\/2021\/03\/Logo-campusrubio-768x360.png 768w, https:\/\/invanep.com\/congreso-2021\/wp-content\/uploads\/2021\/03\/Logo-campusrubio-1536x720.png 1536w, https:\/\/invanep.com\/congreso-2021\/wp-content\/uploads\/2021\/03\/Logo-campusrubio-2048x960.png 2048w\" sizes=\"(max-width: 286px) 100vw, 286px\" \/><\/a><\/figure>\n\n\n\n<h1 class=\"has-text-align-center has-huge-font-size\">\u00a1MUY PRONTO!<\/h1>\n\n\n\n<p class=\"has-text-align-center has-large-font-size\">Una nueva plataforma de formaci\u00f3n y actualidad m\u00e9dica dise\u00f1ada para ti.<\/p>\n\n\n\n<figure class=\"wp-block-image size-full is-resized is-style-default\"><a href=\"https:\/\/campusrubio.com\/\" target=\"_blank\" rel=\"noopener noreferrer\"><img loading=\"lazy\" src=\"https:\/\/invanep.com\/congreso-2021\/wp-content\/uploads\/2021\/03\/SGP_003_HC_JJ_RUBIO_firmamail.jpg\" alt=\"\" class=\"wp-image-581\" width=\"1371\" height=\"427\" srcset=\"https:\/\/invanep.com\/congreso-2021\/wp-content\/uploads\/2021\/03\/SGP_003_HC_JJ_RUBIO_firmamail.jpg 652w, https:\/\/invanep.com\/congreso-2021\/wp-content\/uploads\/2021\/03\/SGP_003_HC_JJ_RUBIO_firmamail-300x94.jpg 300w\" sizes=\"(max-width: 1371px) 100vw, 1371px\" \/><\/a><\/figure>\n\n\n\n<p><\/p>\n\n\n\n<p><\/p>\n\n\n\n<div class=\"wp-block-image is-style-default\"><figure class=\"aligncenter size-large is-resized\"><a href=\"https:\/\/www.laboratoriosrubio.com\/\" target=\"_blank\" rel=\"noopener noreferrer\"><img loading=\"lazy\" src=\"https:\/\/invanep.com\/congreso-2021\/wp-content\/uploads\/2021\/01\/RUBIO-1.png\" alt=\"\" class=\"wp-image-310\" width=\"269\" height=\"160\" srcset=\"https:\/\/invanep.com\/congreso-2021\/wp-content\/uploads\/2021\/01\/RUBIO-1.png 400w, https:\/\/invanep.com\/congreso-2021\/wp-content\/uploads\/2021\/01\/RUBIO-1-300x179.png 300w\" sizes=\"(max-width: 269px) 100vw, 269px\" \/><\/a><\/figure><\/div>\n\n\n\n<p><\/p>\n","protected":false},"excerpt":{"rendered":"<p>\u00a1MUY PRONTO! Una nueva plataforma de formaci\u00f3n y actualidad m\u00e9dica dise\u00f1ada para ti.<\/p>\n","protected":false},"author":1,"featured_media":0,"parent":0,"menu_order":0,"comment_status":"closed","ping_status":"closed","template":"","meta":[],"_links":{"self":[{"href":"https:\/\/invanep.com\/congreso-2021\/wp-json\/wp\/v2\/pages\/580"}],"collection":[{"href":"https:\/\/invanep.com\/congreso-2021\/wp-json\/wp\/v2\/pages"}],"about":[{"href":"https:\/\/invanep.com\/congreso-2021\/wp-json\/wp\/v2\/types\/page"}],"author":[{"embeddable":true,"href":"https:\/\/invanep.com\/congreso-2021\/wp-json\/wp\/v2\/users\/1"}],"replies":[{"embeddable":true,"href":"https:\/\/invanep.com\/congreso-2021\/wp-json\/wp\/v2\/comments?post=580"}],"version-history":[{"count":14,"href":"https:\/\/invanep.com\/congreso-2021\/wp-json\/wp\/v2\/pages\/580\/revisions"}],"predecessor-version":[{"id":597,"href":"https:\/\/invanep.com\/congreso-2021\/wp-json\/wp\/v2\/pages\/580\/revisions\/597"}],"wp:attachment":[{"href":"https:\/\/invanep.com\/congreso-2021\/wp-json\/wp\/v2\/media?parent=580"}],"curies":[{"name":"wp","href":"https:\/\/api.w.org\/{rel}","templated":true}]}}